{"id":108,"date":"2021-06-23T12:56:28","date_gmt":"2021-06-23T10:56:28","guid":{"rendered":"https:\/\/www.asso-unil.ch\/cineclub\/?page_id=108"},"modified":"2026-04-01T10:27:52","modified_gmt":"2026-04-01T08:27:52","slug":"cine-club-unil","status":"publish","type":"page","link":"https:\/\/www.asso-unil.ch\/cineclub\/cine-club-unil\/","title":{"rendered":"Le Cin\u00e9-club UNIL"},"content":{"rendered":"\n<p>Fond\u00e9 dans les ann\u00e9es 1950, le Cin\u00e9-club universitaire de Lausanne est une association culturelle incontournable sur le campus de Dorigny. Chaque semestre, il \u00e9labore un cycle de projections th\u00e9matique, des s\u00e9ances avec des invit\u00e9\u00b7exs, ou encore un cin\u00e9-concert lors du Festival F\u00e9cule. Les membres du Cin\u00e9-club participent \u00e9galement \u00e0 la programmation et l\u2019animation d\u2019\u00e9v\u00e9nements organis\u00e9s en collaboration avec des associations, cin\u00e9mas ou festivals de la r\u00e9gion. Ensemble, iels d\u00e9fendent des \u0153uvres esth\u00e9tiquement et th\u00e9matiquement importantes, ainsi qu\u2019un acc\u00e8s \u00e0 la culture pour tous\u00b7texs.<\/p>\n\n\n\n<p>En parall\u00e8le de ces \u00e9v\u00e9nements, les membres de l&rsquo;association proposent, sur le site et les r\u00e9seaux sociaux du Cin\u00e9-club, des critiques de films lors de leur sortie au cin\u00e9ma, des analyses d\u2019\u0153uvres classiques et des chroniques audio.<\/p>\n\n\n\n<p>Pour rejoindre le Cin\u00e9-club et participer \u00e0 la diffusion de la culture cin\u00e9matographique sur le campus de Dorigny, adressez-vous aux membres du comit\u00e9 lors des \u00e9v\u00e9nements ou <a href=\"https:\/\/www.asso-unil.ch\/cineclub\/contact\/\">\u00e9crivez-nous<\/a> !<\/p>\n\n\n\n<hr class=\"wp-block-separator has-css-opacity is-style-wide\" \/>\n\n\n\n<h3 class=\"wp-block-heading\"><strong>Le comit\u00e9 du Cin\u00e9-club<\/strong><\/h3>\n\n\n\n<div class=\"wp-block-group is-vertical is-layout-flex wp-container-core-group-is-layout-8cf370e7 wp-block-group-is-layout-flex\">\n<div class=\"wp-block-group is-vertical is-layout-flex wp-container-core-group-is-layout-8cf370e7 wp-block-group-is-layout-flex\">\n<p><\/p>\n\n\n\n<p>Le comit\u00e9 ex\u00e9cutif :<\/p>\n\n\n\n<p class=\"has-text-align-left\">Nathan Kunz <em>&#8211; Pr\u00e9sident<\/em> <br>Sirine Plata et Sophie Devanth\u00e9ry &#8211; <em>Responsables technique<\/em><br>Emma Wolf <em>&#8211; Secr\u00e9taire<\/em><br>Jacques Rossier <em>&#8211; Tr\u00e9sorier<\/em><br>Dimitri Nouveau <em>&#8211; Responsable communication<\/em><br>Lara Feiss <em>&#8211; Responsable critiques et cr\u00e9ation web<\/em><\/p>\n\n\n\n<p class=\"has-text-align-left\">Nicolas Gay &#8211; <em>Responsable catering<\/em><\/p>\n\n\n\n<p>Lexi Fretz &#8211; <em>Responsable Letterboxd<\/em><\/p>\n<\/div>\n<\/div>\n\n\n\n<hr class=\"wp-block-separator has-alpha-channel-opacity is-style-default\" \/>\n\n\n\n<div class=\"wp-block-group is-vertical is-layout-flex wp-container-core-group-is-layout-8cf370e7 wp-block-group-is-layout-flex\">\n<p>Winona-Lou Clot<br>Kieran Steinhauser<br>L\u00e9onie Nussbaum<\/p>\n\n\n\n<p>J\u00e9r\u00e9mie Abbet<\/p>\n\n\n\n<p>Djo-Berthi Mputu<br>Anna\u00eblle Poget<\/p>\n\n\n\n<p>Jimmy Capdevilla<\/p>\n\n\n\n<p>Mathilde Panchaud<\/p>\n\n\n\n<p>Milena Martic<\/p>\n\n\n\n<p>Thomas Scherer<\/p>\n\n\n\n<p>Eug\u00e8ne Patriliak<\/p>\n<\/div>\n\n\n\n<p><\/p>\n\n\n\n<p>Le comit\u00e9 est \u00e9galement soutenu par une dizaine de membres de l&rsquo;association!<\/p>\n","protected":false},"excerpt":{"rendered":"<p>Fond\u00e9 dans les ann\u00e9es 1950, le Cin\u00e9-club universitaire de Lausanne est une association culturelle incontournable sur le campus de Dorigny. Chaque semestre, il \u00e9labore un cycle de projections th\u00e9matique, des s\u00e9ances avec &hellip; <\/p>\n","protected":false},"author":1001228,"featured_media":0,"parent":0,"menu_order":0,"comment_status":"closed","ping_status":"closed","template":"","meta":{"_seopress_robots_primary_cat":"","_seopress_titles_title":"","_seopress_titles_desc":"","_seopress_robots_index":"","footnotes":""},"class_list":["post-108","page","type-page","status-publish"],"_links":{"self":[{"href":"https:\/\/www.asso-unil.ch\/cineclub\/wp-json\/wp\/v2\/pages\/108","targetHints":{"allow":["GET"]}}],"collection":[{"href":"https:\/\/www.asso-unil.ch\/cineclub\/wp-json\/wp\/v2\/pages"}],"about":[{"href":"https:\/\/www.asso-unil.ch\/cineclub\/wp-json\/wp\/v2\/types\/page"}],"author":[{"embeddable":true,"href":"https:\/\/www.asso-unil.ch\/cineclub\/wp-json\/wp\/v2\/users\/1001228"}],"replies":[{"embeddable":true,"href":"https:\/\/www.asso-unil.ch\/cineclub\/wp-json\/wp\/v2\/comments?post=108"}],"version-history":[{"count":5,"href":"https:\/\/www.asso-unil.ch\/cineclub\/wp-json\/wp\/v2\/pages\/108\/revisions"}],"predecessor-version":[{"id":3209,"href":"https:\/\/www.asso-unil.ch\/cineclub\/wp-json\/wp\/v2\/pages\/108\/revisions\/3209"}],"wp:attachment":[{"href":"https:\/\/www.asso-unil.ch\/cineclub\/wp-json\/wp\/v2\/media?parent=108"}],"curies":[{"name":"wp","href":"https:\/\/api.w.org\/{rel}","templated":true}]}}