{"id":81,"date":"2013-01-03T12:47:27","date_gmt":"2013-01-03T11:47:27","guid":{"rendered":"http:\/\/www.asso-unil.ch\/choeur\/?page_id=81"},"modified":"2024-03-21T23:36:24","modified_gmt":"2024-03-21T22:36:24","slug":"formatrices-vocales","status":"publish","type":"page","link":"https:\/\/www.asso-unil.ch\/choeur\/association\/formatrices-vocales\/","title":{"rendered":"Formatrice vocale"},"content":{"rendered":"<h3>Marie-H\u00e9l\u00e8ne Essade, soprano<\/h3>\n<p style=\"text-align: justify\"><img alt=\"\" loading=\"lazy\" decoding=\"async\" class=\"wp-image-2181  alignleft\" src=\"https:\/\/www.asso-unil.ch\/choeur\/files\/2024\/03\/Marie-Helene-photo-225x300.jpg\" alt=\"\" width=\"253\" height=\"338\" srcset=\"https:\/\/www.asso-unil.ch\/choeur\/files\/2024\/03\/Marie-Helene-photo-225x300.jpg 225w, https:\/\/www.asso-unil.ch\/choeur\/files\/2024\/03\/Marie-Helene-photo.jpg 232w\" sizes=\"auto, (max-width: 253px) 100vw, 253px\" \/>Marie-H\u00e9l\u00e8ne Essade obtient un Premier Prix de Virtuosit\u00e9 avec F\u00e9licitations du Jury \u00e0 la Haute \u00c9cole de Musique de Lausanne. Elle re\u00e7oit la m\u00eame ann\u00e9e le Prix de la Fondation Kiefer-Hablitzel ainsi qu\u2019une une bourse de l\u2019Association suisse des Musiciens.<\/p>\n<p>Membre professionnel de l\u2019Ensemble Vocal de Lausanne, dirig\u00e9 par Michel Corboz, elle s\u2019y produit comme choriste puis comme soliste dans de nombreux concerts, enregistrements et tourn\u00e9es \u00e0 l\u2019\u00e9tranger.<\/p>\n<p>Elle part ensuite aux USA o\u00f9 elle est engag\u00e9e dans le prestigieux Choeur du Lyric Opera House de Chicago.<\/p>\n<p>Apr\u00e8s les Etats-Unis elle part \u00e0 Rome o\u00f9 elle collabore avec le chef Flavio Colusso et son Ensemble&nbsp;Seicentonovecento&nbsp;.<\/p>\n<p>Elle a chant\u00e9 sous la direction de chefs d\u2019orchestre tels que Michel Corboz, V\u00e9ronique Carrot, Simon Ott, Christophe Gesseney, R. Mayor, N. Reymond, E. Pomerico, Laurent Gay, L. Baghdassarian, Gyorgi G. Rath, C. Thielemann, Christophe Rousset.<\/p>\n<p>Son r\u00e9pertoire touche l\u2019Oratorio, l\u2019Op\u00e9ra (elle interpr\u00e8te entre autres <em>Cherubino<\/em> des Noces de Figaro de Mozart, un <em>Lehrbube<\/em> des Ma\u00eetres Chanteurs de Wagner, <em>L<\/em><em>\u2019Ecureuil<\/em>, <em>La Chatte<\/em> et <em>La Berg<\/em><em>\u00e8<\/em><em>re<\/em> dans L\u2019Enfant et les Sortil\u00e8ges de Ravel, <em>Mathurine<\/em> dans L\u2019Ivrogne corrig\u00e9 de Gl\u00fcck, <em>La P<\/em><em>\u00e9<\/em><em>richole<\/em> d\u2019Offenbach, <em>B<\/em><em>\u00e9<\/em><em>lise<\/em> dans Roland de Lully) et la Musique contemporaine au sein des solistes de l\u2019Ensemble S\u00e9quence dirig\u00e9 par Laurent Gay.<\/p>\n<p>Elle fait partie de l\u2019Ensemble vocal de Poche, de l\u2019Acad\u00e9mie vocale de Suisse romande dirig\u00e9 par R. Bouvier et D. Tille, ainsi que de l\u2019Ensemble genevois Gli Angeli. Dans ses enregistrements, on trouve la <em>Messe <\/em>de Stravinsky avec l\u2019Orchestre du Festival Amadeus (Dinemec), l\u2019op\u00e9ra <em>Roland <\/em>de Lully avec les Talens Lyriques dirig\u00e9s par Christophe Rousset (Na\u00efve), des Cantates baroques avec Gli Angeli (Sony), dirig\u00e9 par Stephan Mac Leod.<\/p>\n<p>Parall\u00e8lement \u00e0 ses activit\u00e9s solistiques, elle est professeure de chant \u00e0 l\u2019Ecole de Musique de Cossonay, coach vocal du ch\u0153ur de L\u2019Universit\u00e9\/EPFL de Lausanne et du choeur de la Cit\u00e9, est ma\u00eetre de stage pour les \u00ab Masters in Pedagogy \u00bb \u00e0 la HEM de Lausanne, et formatrice de culture vocale au sein de l\u2019Association vaudoise des Directeurs de ch\u0153urs (AVDC).<\/p>\n<p>Marie-H\u00e9l\u00e8ne Essade Mariaux<br \/>\nCh. de Belmonthoux 15<br \/>\n1008 Prilly<br \/>\n021 601 31 29<br \/>\n078 677 48 78<br \/>\nmhessade@yahoo.com<br \/>\nmarie-helene-essade.ch<\/p>\n","protected":false},"excerpt":{"rendered":"<p>Marie-H\u00e9l\u00e8ne Essade, soprano Marie-H\u00e9l\u00e8ne Essade obtient un Premier Prix de Virtuosit\u00e9 avec F\u00e9licitations du Jury \u00e0 la Haute \u00c9cole de Musique de Lausanne. Elle re\u00e7oit la m\u00eame ann\u00e9e le Prix [&hellip;]<\/p>\n","protected":false},"author":34,"featured_media":0,"parent":14,"menu_order":3,"comment_status":"closed","ping_status":"closed","template":"","meta":{"_seopress_robots_primary_cat":"","_seopress_titles_title":"","_seopress_titles_desc":"","_seopress_robots_index":"","footnotes":""},"class_list":["post-81","page","type-page","status-publish"],"_links":{"self":[{"href":"https:\/\/www.asso-unil.ch\/choeur\/wp-json\/wp\/v2\/pages\/81","targetHints":{"allow":["GET"]}}],"collection":[{"href":"https:\/\/www.asso-unil.ch\/choeur\/wp-json\/wp\/v2\/pages"}],"about":[{"href":"https:\/\/www.asso-unil.ch\/choeur\/wp-json\/wp\/v2\/types\/page"}],"author":[{"embeddable":true,"href":"https:\/\/www.asso-unil.ch\/choeur\/wp-json\/wp\/v2\/users\/34"}],"replies":[{"embeddable":true,"href":"https:\/\/www.asso-unil.ch\/choeur\/wp-json\/wp\/v2\/comments?post=81"}],"version-history":[{"count":0,"href":"https:\/\/www.asso-unil.ch\/choeur\/wp-json\/wp\/v2\/pages\/81\/revisions"}],"up":[{"embeddable":true,"href":"https:\/\/www.asso-unil.ch\/choeur\/wp-json\/wp\/v2\/pages\/14"}],"wp:attachment":[{"href":"https:\/\/www.asso-unil.ch\/choeur\/wp-json\/wp\/v2\/media?parent=81"}],"curies":[{"name":"wp","href":"https:\/\/api.w.org\/{rel}","templated":true}]}}