{"id":54,"date":"2013-01-03T12:21:05","date_gmt":"2013-01-03T11:21:05","guid":{"rendered":"http:\/\/www.asso-unil.ch\/choeur\/?page_id=54"},"modified":"2024-03-22T16:57:21","modified_gmt":"2024-03-22T15:57:21","slug":"pianistes","status":"publish","type":"page","link":"https:\/\/www.asso-unil.ch\/choeur\/association\/pianistes\/","title":{"rendered":"Pianistes"},"content":{"rendered":"<h3>&nbsp;<\/h3>\n<h3>Atena Carte : Premi\u00e8re pianiste<\/h3>\n<p style=\"text-align: justify\"><img alt=\"\" loading=\"lazy\" decoding=\"async\" class=\"wp-image-2201  alignleft\" src=\"https:\/\/www.asso-unil.ch\/choeur\/files\/2024\/03\/Capture-decran-2024-03-22-a-16.54.56-215x300.png\" alt=\"\" width=\"283\" height=\"395\" srcset=\"https:\/\/www.asso-unil.ch\/choeur\/files\/2024\/03\/Capture-decran-2024-03-22-a-16.54.56-215x300.png 215w, https:\/\/www.asso-unil.ch\/choeur\/files\/2024\/03\/Capture-decran-2024-03-22-a-16.54.56-734x1024.png 734w, https:\/\/www.asso-unil.ch\/choeur\/files\/2024\/03\/Capture-decran-2024-03-22-a-16.54.56-768x1072.png 768w, https:\/\/www.asso-unil.ch\/choeur\/files\/2024\/03\/Capture-decran-2024-03-22-a-16.54.56.png 1036w\" sizes=\"auto, (max-width: 283px) 100vw, 283px\" \/>La pianiste Atena Carte est n\u00e9e \u00e0 Timisoara en Roumanie. Apr\u00e8s l\u2019obtention du baccalaur\u00e9at, elle est admise \u00e0 l\u2019Acad\u00e9mie de musique de Timisoara qui lui d\u00e9cerne 5 ans plus tard la Licence d\u2019enseignement et de concertiste. Elle participe \u00e0 diverses master-classes internationales de piano et de musique de chambre notamment avec Jean-Fran\u00e7ois Antonioli, Jacques Saint-Yves, Axel Bauniet et Fran\u00e7ois-Ren\u00e9 Duch\u00e2ble.<\/p>\n<p>Apr\u00e8s l\u2019obtention des Dipl\u00f4mes de concert (2002) et de soliste (2004), tous deux avec les f\u00e9licitations du jury, \u00e0 la Haute Ecole de Musique de Lausanne (HEMU), classe de Jean-Fran\u00e7ois Antonioli, elle obtient le Dipl\u00f4me de concert de musique de chambre \u00e0 la Z\u00fcrcher Hochschule der K\u00fcnste Z\u00fcrich (ZhdK).<\/p>\n<p>R\u00e9cemment, Atena Carte obtient le Certificate of advanced studies (CAS) en gestion de projets culturels \u00e0 la Haute Ecole de Musique de Gen\u00e8ve (HEM).<\/p>\n<p>Entre 2000 et 2002 elle est boursi\u00e8re de la Conf\u00e9d\u00e9ration Suisse et re\u00e7oit \u00e9galement le Prix de la Soci\u00e9t\u00e9 Paderewski.<\/p>\n<p>Depuis mars 2007 elle occupe un poste de pianiste \u00e0 la Z\u00fcrcher Hochschule der K\u00fcnste (ZhdK Z\u00fcrich) et depuis 2018 celui de professeur de piano au Conservatoire de Musique de Lausanne.<\/p>\n<p>Depuis 2021 elle est coach pour les pianistes de l\u2019Acad\u00e9mie du Festival de Verbier.<\/p>\n<p>Elle occupe \u00e9galement le poste d\u2019organiste \u00e0 l\u2019\u00e9glise de Crissier et, depuis 2010, celui de directrice artistique de l\u2019association de concerts ACRISCO.<\/p>\n<p>Parall\u00e8lement \u00e0 ses activit\u00e9s d\u2019enseignement, elle se produit r\u00e9guli\u00e8rement en concert. Titulaire de 9 prix nationaux et internationaux, elle est invit\u00e9e pour des r\u00e9citals, concerts de musique de chambre et concerts avec orchestre tant en Suisse qu\u2019\u00e0 l\u2019\u00e9tranger (Roumanie, Serbie, Moldavie, Italie, Su\u00e8de, Allemagne, Danemark, Angleterre, France, Espagne, R\u00e9publique Tch\u00e8que, Etats-Unis).<\/p>\n<p>De m\u00eame elle est l\u2019h\u00f4te de divers festivals en Suisse (Festival de Verbier, St. Prex Festival, Murten Classics, Musique et Montagne, Septembre musical Montreux, Piano \u00e0 Saint-Ursanne et \u00e0 l\u2019\u00e9tranger (Musique en Ecrins, France, Festival de Musique Oravita, Roumanie, Carnegie Hall, New York, avec l\u2019ensemble Alta\u00efr.<\/p>\n<p>Elle collabore avec les plus prestigieux orchestres suisses, notamment Tonhalle Z\u00fcrich, Opernhaus Z\u00fcrich, Orchestre de la Suisse Romande (OSR), Orchestre Symphonique Bern et Sinfonietta Lausanne.<\/p>\n<p>Elle a enregistr\u00e9 plusieurs CD, dont \u00ab&nbsp;Maria de Buenos Aires&nbsp;\u00bb et \u00ab&nbsp;Tangos&nbsp;\u00bb de A. Piazzola avec l\u2019ensemble Triade \u00bb (Classico), Musique Fran\u00e7aise pour violon et piano avec Rachel Kolly (Artlab), les Sept Ha\u00efka\u00ef d\u2019Exotique d\u2019Olivier Messian (ZhdK Z\u00fcrich) et, avec Ana Oltean et Joel Marosi des pi\u00e8ces pour fl\u00fbte, violoncelle et piano de G\u00fcnter Raphael.<\/p>\n<p>Atena CARTE<br \/>\nVallombreuse 101<br \/>\n1008 Prilly<br \/>\n079 614 00 62<br \/>\natenacarte@yahoo.com<\/p>\n<p>&nbsp;<\/p>\n<h3>Philippe Zahnd : pianiste rempla\u00e7ant<\/h3>\n<p style=\"text-align: justify\"><a href=\"https:\/\/www.asso-unil.ch\/choeur\/files\/2013\/01\/Philippe_Zahnd.jpg\"><img alt=\"\" loading=\"lazy\" decoding=\"async\" class=\"alignleft size-thumbnail wp-image-76\" src=\"https:\/\/www.asso-unil.ch\/choeur\/files\/2013\/01\/Philippe_Zahnd-150x150.jpg\" alt=\"\" width=\"150\" height=\"150\"><\/a>Philippe Zahnd commence l\u2019\u00e9tude du piano \u00e0 l\u2019\u00e2ge de six ans et travaille pendant huit ans avec Edith Fischer \u00e0 Vevey. Une bourse d\u2019\u00e9tudes lui permet d\u2019\u00e9tudier trois ann\u00e9es \u00e0 la Juilliard School de New York, dans les classes de Ad\u00e8le Marcus puis Gy\u00f6rgy S\u00e1ndor et il obtient ses Bachelor\u2019s et Master\u2019s Degrees en 1986.<\/p>\n<p style=\"text-align: justify\">Il remporte \u00e0 deux reprises le 1er prix des Jeunesses Musicales Suisses. Aux Etats-Unis on lui d\u00e9cerne le 2\u00e8me prix du Concours Five Towns et le 1er prix du Concours du Piano Teachers Congress of New York. Un concours de la Juilliard School lui donne l\u2019occasion de jouer le premier Concerto de Bart\u00f3k \u00e0 Alice Tully Hall. Il est premier finaliste lors du Concours Clara Haskil 1985.<\/p>\n<p style=\"text-align: justify\">Il a donn\u00e9 des concerts en Europe et aux Etats-Unis, a jou\u00e9 avec l\u2019Orchestre de Chambre de Lausanne, le Juilliard Symphony Orchestra, l\u2019Orchestre des Jeunesses Musicales Suisses, l\u2019Orchestre symphonique d\u2019Aarau, la Camerata de Berne et le Nouvel Orchestre de Montreux. En Suisse il s\u2019est produit dans le cadre du Septembre musical de Montreux, des Concerts-Club Migros, du Festival de Bellerive, du Festival Ars Musica, de Musique-Esp\u00e9rance et du Festival des Haud\u00e8res. Il continue \u00e0 donner r\u00e9guli\u00e8rement des concerts, en privil\u00e9giant la musique de chambre et vocale.<\/p>\n<p>philippe.zahnd@bluewin.ch<\/p>\n<p style=\"text-align: justify\">&nbsp;<\/p>\n","protected":false},"excerpt":{"rendered":"<p>&nbsp; Atena Carte : Premi\u00e8re pianiste La pianiste Atena Carte est n\u00e9e \u00e0 Timisoara en Roumanie. Apr\u00e8s l\u2019obtention du baccalaur\u00e9at, elle est admise \u00e0 l\u2019Acad\u00e9mie de musique de Timisoara qui [&hellip;]<\/p>\n","protected":false},"author":34,"featured_media":0,"parent":14,"menu_order":2,"comment_status":"closed","ping_status":"closed","template":"","meta":{"_seopress_robots_primary_cat":"","_seopress_titles_title":"","_seopress_titles_desc":"","_seopress_robots_index":"","footnotes":""},"class_list":["post-54","page","type-page","status-publish"],"_links":{"self":[{"href":"https:\/\/www.asso-unil.ch\/choeur\/wp-json\/wp\/v2\/pages\/54","targetHints":{"allow":["GET"]}}],"collection":[{"href":"https:\/\/www.asso-unil.ch\/choeur\/wp-json\/wp\/v2\/pages"}],"about":[{"href":"https:\/\/www.asso-unil.ch\/choeur\/wp-json\/wp\/v2\/types\/page"}],"author":[{"embeddable":true,"href":"https:\/\/www.asso-unil.ch\/choeur\/wp-json\/wp\/v2\/users\/34"}],"replies":[{"embeddable":true,"href":"https:\/\/www.asso-unil.ch\/choeur\/wp-json\/wp\/v2\/comments?post=54"}],"version-history":[{"count":0,"href":"https:\/\/www.asso-unil.ch\/choeur\/wp-json\/wp\/v2\/pages\/54\/revisions"}],"up":[{"embeddable":true,"href":"https:\/\/www.asso-unil.ch\/choeur\/wp-json\/wp\/v2\/pages\/14"}],"wp:attachment":[{"href":"https:\/\/www.asso-unil.ch\/choeur\/wp-json\/wp\/v2\/media?parent=54"}],"curies":[{"name":"wp","href":"https:\/\/api.w.org\/{rel}","templated":true}]}}