{"id":52,"date":"2013-01-03T12:20:49","date_gmt":"2013-01-03T11:20:49","guid":{"rendered":"http:\/\/www.asso-unil.ch\/choeur\/?page_id=52"},"modified":"2025-09-03T11:28:35","modified_gmt":"2025-09-03T09:28:35","slug":"directrice","status":"publish","type":"page","link":"https:\/\/www.asso-unil.ch\/choeur\/association\/directrice\/","title":{"rendered":"Directrice"},"content":{"rendered":"<h3>\u00a0<\/h3>\n<h3>Fruzsina Szuromi : Directrice de ch\u0153ur<\/h3>\n<div>\n<p style=\"text-align: justify\"><img alt=\"\" loading=\"lazy\" decoding=\"async\" class=\"wp-image-2175  alignleft\" src=\"https:\/\/www.asso-unil.ch\/choeur\/files\/2024\/03\/Fruzsina-photo-149x300.jpg\" alt=\"\" width=\"266\" height=\"535\" srcset=\"https:\/\/www.asso-unil.ch\/choeur\/files\/2024\/03\/Fruzsina-photo-149x300.jpg 149w, https:\/\/www.asso-unil.ch\/choeur\/files\/2024\/03\/Fruzsina-photo.jpg 455w\" sizes=\"auto, (max-width: 266px) 100vw, 266px\" \/><\/p>\n<p>D\u2019une famille de musiciens, Fruzsina Szuromi grandit dans les coulisses de l\u2019Op\u00e9ra de Budapest. Pendant ses \u00e9tudes professionnelles, elle suit des cours de composition et d\u2019improvisation, travaille sa voix, apprend la basse continue, le clavecin et le clavicorde. Entre l\u2019Acad\u00e9mie Franz Liszt de Budapest et la Haute \u00c9cole de Musique de Gen\u00e8ve, Fruzsina obtient ses titres de directrice de ch\u0153ur, pianiste et sp\u00e9cialiste en m\u00e9thode Kod\u00e1ly.<\/p>\n<p>Durant plus de dix ans, elle a \u00e9t\u00e9 charg\u00e9e de la pr\u00e9paration des projets choraux et formatrice vocale \u00e0 la Haute \u00c9cole de Musique de Gen\u00e8ve, o\u00f9 elle enseigne actuellement la direction de ch\u0153ur d\u2019enfants.<\/p>\n<p>Depuis 2012, elle est responsable du Ch\u0153ur Universitaire de Lausanne de l\u2019UNIL\/EPFL, un grand ch\u0153ur symphonique de plus de cent choristes issus principalement de la communaut\u00e9 universitaire et abordant des \u0153uvres d\u2019oratorio. Sur le m\u00eame campus, elle fonde en 2015 l\u2019Ensemble Vocal Evoh\u00e9, un jeune ch\u0153ur de chambre dynamique privil\u00e9giant le r\u00e9pertoire a cappella et la cr\u00e9ation contemporaine, invit\u00e9 dans des saisons de concert prestigieuses en Suisse et \u00e0 l\u2019\u00e9tranger.<\/p>\n<p>Elle partage \u00e9galement la direction de la Ma\u00eetrise du Conservatoire populaire de Gen\u00e8ve, une joyeuse troupe d\u2019enfants de 5 \u00e0 16 ans, partenaire de grandes institutions comme le Grand Th\u00e9\u00e2tre, l\u2019Orchestre de la Suisse Romande ou l\u2019Orchestre de Chambre de Gen\u00e8ve.<\/p>\n<p>C\u2019est avec un \u00e9gal plaisir que Fruzsina se produit en concert comme pianiste, directrice de ch\u0153ur ou d\u2019orchestre, devant ses ensembles r\u00e9guliers ou en tant qu\u2019invit\u00e9e.<\/p>\n<p>Fruzsina Szuromi<br \/>078 721 39 53<br \/>fruzsina.szuromi@gmail.com<\/p>\n<\/div>\n<p>Photo : @Raffay Zs\u00f3fi<\/p>\n\n\n<p><\/p>\n","protected":false},"excerpt":{"rendered":"<p>\u00a0 Fruzsina Szuromi : Directrice de ch\u0153ur D\u2019une famille de musiciens, Fruzsina Szuromi grandit dans les coulisses de l\u2019Op\u00e9ra de Budapest. Pendant ses \u00e9tudes professionnelles, elle suit des cours de [&hellip;]<\/p>\n","protected":false},"author":34,"featured_media":0,"parent":14,"menu_order":1,"comment_status":"closed","ping_status":"closed","template":"","meta":{"_seopress_robots_primary_cat":"","_seopress_titles_title":"","_seopress_titles_desc":"","_seopress_robots_index":"","footnotes":""},"class_list":["post-52","page","type-page","status-publish"],"_links":{"self":[{"href":"https:\/\/www.asso-unil.ch\/choeur\/wp-json\/wp\/v2\/pages\/52","targetHints":{"allow":["GET"]}}],"collection":[{"href":"https:\/\/www.asso-unil.ch\/choeur\/wp-json\/wp\/v2\/pages"}],"about":[{"href":"https:\/\/www.asso-unil.ch\/choeur\/wp-json\/wp\/v2\/types\/page"}],"author":[{"embeddable":true,"href":"https:\/\/www.asso-unil.ch\/choeur\/wp-json\/wp\/v2\/users\/34"}],"replies":[{"embeddable":true,"href":"https:\/\/www.asso-unil.ch\/choeur\/wp-json\/wp\/v2\/comments?post=52"}],"version-history":[{"count":3,"href":"https:\/\/www.asso-unil.ch\/choeur\/wp-json\/wp\/v2\/pages\/52\/revisions"}],"predecessor-version":[{"id":3146,"href":"https:\/\/www.asso-unil.ch\/choeur\/wp-json\/wp\/v2\/pages\/52\/revisions\/3146"}],"up":[{"embeddable":true,"href":"https:\/\/www.asso-unil.ch\/choeur\/wp-json\/wp\/v2\/pages\/14"}],"wp:attachment":[{"href":"https:\/\/www.asso-unil.ch\/choeur\/wp-json\/wp\/v2\/media?parent=52"}],"curies":[{"name":"wp","href":"https:\/\/api.w.org\/{rel}","templated":true}]}}