{"id":50,"date":"2013-01-03T12:20:25","date_gmt":"2013-01-03T11:20:25","guid":{"rendered":"http:\/\/www.asso-unil.ch\/choeur\/?page_id=50"},"modified":"2025-10-21T15:22:56","modified_gmt":"2025-10-21T13:22:56","slug":"comite","status":"publish","type":"page","link":"https:\/\/www.asso-unil.ch\/choeur\/association\/comite\/","title":{"rendered":"Comit\u00e9"},"content":{"rendered":"\n<p class=\"has-text-align-left\"><\/p>\n\n\n\n<h3 class=\"wp-block-heading\">Pr\u00e9sidence<\/h3>\n\n\n\n<p>Guillaume C.<br>choeurunil@asso-unil.ch<\/p>\n\n\n\n<h3 class=\"wp-block-heading\">M\u00e9dias, CD et archives<\/h3>\n\n\n\n<p>Emilie M.<br>medias.archives.chul@gmail.com<br><\/p>\n\n\n\n<h3 class=\"wp-block-heading\"><p>\u00c9v\u00e9nementiel et \u00e9changes<\/p><\/h3>\n\n\n\n<p>Antoine R.<br>echange.chul@gmail.com<\/p>\n\n\n\n<h3 class=\"wp-block-heading\"><strong>Sponsoring et publicit\u00e9<\/strong><\/h3>\n\n\n\n<p>Johann B.<br>sponsoring.chul@gmail.com<br><\/p>\n\n\n\n<h3 class=\"wp-block-heading\">Logistique<\/h3>\n\n\n\n<p>Liv S.<br>logistique.chul@gmail.com<\/p>\n\n\n\n<h3 class=\"wp-block-heading\">Affiches, programmes et flyers<\/h3>\n\n\n\n<p>Baptiste L.<br>affiches.chul@gmail.com<\/p>\n\n\n\n<h3 class=\"wp-block-heading\"><strong>Billetterie<\/strong> et mat\u00e9riel<\/h3>\n\n\n\n<p>Antoine D.<br>billetteriemateriel.chul@gmail.com<br><\/p>\n\n\n\n<h3 class=\"wp-block-heading\"><p>Comptabilit\u00e9 et caisse<\/p><\/h3>\n\n\n\n<p>Jeanne B.<br>comptabilite.chul@gmail.com<\/p>\n\n\n\n<p><\/p>\n","protected":false},"excerpt":{"rendered":"<p>Pr\u00e9sidence Guillaume C.choeurunil@asso-unil.ch M\u00e9dias, CD et archives Emilie M.medias.archives.chul@gmail.com \u00c9v\u00e9nementiel et \u00e9changes Antoine R.echange.chul@gmail.com Sponsoring et publicit\u00e9 Johann B.sponsoring.chul@gmail.com Logistique Liv S.logistique.chul@gmail.com Affiches, programmes et flyers Baptiste L.affiches.chul@gmail.com Billetterie et [&hellip;]<\/p>\n","protected":false},"author":34,"featured_media":0,"parent":14,"menu_order":0,"comment_status":"closed","ping_status":"closed","template":"templates\/template-full-width.php","meta":{"_seopress_robots_primary_cat":"","_seopress_titles_title":"","_seopress_titles_desc":"","_seopress_robots_index":"","footnotes":""},"class_list":["post-50","page","type-page","status-publish"],"_links":{"self":[{"href":"https:\/\/www.asso-unil.ch\/choeur\/wp-json\/wp\/v2\/pages\/50","targetHints":{"allow":["GET"]}}],"collection":[{"href":"https:\/\/www.asso-unil.ch\/choeur\/wp-json\/wp\/v2\/pages"}],"about":[{"href":"https:\/\/www.asso-unil.ch\/choeur\/wp-json\/wp\/v2\/types\/page"}],"author":[{"embeddable":true,"href":"https:\/\/www.asso-unil.ch\/choeur\/wp-json\/wp\/v2\/users\/34"}],"replies":[{"embeddable":true,"href":"https:\/\/www.asso-unil.ch\/choeur\/wp-json\/wp\/v2\/comments?post=50"}],"version-history":[{"count":5,"href":"https:\/\/www.asso-unil.ch\/choeur\/wp-json\/wp\/v2\/pages\/50\/revisions"}],"predecessor-version":[{"id":3261,"href":"https:\/\/www.asso-unil.ch\/choeur\/wp-json\/wp\/v2\/pages\/50\/revisions\/3261"}],"up":[{"embeddable":true,"href":"https:\/\/www.asso-unil.ch\/choeur\/wp-json\/wp\/v2\/pages\/14"}],"wp:attachment":[{"href":"https:\/\/www.asso-unil.ch\/choeur\/wp-json\/wp\/v2\/media?parent=50"}],"curies":[{"name":"wp","href":"https:\/\/api.w.org\/{rel}","templated":true}]}}