{"id":449,"date":"2013-01-10T17:57:08","date_gmt":"2013-01-10T16:57:08","guid":{"rendered":"http:\/\/www.asso-unil.ch\/choeur\/?page_id=449"},"modified":"2013-01-16T11:33:05","modified_gmt":"2013-01-16T10:33:05","slug":"jean-christophe","status":"publish","type":"page","link":"https:\/\/www.asso-unil.ch\/choeur\/historique\/directeurs-trices\/jean-christophe\/","title":{"rendered":"Jean-Christophe"},"content":{"rendered":"<h3 style=\"text-align: justify\">Jean-Christophe Aubert<\/h3>\n<p style=\"text-align: justify\">Jean-Christophe Aubert a men\u00e9 parall\u00e8lement des \u00e9tudes scientifiques (math\u00e9matiques) et musicales (orgue) \u00e0 Gen\u00e8ve.<\/p>\n<p style=\"text-align: justify\">Depuis 1980, il dirige le Choeur Universitaire de Lausanne, avec lequel il aborde un r\u00e9pertoire \u00e9clectique. \u00c0 l&rsquo;occasion des quelque trente programmes donn\u00e9s en concerts, il a en effet propos\u00e9 des compositeurs aussi diff\u00e9rents que Victoria, Byrd, Sch\u00fctz, Bach, Haydn, Mozart, Brahms, Berlioz, Stravinsky et Frank Martin, Poulenc, Honegger, Berio&#8230; avec toutefois une pr\u00e9dilection pour des oeuvres du 19e et du 20e si\u00e8cle, plus appropri\u00e9es \u00e0 l&rsquo;effectif de l&rsquo;ensemble. Programmes a capella ou avec orchestre, Jean-Christophe Aubert a engag\u00e9 chaque ann\u00e9e avec les choristes des deux Hautes \u00e9coles l&rsquo;\u00e9tude d&rsquo;une oeuvre, d&rsquo;un compositeur ou d&rsquo;une \u00e9poque musicale diff\u00e9rents.<\/p>\n<p style=\"text-align: justify\">Parmi les programmes abord\u00e9s, on retiendra celui consacr\u00e9 aux Cantigas (1991), un concert sous forme d&rsquo;un diptyque : une partie consacr\u00e9e aux cantigas anonymes du 13e si\u00e8cle et l&rsquo;autre \u00e0 l&rsquo;oeuvre du m\u00eame nom de Maurice Ohana ; ce concert a permis de d\u00e9couvrir une filiation saisissante entre la musique mariale au temps d&rsquo;Alphonse le Sage et sa traduction polymorphe par Ohana. On soulignera \u00e9galement la cantate pour choeur et orchestre Vers quel ciel \u00e9blouissant (2002), oeuvre command\u00e9e par le Choeur universitaire au compositeur Eric Gaudibert, compos\u00e9e sur des po\u00e8mes de Fran\u00e7ois Deblu\u00eb. Un travail qui fut enrichi par un dialogue continu entre le compositeur et le choeur, permettant ainsi \u00e0 chaque choriste de se familiariser, puis de saisir le langage du compositeur.<\/p>\n<p style=\"text-align: justify\">En collaboration avec le comit\u00e9 du Choeur Universitaire de Lausanne, Jean-Christophe Aubert a \u00e9galement mis sur pied un certain nombre \u00e9changes avec d&rsquo;autres ensembles universitaires, en Pologne, Belgique, Italie, Espagne et Etats-Unis. On notera \u00e0 ce propos le r\u00e9cent \u00e9change avec le Choir du Massachusetts Institut of Technology (MIT) de Boston : Requiem allemand \u00e0 deux choeurs, de part et d&rsquo;autre de l&rsquo;Atlantique, doubl\u00e9 d&rsquo;un \u00e9change scientifique entre les \u00e9tudiants et chercheurs des deux campus.<\/p>\n<p style=\"text-align: justify\">Avec la complicit\u00e9 de quelques choristes d\u00e9sireux de s&rsquo;engager davantage dans la pratique du chant, Jean-Christophe Aubert fonde en 1983 la Chapelle Vocale de l&rsquo;Universit\u00e9, devenue depuis la Chapelle Vocale de Lausanne. Avec cet ensemble, le r\u00e9pertoire se montre r\u00e9solument baroque. Il dirige les Passions de Bach dans des versions sur instruments anciens (Saint-Mathieu en 1985, Saint-Jean en 1988), et collabore avec un autre ensemble appel\u00e9 \u00e0 porter un regard attentif sur la musique baroque : le Contrepoint de Besan\u00e7on.<\/p>\n<p style=\"text-align: justify\">En 1992, il prend la direction du Labyrinthe de Lyon avec lequel, il poursuit son \u00e9tude de la musique des 16e, 17e et 18e si\u00e8cles. On lui doit, en collaboration avec Catherine Lassalle, professeur de chant au Conservatoire de Saint-\u00c9tienne, un enregistrement CD consacr\u00e9 au psaume huguenot, command\u00e9 par le Mus\u00e9e International de la R\u00e9forme de Gen\u00e8ve, ainsi que des concerts consacr\u00e9s au discours \u00e9nigmatique de Carlo Gesualdo (R\u00e9pons et Madrigaux), Claudio Monteverdi (V\u00eapres et Selva Morale) et Henri Du Mont (Musique pour la Chapelle du Roy). Avec Marinette Extermann, professeur d&rsquo;orgue et de clavecin aux Conservatoires de Gen\u00e8ve, il a r\u00e9cemment donn\u00e9 une int\u00e9grale des Motets de J.-S. Bach et des Concerti brandebourgeois.<\/p>\n<p style=\"text-align: justify\">Jean-Christophe Aubert est \u00e9galement organiste \u00e0 l&rsquo;\u00e9glise Saint-Germain de Gen\u00e8ve, donne des cours de math\u00e9matiques au Coll\u00e8ge de Saussure, et collabore \u00e0 la direction de la fondation Culture &amp; Rencontre de Gen\u00e8ve.<\/p>\n<h3 style=\"text-align: justify\">Epilogue<br \/>\n<em>A Jean-Christophe<\/em><\/h3>\n<p style=\"text-align: justify\">Pour les membres du Choeur Universitaire de Lausanne,\u00a0pour ses anciens chanteurs, ses amis, le concert de ce soir [11 mai 2012] pr\u00e9sente une \u00e9motion toute particuli\u00e8re. Apr\u00e8s trente-deux\u00a0\u00e0 sa t\u00eate, plus de cent vingt repr\u00e9sentations, des dizaines de\u00a0programmes musicaux, c\u2019est en effet le dernier concert du\u00a0Choeur universitaire que dirige Jean-Christophe Aubert.<\/p>\n<p style=\"text-align: justify\">Emotion toute particuli\u00e8re, qui tient \u00e0 la relation nou\u00e9e au fil\u00a0des ann\u00e9es entre un animateur exceptionnel et ses nombreux\u00a0choristes. \u00ab Animateur \u00bb, car le titre de \u00ab directeur \u00bb, celui de\u00a0\u00ab chef \u00bb, ici, ne conviennent pas tout \u00e0 fait. Jean-Christophe\u00a0(comme l\u2019appelle simplement ses choristes), n\u2019a pas \u00e9t\u00e9 homme\u00a0\u00e0 imposer ses vues musicales de fa\u00e7on autoritaire. Rarement\u00a0on l\u2019aura vu, de m\u00e9moire de choriste, hausser le ton, prendre \u00e0\u00a0partie les chanteurs, perdre son sang froid. Si Jean-Christophe\u00a0a su pendant trois d\u00e9cennies \u00eatre l\u2019\u00e2me du Choeur universitaire,\u00a0si nombre d\u2019oeuvres \u2013 et parfois des plus complexes \u2013 ont pris\u00a0vie \u00e0 travers son geste et sous son regard, s\u2019il a ainsi infl\u00e9chi,\u00a0soutenu, conduit, orient\u00e9 la voix et la parole, c\u2019est par d\u2019autres\u00a0chemins, \u00e0 la fois plus personnels et plus humains.<\/p>\n<p style=\"text-align: justify\">Il y a d\u2019abord un d\u00e9centrement, une prise de distance avec\u00a0soi-m\u00eame li\u00e9e sans doute \u00e0 la pr\u00e9dilection de Jean-Christophe\u00a0Aubert pour la musique baroque, o\u00f9 l\u2019on sait que le \u00ab\u00a0directeur\u00a0\u00bb\u00a0avait originellement sa place parmi les instrumentistes plut\u00f4t\u00a0qu\u2019\u00e0 la baguette. En 1980, lorsque le jeune chef prend la\u00a0direction du Choeur universitaire, c\u2019est d\u2019ailleurs \u00e0 l\u2019inspiration\u00a0du mouvement de renaissance de la musique ancienne que se\u00a0dessinent les premiers concerts. Un effacement apparent, une\u00a0modestie qu\u2019expliquent sans doute aussi les circonstances :\u00a0la particularit\u00e9 d\u2019un choeur universitaire tient \u00e0 la jeunesse\u00a0et au statut de ses membres ; lorsque ceux-ci rejoignent\u00a0chaque semaine l\u2019ensemble, \u00e0 c\u00f4t\u00e9 d\u2019un cursus individualis\u00e9\u00a0et d\u2019enseignements souvent d\u00e9livr\u00e9s de mani\u00e8re frontale, ne\u00a0viennent-ils pas chercher quelque chose de diff\u00e9rent, une\u00a0mobilisation plus collective, un engagement plus libre ?\u00a0Jean-Christophe Aubert a su r\u00e9pondre \u00e0 ces sp\u00e9cificit\u00e9s et aux\u00a0attentes des \u00e9tudiants : dynamisme, humour, patience, mais\u00a0aussi exigence et charisme furent ainsi ses qualit\u00e9s ma\u00eetresses,\u00a0gages de la motivation des \u00e9tudiants.<\/p>\n<p style=\"text-align: justify\">Tous les choristes se souviendront de l\u2019humour intarissable\u00a0de Jean-Christophe, capable de susciter une atmosph\u00e8re amicale\u00a0et de d\u00e9tente, \u00e0 la fois d\u00e9paysante, chaleureuse, et utile \u00e0 un\u00a0apprentissage parfois ardu et de longue haleine. Car malgr\u00e9\u00a0cette d\u00e9tente, malgr\u00e9 la t\u00e9nacit\u00e9 et l\u2019indulgence qu\u2019implique\u00a0n\u00e9cessairement un apprentissage constamment remis sur le\u00a0m\u00e9tier, avec des choristes qui pour certains ouvrent pour la\u00a0premi\u00e8re fois une partition, Jean-Christophe Aubert, motiv\u00e9 par\u00a0un haut id\u00e9al p\u00e9dagogique, n\u2019a pas sacrifi\u00e9 une grande exigence\u00a0musicale, toujours attentif \u00e0 la souplesse et \u00e0 l&rsquo;unit\u00e9 du phras\u00e9,\u00a0aux liens rh\u00e9toriques entre texte et musique, au respect des\u00a0intentions originelles du compositeur&#8230; Un raffinement musical\u00a0que le directeur a par ailleurs poursuivi avec des ensembles\u00a0professionnels (le Contrepoint de Besan\u00e7on, le Labyrinthe de\u00a0Lyon).<\/p>\n<p style=\"text-align: justify\">L\u2019un des m\u00e9rites de Jean-Christophe Aubert est aussi d\u2019avoir\u00a0consid\u00e9rablement \u00e9largi le r\u00e9pertoire du choeur, avec des\u00a0choix musicaux tr\u00e8s \u00e9clectiques, variant d\u2019une ann\u00e9e \u00e0 l\u2019autre\u00a0les compositeurs, les types d\u2019oeuvres, les esth\u00e9tiques et les\u00a0\u00e9poques : de Victoria \u00e0 Berio, de Bach \u00e0 Poulenc, en passant\u00a0par Mozart, par Brahms, Mendelssohn, Berlioz, Stravinsky ou\u00a0Frank Martin\u2026 Chaque ann\u00e9e, il s\u2019agissait pour le directeur\u00a0de faire d\u00e9couvrir de nouveaux horizons aux choristes, de\u00a0maintenir \u00e9veill\u00e9 l\u2019int\u00e9r\u00eat, ou de se lancer dans de nouveaux\u00a0d\u00e9fis, en \u00e9vitant de s\u2019en tenir aux opus les plus connus ou les\u00a0plus demand\u00e9s. Plusieurs oeuvres ont ainsi \u00e9t\u00e9 command\u00e9es ou\u00a0cr\u00e9\u00e9es sous sa direction, comme Vers quel ciel \u00e9blouissant d\u2019Eric\u00a0Gaudibert, ou Meditatio XXI et Le Sermon de Ga\u00efa de Rui dos\u00a0Reis. Des cr\u00e9ations qui ont d\u2019abord suscit\u00e9 l\u2019\u00e9tonnement des\u00a0choristes, mais qui, gr\u00e2ce \u00e0 la pers\u00e9v\u00e9rance de Jean-Christophe\u00a0Aubert, se sont finalement r\u00e9v\u00e9l\u00e9es comme des exp\u00e9riences\u00a0uniques. Dans un autre registre, le programme de ce soir, avec la\u00a0Missa Solemnis, une des oeuvres les plus difficiles du r\u00e9pertoire,\u00a0tr\u00e8s rarement donn\u00e9e par des ensembles amateurs, illustre \u00e0\u00a0nouveau cette prise de risque.<\/p>\n<p style=\"text-align: justify\">A c\u00f4t\u00e9 de ces qualit\u00e9s personnelles, si d\u00e9terminantes pour le\u00a0destin du Choeur universitaire, il faut souligner la contribution\u00a0importante de Jean-Christophe Aubert \u00e0 la vie et \u00e0 l\u2019organisation\u00a0de l\u2019association. Si le Choeur se porte si bien aujourd\u2019hui, c\u2019est\u00a0aussi parce que son directeur a gagn\u00e9 la confiance des autorit\u00e9s\u00a0universitaires, UNIL et EPFL confondues, sans le soutien\u00a0desquelles nos ambitions auraient \u00e9t\u00e9 bien plus r\u00e9duites. En\u00a01980, comme il se pla\u00eet \u00e0 le rappeler lui-m\u00eame, les choristes\u00a0qui r\u00e9p\u00e9taient encore \u00e0 la Cit\u00e9 ne disposaient pas m\u00eame d\u2019un\u00a0piano\u2026 Depuis lors, second\u00e9 par une \u00e9quipe de formateurs\u00a0vocaux et de pianistes, tout comme par des comit\u00e9s d\u00e9vou\u00e9s et\u00a0volontaires, Jean-Christophe Aubert a contribu\u00e9 brillamment au\u00a0rayonnement culturel de l\u2019Universit\u00e9 de Lausanne et de l\u2019EPFL,\u00a0\u00e0 travers nombre de succ\u00e8s musicaux, sur les sc\u00e8nes romandes\u00a0ou \u00e0 l\u2019\u00e9tranger dans le cadre d&rsquo;\u00e9changes internationaux.<\/p>\n<p style=\"text-align: justify\">Aujourd\u2019hui, l\u2019Universit\u00e9 de Lausanne t\u00e9moigne sa haute\u00a0reconnaissance au directeur en lui remettant le Prix de\u00a0l\u2019Universit\u00e9 2012. Quant \u00e0 eux, les choristes et les Anciens\u00a0du Choeur voudraient simplement dire merci \u00e0 \u00ab\u00a0leur\u00a0\u00bb\u00a0Jean-Christophe \u2013 en t\u00e9moignage d\u2019amical attachement \u2013 pour\u00a0ces nombreux moments de bonheur musical partag\u00e9.<\/p>\n<p style=\"text-align: right\">Micha\u00ebl Comte<br \/>\nPr\u00e9sident du Choeur Universitaire<br \/>\nLe 11 mai 2012<\/p>\n","protected":false},"excerpt":{"rendered":"<p>Jean-Christophe Aubert Jean-Christophe Aubert a men\u00e9 parall\u00e8lement des \u00e9tudes scientifiques (math\u00e9matiques) et musicales (orgue) \u00e0 Gen\u00e8ve. Depuis 1980, il dirige le Choeur Universitaire de Lausanne, avec lequel il aborde un [&hellip;]<\/p>\n","protected":false},"author":34,"featured_media":0,"parent":435,"menu_order":0,"comment_status":"closed","ping_status":"closed","template":"","meta":{"_seopress_robots_primary_cat":"","_seopress_titles_title":"","_seopress_titles_desc":"","_seopress_robots_index":"","footnotes":""},"class_list":["post-449","page","type-page","status-publish"],"_links":{"self":[{"href":"https:\/\/www.asso-unil.ch\/choeur\/wp-json\/wp\/v2\/pages\/449","targetHints":{"allow":["GET"]}}],"collection":[{"href":"https:\/\/www.asso-unil.ch\/choeur\/wp-json\/wp\/v2\/pages"}],"about":[{"href":"https:\/\/www.asso-unil.ch\/choeur\/wp-json\/wp\/v2\/types\/page"}],"author":[{"embeddable":true,"href":"https:\/\/www.asso-unil.ch\/choeur\/wp-json\/wp\/v2\/users\/34"}],"replies":[{"embeddable":true,"href":"https:\/\/www.asso-unil.ch\/choeur\/wp-json\/wp\/v2\/comments?post=449"}],"version-history":[{"count":0,"href":"https:\/\/www.asso-unil.ch\/choeur\/wp-json\/wp\/v2\/pages\/449\/revisions"}],"up":[{"embeddable":true,"href":"https:\/\/www.asso-unil.ch\/choeur\/wp-json\/wp\/v2\/pages\/435"}],"wp:attachment":[{"href":"https:\/\/www.asso-unil.ch\/choeur\/wp-json\/wp\/v2\/media?parent=449"}],"curies":[{"name":"wp","href":"https:\/\/api.w.org\/{rel}","templated":true}]}}