{"id":382,"date":"2013-01-10T15:10:52","date_gmt":"2013-01-10T14:10:52","guid":{"rendered":"http:\/\/www.asso-unil.ch\/choeur\/?page_id=382"},"modified":"2025-10-22T15:17:14","modified_gmt":"2025-10-22T13:17:14","slug":"collaborations-musicales","status":"publish","type":"page","link":"https:\/\/www.asso-unil.ch\/choeur\/contact\/collaborations-musicales\/","title":{"rendered":"Collaborations musicales"},"content":{"rendered":"<h3><strong>Choeurs partenaires \u00e9trangers<\/strong><\/h3>\n<div>\n<p><strong>Las Palmas de Gran Canaria <\/strong><a href=\"https:\/\/www.instagram.com\/subitokoral\/\">S\u00fabito Koral<\/a><strong><br \/>\nNew York <\/strong><a href=\"https:\/\/mpp.music.columbia.edu\/content\/voice-choirs\">Barnard Columbia chorus and chamber choir<\/a><strong><br \/>\nVilnius <\/strong><a href=\"https:\/\/www.promusica.lt\/\">choras<strong> \u00ab\u00a0<\/strong>Pro Musica<\/a><strong>\u00a0\u00bb<br \/>\nBudapest <\/strong><a href=\"https:\/\/www.elte.hu\/en\/culture\/art-ensemble\">\u201cE\u00f6tv\u00f6s\u201d Art Ensemble<\/a><br \/>\n<strong>Boston, Massachusetts <\/strong><a href=\"https:\/\/web.mit.edu\/21m401\/www\/history\/2006-spring\/Lausanne\/\" target=\"_self\">MIT Concert Choir<\/a><br \/>\n<strong>Montr\u00e9al\u00a0<\/strong><a href=\"https:\/\/www.unites.uqam.ca\/choeur_uqam\/\" target=\"_self\">Choeur de l\u2019UQAM<br \/>\n<\/a><strong>Louvain-la-Neuve\u00a0<\/strong><a href=\"https:\/\/www.choraledelouvain.org\/\" target=\"_blank\" rel=\"noopener\">Chorale Universitaire de Louvain<br \/>\n<\/a><strong>Rome\u00a0<\/strong><a href=\"https:\/\/host.uniroma3.it\/associazioni\/coro_romatre\" target=\"_self\">Coro Poliifonico \u00ab\u00a0Roma Tre\u00a0\u00bb<br \/>\n<\/a><strong>Tarragone\u00a0<\/strong><a href=\"https:\/\/www.coralurv.org\/\" target=\"_self\">Coral de la Universitat Rovira i Virgili<\/a><\/p>\n<\/div>\n<h3><strong>Orchestres<\/strong><\/h3>\n<div>\n<p>Orchestre Symphonique et Universitaire de Lausanne\u00a0<a href=\"https:\/\/www2.unil.ch\/osul\" target=\"_self\">www.osul.ch<br \/>\n<\/a>Ensemble baroque de Joux <a href=\"https:\/\/ebjoux.ch\">ebjoux.ch<\/a><br \/>\nSinfonietta de Lausanne\u00a0<a href=\"https:\/\/www.sinfonietta.ch\/\" target=\"_self\">www.sinfonietta.ch<br \/>\n<\/a>Orchestre de Chambre de Gen\u00e8ve\u00a0<a href=\"https:\/\/www.locg.ch\/\" target=\"_self\">www.locg.ch<br \/>\n<\/a>Soci\u00e9t\u00e9 Philharmonique de Montr\u00e9al\u00a0<a href=\"https:\/\/www.philharmontreal.com\/blog\/\" target=\"_self\">www.philharmontreal.com\/blog\/<br \/>\n<\/a>Ensemble A Corte Musical\u00a0<a href=\"https:\/\/www.acorte.net\/\" target=\"_self\">www.acorte.net<br \/>\n<\/a>Quatuor Florestan\u00a0<a href=\"https:\/\/www.quatuorflorestan.net\/\" target=\"_self\">www.quatuorflorestan.net<br \/>\n<\/a>Quatuor Atena\u00a0<a href=\"https:\/\/www.leconcerteuropeen.com\/\" target=\"_self\">www.leconcerteuropeen.com<\/a><br \/>\nOrchestre Symphonique Genevois\u00a0<a href=\"https:\/\/www.symph.ch\/\">https:\/\/www.symph.ch\/<\/a><\/p>\n<\/div>\n","protected":false},"excerpt":{"rendered":"<p>Choeurs partenaires \u00e9trangers Las Palmas de Gran Canaria S\u00fabito Koral New York Barnard Columbia chorus and chamber choir Vilnius choras \u00ab\u00a0Pro Musica\u00a0\u00bb Budapest \u201cE\u00f6tv\u00f6s\u201d Art Ensemble Boston, Massachusetts MIT Concert [&hellip;]<\/p>\n","protected":false},"author":34,"featured_media":0,"parent":9,"menu_order":0,"comment_status":"closed","ping_status":"closed","template":"","meta":{"_seopress_robots_primary_cat":"","_seopress_titles_title":"","_seopress_titles_desc":"","_seopress_robots_index":"","footnotes":""},"class_list":["post-382","page","type-page","status-publish"],"_links":{"self":[{"href":"https:\/\/www.asso-unil.ch\/choeur\/wp-json\/wp\/v2\/pages\/382","targetHints":{"allow":["GET"]}}],"collection":[{"href":"https:\/\/www.asso-unil.ch\/choeur\/wp-json\/wp\/v2\/pages"}],"about":[{"href":"https:\/\/www.asso-unil.ch\/choeur\/wp-json\/wp\/v2\/types\/page"}],"author":[{"embeddable":true,"href":"https:\/\/www.asso-unil.ch\/choeur\/wp-json\/wp\/v2\/users\/34"}],"replies":[{"embeddable":true,"href":"https:\/\/www.asso-unil.ch\/choeur\/wp-json\/wp\/v2\/comments?post=382"}],"version-history":[{"count":4,"href":"https:\/\/www.asso-unil.ch\/choeur\/wp-json\/wp\/v2\/pages\/382\/revisions"}],"predecessor-version":[{"id":3313,"href":"https:\/\/www.asso-unil.ch\/choeur\/wp-json\/wp\/v2\/pages\/382\/revisions\/3313"}],"up":[{"embeddable":true,"href":"https:\/\/www.asso-unil.ch\/choeur\/wp-json\/wp\/v2\/pages\/9"}],"wp:attachment":[{"href":"https:\/\/www.asso-unil.ch\/choeur\/wp-json\/wp\/v2\/media?parent=382"}],"curies":[{"name":"wp","href":"https:\/\/api.w.org\/{rel}","templated":true}]}}