{"id":3332,"date":"2025-10-31T08:59:22","date_gmt":"2025-10-31T07:59:22","guid":{"rendered":"https:\/\/www.asso-unil.ch\/choeur\/?page_id=3332"},"modified":"2026-03-02T09:59:06","modified_gmt":"2026-03-02T08:59:06","slug":"programme-des-repetions","status":"publish","type":"page","link":"https:\/\/www.asso-unil.ch\/choeur\/programme-des-repetions\/","title":{"rendered":"Programme des r\u00e9p\u00e9titions"},"content":{"rendered":"\n<h2 class=\"wp-block-heading\">29 janvier<\/h2>\n\n\n\n<ul class=\"wp-block-list\">\n<li><strong>Hymn :<\/strong> chiffres 20\u201323<\/li>\n\n\n\n<li><strong>Requiem :<\/strong> Sanctus, Lux aeterna<\/li>\n<\/ul>\n\n\n\n<h2 class=\"wp-block-heading\">5 f\u00e9vrier<\/h2>\n\n\n\n<ul class=\"wp-block-list\">\n<li><strong>Hymn :<\/strong> chiffre 14\u2013fin<\/li>\n\n\n\n<li>21h: <strong>Queen Symphonie :<\/strong> 1<\/li>\n<\/ul>\n\n\n\n<h2 class=\"wp-block-heading\">12 f\u00e9vrier<\/h2>\n\n\n\n<ul class=\"wp-block-list\">\n<li><strong>Hymn<\/strong><\/li>\n\n\n\n<li><strong>21h :<\/strong> Queen Symphonie 5<\/li>\n<\/ul>\n\n\n\n<h2 class=\"wp-block-heading\">Dimanche 15 f\u00e9vrier<\/h2>\n\n\n\n<ul class=\"wp-block-list\">\n<li><strong>10h\u201313h:<\/strong> Hymn<\/li>\n\n\n\n<li><strong>14h\u201317h:<\/strong> Requiem (Sanctus, Agnus Dei, Lux aeterna, Libera me, In paradisum)<\/li>\n<\/ul>\n\n\n\n<h2 class=\"wp-block-heading\">19 f\u00e9vrier<\/h2>\n\n\n\n<ul class=\"wp-block-list\">\n<li>\u00c0 pr\u00e9ciser<\/li>\n\n\n\n<li><strong>21h30 :<\/strong> rattrapage<\/li>\n<\/ul>\n\n\n\n<h2 class=\"wp-block-heading\">Jeudi 26 f\u00e9vrier<\/h2>\n\n\n\n<ul class=\"wp-block-list\">\n<li><strong>Hymn :<\/strong> chiffre 14 et la suite, chant gr\u00e9gorien du d\u00e9but<\/li>\n\n\n\n<li><strong>Durufl\u00e9 :<\/strong> Agnus Dei, Lux aeterna<\/li>\n\n\n\n<li><strong>21h :<\/strong> Projet Queen BIS 2<\/li>\n<\/ul>\n\n\n\n<h2 class=\"wp-block-heading\">Jeudi 5 mars<\/h2>\n\n\n\n<ul class=\"wp-block-list\">\n<li><strong>Hymn :<\/strong> chiffre 9 et la suite<\/li>\n\n\n\n<li><strong>Durufl\u00e9 :<\/strong> Libera me, In paradisum<\/li>\n\n\n\n<li><strong>21h :<\/strong> Projet Queen Bis 3<\/li>\n<\/ul>\n\n\n\n<h2 class=\"wp-block-heading\">Jeudi 12 mars<\/h2>\n\n\n\n<ul class=\"wp-block-list\">\n<li><strong>Hymn :<\/strong> depuis le d\u00e9but<\/li>\n\n\n\n<li><strong>Durufl\u00e9 :<\/strong> Sanctus, Libera<\/li>\n\n\n\n<li>Pas de Queen<\/li>\n<\/ul>\n\n\n\n<h2 class=\"wp-block-heading\">Samedi 15 mars<\/h2>\n\n\n\n<ul class=\"wp-block-list\">\n<li><strong>15h :<\/strong> Hymn<\/li>\n\n\n\n<li><strong>17h\u201318h30 :<\/strong> Durufl\u00e9 (Sanctus, Agnus Dei, Lux aeterna, Libera me, In paradisum)<\/li>\n<\/ul>\n\n\n\n<h2 class=\"wp-block-heading\">Programme du concert Campus<\/h2>\n\n\n\n<ul class=\"wp-block-list\">\n<li><strong>Holst :<\/strong> Hymn (22&prime;)<\/li>\n\n\n\n<li><strong>Durufl\u00e9 :<\/strong> Requiem (22&prime;)\n<ul class=\"wp-block-list\">\n<li>Sanctus (4&prime;)<\/li>\n\n\n\n<li>Agnus Dei (4&prime;)<\/li>\n\n\n\n<li>Lux aeterna (5&prime;)<\/li>\n\n\n\n<li>Libera me (6&prime;)<\/li>\n\n\n\n<li>In paradisum (3&prime;)<\/li>\n<\/ul>\n<\/li>\n<\/ul>\n","protected":false},"excerpt":{"rendered":"<p>29 janvier 5 f\u00e9vrier 12 f\u00e9vrier Dimanche 15 f\u00e9vrier 19 f\u00e9vrier Jeudi 26 f\u00e9vrier Jeudi 5 mars Jeudi 12 mars Samedi 15 mars Programme du concert Campus<\/p>\n","protected":false},"author":1001322,"featured_media":0,"parent":0,"menu_order":0,"comment_status":"closed","ping_status":"closed","template":"","meta":{"_seopress_robots_primary_cat":"","_seopress_titles_title":"","_seopress_titles_desc":"","_seopress_robots_index":"","footnotes":""},"class_list":["post-3332","page","type-page","status-publish"],"_links":{"self":[{"href":"https:\/\/www.asso-unil.ch\/choeur\/wp-json\/wp\/v2\/pages\/3332","targetHints":{"allow":["GET"]}}],"collection":[{"href":"https:\/\/www.asso-unil.ch\/choeur\/wp-json\/wp\/v2\/pages"}],"about":[{"href":"https:\/\/www.asso-unil.ch\/choeur\/wp-json\/wp\/v2\/types\/page"}],"author":[{"embeddable":true,"href":"https:\/\/www.asso-unil.ch\/choeur\/wp-json\/wp\/v2\/users\/1001322"}],"replies":[{"embeddable":true,"href":"https:\/\/www.asso-unil.ch\/choeur\/wp-json\/wp\/v2\/comments?post=3332"}],"version-history":[{"count":5,"href":"https:\/\/www.asso-unil.ch\/choeur\/wp-json\/wp\/v2\/pages\/3332\/revisions"}],"predecessor-version":[{"id":3360,"href":"https:\/\/www.asso-unil.ch\/choeur\/wp-json\/wp\/v2\/pages\/3332\/revisions\/3360"}],"wp:attachment":[{"href":"https:\/\/www.asso-unil.ch\/choeur\/wp-json\/wp\/v2\/media?parent=3332"}],"curies":[{"name":"wp","href":"https:\/\/api.w.org\/{rel}","templated":true}]}}