{"id":16,"date":"2012-12-14T12:39:34","date_gmt":"2012-12-14T11:39:34","guid":{"rendered":"http:\/\/www.asso-unil.ch\/choeur\/?page_id=16"},"modified":"2025-10-22T17:23:52","modified_gmt":"2025-10-22T15:23:52","slug":"bienvenue","status":"publish","type":"page","link":"https:\/\/www.asso-unil.ch\/choeur\/","title":{"rendered":"Bienvenue !"},"content":{"rendered":"\n<p>Le Ch\u0153ur Universitaire de Lausanne rassemble chaque ann\u00e9e plus d&rsquo;une centaine de choristes &#8211; principalement des \u00e9tudiants de l&rsquo;UNIL et de l&rsquo;EPFL &#8211; pour partager, le long d&rsquo;une ann\u00e9e acad\u00e9mique, <a href=\"https:\/\/www.asso-unil.ch\/choeur\/historique\/precedemment\/\">un projet musical<\/a>, <a href=\"https:\/\/www.asso-unil.ch\/choeur\/contact\/collaborations-musicales\/\">des aventures \u00e0 l&rsquo;\u00e9tranger<\/a>, des week-ends de folie et naturellement, une r\u00e9p\u00e9tition chaque semaine!<\/p>\n\n\n\n<hr class=\"wp-block-separator has-alpha-channel-opacity\" \/>\n\n\n\n<h4 class=\"wp-block-heading has-larger-font-size\">Et si vous aussi vous deveniez choriste ?<\/h4>\n\n\n\n<p>Vous aimez la musique ?<br>Vous \u00eates \u00e9tudiant \u00e0 l\u2019UNIL ou \u00e0 l\u2019EPFL, doctorant, enseignant ou membre du personnel ?<br>Vous avez envie de rencontrer d\u2019autres personnes qui partagent cette passion ?<br>Vous appr\u00e9ciez une ambiance \u00e0 la fois studieuse et d\u00e9tendue ?<br>Vous vous r\u00e9jouissez de transmettre en public une \u0153uvre-cl\u00e9 du r\u00e9pertoire classique ?<br>Vous avez envie de voyager en groupe et en musique pendant vos \u00e9tudes ?<\/p>\n\n\n\n<p><strong>Alors, rejoignez les rangs du Ch\u0153ur Universitaire de Lausanne !<\/strong><\/p>\n\n\n\n<h4 class=\"wp-block-heading\">Inscriptions 2025-2026<\/h4>\n\n\n\n<blockquote class=\"wp-block-quote is-layout-flow wp-block-quote-is-layout-flow\">\n<p><em>Les inscriptions sont d\u00e9sormais closes pour la saison 2025-2026.<\/em> <em>Nous nous r\u00e9jouissons de vous retrouver en septembre 2026!<\/em><\/p>\n<\/blockquote>\n\n\n\n<p><strong>P\u00e9riode d&rsquo;inscription: <\/strong>du <strong>jeudi 18 septembre<\/strong> au <strong>vendredi 10 octobre 2025<\/strong><\/p>\n\n\n\n<pre class=\"wp-block-preformatted has-small-font-size\"><strong>Cotisation annuelle:<\/strong><br>- \u00c9tudiant\u00b7e: 30 CHF<br>- Doctorant\u00b7e et Assistant\u00b7e: 50 CHF<br>- Salari\u00e9\u00b7e UNIL-EPFL: 100 CHF<br>- Externe: 150 CHF<br>- Ch\u00f4meur\u00b7se: 30 CHF<br><em>(partitions en sus<\/em>)<\/pre>\n\n\n\n<p><strong>Si vous \u00eates externes<\/strong> et n\u2019\u00e9tiez pas membre du Ch\u0153ur lors de la pr\u00e9c\u00e9dente ann\u00e9e acad\u00e9mique, votre demande d\u2019adh\u00e9sion ne sera valid\u00e9e seulement \u00e0 la fin de la p\u00e9riode d&rsquo;inscription.<\/p>\n\n\n\n<h4 class=\"wp-block-heading\">Quand puis-je rejoindre le ch\u0153ur ?<\/h4>\n\n\n\n<p><em><strong>Reprise des anciens choriste<\/strong>s<\/em>:<strong> <\/strong>jeudi <strong>4 septembre 2025<\/strong><\/p>\n\n\n\n<p><strong><em>Rentr\u00e9e officielle<\/em><\/strong> (ouverte \u00e0 tous\u00b7tes): jeudi <strong>18 septembre 2025<\/strong> \u00e0 <strong>18:30<\/strong>. La r\u00e9p\u00e9tition sera suivie d&rsquo;un ap\u00e9ritif.<\/p>\n\n\n\n<p>Il est possible d&rsquo;assister \u00e0 une ou plusieurs r\u00e9p\u00e9titions sans s&rsquo;inscrire, avant le d\u00e9lai d&rsquo;inscription. une partition vous sera pr\u00eat\u00e9e.<\/p>\n\n\n\n<h4 class=\"wp-block-heading\">Quel est le programme musical cette ann\u00e9e ?&nbsp;<\/h4>\n\n\n\n<p>Le <em>Requiem <\/em>de Durufl\u00e9 et l<em>\u2018Hymn of Jesus<\/em> de Holst.<\/p>\n\n\n\n<h4 class=\"wp-block-heading\">O\u00f9 et quand ont lieu les r\u00e9p\u00e9titions ?<\/h4>\n\n\n\n<p>Les r\u00e9p\u00e9titions ont lieu tous les\u00a0<strong>jeudis<\/strong> \u00e0 l\u2019UNIL, dans la salle 1129 de l\u2019Anthropole. Elles commencent \u00e0\u00a0<strong>18h45<\/strong> et se terminent \u00e0\u00a0<strong>21h30<\/strong>, avec une pause de 15 minutes.\u00a0<strong>Plusieurs week-ends\u00a0<\/strong>de chant sont r\u00e9partis au cours de l\u2019hiver et du printemps. Les r\u00e9p\u00e9titions ont alors lieu <strong>le dimanche ou le samedi toute la journ\u00e9e. <\/strong>G\u00e9n\u00e9ralement\u00a0de 10h \u00e0 13h et de 14h30 \u00e0 17h30.<\/p>\n\n\n\n<p>Dans le but d\u2019arriver \u00e0 une certaine harmonie et \u00e0 un certain \u00e9quilibre au sein des pupitres et du ch\u0153ur<strong>, une pr\u00e9sence tr\u00e8s r\u00e9guli\u00e8re est exig\u00e9e lors des r\u00e9p\u00e9titions du jeudi et des week-ends<\/strong>. Pour s\u2019assurer que chacun joue le jeu, les membres du comit\u00e9 tiennent une liste de pr\u00e9sences et convoquent \u00e0 une r\u00e9p\u00e9tition suppl\u00e9mentaire les personnes trop fr\u00e9quemment absentes : les choristes ayant manqu\u00e9 3 jeudis ou tout ou partie des week-ends de travail sont&nbsp;<strong>auditionn\u00e9s<\/strong>&nbsp;collectivement. Ces auditions ont lieu le jeudi apr\u00e8s la r\u00e9p\u00e9tition hebdomadaire.<\/p>\n\n\n\n<p><a href=\"https:\/\/www.asso-unil.ch\/choeur\/choristes\/calendrier-des-repetitions\/\" target=\"_blank\" rel=\"noreferrer noopener\">Calendrier des r\u00e9p\u00e9titions<\/a><\/p>\n\n\n\n<h4 class=\"wp-block-heading\">Quand et o\u00f9 auront lieu les concerts ?<\/h4>\n\n\n\n<p>Les prochains concerts publics auront lieu les&nbsp;:<br>\u2013 17 mars 2026 EPFL : <em>Concert Campus<\/em><br>\u2013 Mardi 12 Mai 2026, Cath\u00e9drale de Lausanne : <em>Concert final<\/em><\/p>\n\n\n\n<h4 class=\"wp-block-heading\">Comment rester inform\u00e9 ?<\/h4>\n\n\n\n<p>Les membres du Ch\u0153ur sont inscrits en d\u00e9but d\u2019ann\u00e9e sur une liste de diffusion et re\u00e7oivent <strong>par mail<\/strong> les informations concernant la vie de l\u2019association et les donn\u00e9es pratiques importantes. Le site internet de l\u2019association est r\u00e9guli\u00e8rement mis \u00e0 jour et pr\u00e9sente le calendrier annuel des activit\u00e9s.<\/p>\n\n\n\n<h4 class=\"wp-block-heading\">Vous avez d\u2019autres questions ?<\/h4>\n\n\n\n<p>N\u2019h\u00e9sitez pas \u00e0 nous <a href=\"https:\/\/www.asso-unil.ch\/choeur\/contact\/\">contacter<\/a>.<br><\/p>\n\n\n\n<p><\/p>\n","protected":false},"excerpt":{"rendered":"<p>Le Ch\u0153ur Universitaire de Lausanne rassemble chaque ann\u00e9e plus d&rsquo;une centaine de choristes &#8211; principalement des \u00e9tudiants de l&rsquo;UNIL et de l&rsquo;EPFL &#8211; pour partager, le long d&rsquo;une ann\u00e9e acad\u00e9mique, [&hellip;]<\/p>\n","protected":false},"author":34,"featured_media":3307,"parent":0,"menu_order":0,"comment_status":"closed","ping_status":"closed","template":"templates\/template-cover.php","meta":{"_seopress_robots_primary_cat":"","_seopress_titles_title":"","_seopress_titles_desc":"","_seopress_robots_index":"","footnotes":""},"class_list":["post-16","page","type-page","status-publish","has-post-thumbnail"],"_links":{"self":[{"href":"https:\/\/www.asso-unil.ch\/choeur\/wp-json\/wp\/v2\/pages\/16","targetHints":{"allow":["GET"]}}],"collection":[{"href":"https:\/\/www.asso-unil.ch\/choeur\/wp-json\/wp\/v2\/pages"}],"about":[{"href":"https:\/\/www.asso-unil.ch\/choeur\/wp-json\/wp\/v2\/types\/page"}],"author":[{"embeddable":true,"href":"https:\/\/www.asso-unil.ch\/choeur\/wp-json\/wp\/v2\/users\/34"}],"replies":[{"embeddable":true,"href":"https:\/\/www.asso-unil.ch\/choeur\/wp-json\/wp\/v2\/comments?post=16"}],"version-history":[{"count":5,"href":"https:\/\/www.asso-unil.ch\/choeur\/wp-json\/wp\/v2\/pages\/16\/revisions"}],"predecessor-version":[{"id":3326,"href":"https:\/\/www.asso-unil.ch\/choeur\/wp-json\/wp\/v2\/pages\/16\/revisions\/3326"}],"wp:featuredmedia":[{"embeddable":true,"href":"https:\/\/www.asso-unil.ch\/choeur\/wp-json\/wp\/v2\/media\/3307"}],"wp:attachment":[{"href":"https:\/\/www.asso-unil.ch\/choeur\/wp-json\/wp\/v2\/media?parent=16"}],"curies":[{"name":"wp","href":"https:\/\/api.w.org\/{rel}","templated":true}]}}