{"id":14,"date":"2012-12-14T12:37:58","date_gmt":"2012-12-14T11:37:58","guid":{"rendered":"http:\/\/www.asso-unil.ch\/choeur\/?page_id=14"},"modified":"2018-10-17T22:26:22","modified_gmt":"2018-10-17T20:26:22","slug":"association","status":"publish","type":"page","link":"https:\/\/www.asso-unil.ch\/choeur\/association\/","title":{"rendered":"Association"},"content":{"rendered":"<p style=\"text-align: justify\">Le Ch\u0153ur Universitaire de Lausanne est une association, au&nbsp;sens des articles 60 et suivants du Code Civil, qui a pour but la pr\u00e9paration et l&rsquo;ex\u00e9cution d\u2019\u0153uvres chorales, et s\u2019adresse en&nbsp;premier lieu aux membres de la communaut\u00e9 universitaire de Lausanne (UNIL et EPFL). La gestion des affaires courantes est assur\u00e9e par un comit\u00e9 compos\u00e9 de 6 \u00e0 9 membres qui \u00e9lit en son sein un pr\u00e9sident.&nbsp;L&rsquo;association s\u2019entoure de formateurs\/trices et de musicien\/nes&nbsp;afin d\u2019aider le\/la&nbsp;directeur\/trice dans le travail musical.<\/p>\n<p style=\"text-align: justify\"><img alt=\"\" loading=\"lazy\" decoding=\"async\" class=\"size-full wp-image-349 aligncenter\" src=\"https:\/\/www.asso-unil.ch\/choeur\/files\/2012\/12\/banner_choeur.gif\" alt=\"\" width=\"180\" height=\"93\"><\/p>\n","protected":false},"excerpt":{"rendered":"<p>Le Ch\u0153ur Universitaire de Lausanne est une association, au&nbsp;sens des articles 60 et suivants du Code Civil, qui a pour but la pr\u00e9paration et l&rsquo;ex\u00e9cution d\u2019\u0153uvres chorales, et s\u2019adresse en&nbsp;premier [&hellip;]<\/p>\n","protected":false},"author":34,"featured_media":0,"parent":0,"menu_order":4,"comment_status":"closed","ping_status":"closed","template":"","meta":{"_seopress_robots_primary_cat":"","_seopress_titles_title":"","_seopress_titles_desc":"","_seopress_robots_index":"","footnotes":""},"class_list":["post-14","page","type-page","status-publish"],"_links":{"self":[{"href":"https:\/\/www.asso-unil.ch\/choeur\/wp-json\/wp\/v2\/pages\/14","targetHints":{"allow":["GET"]}}],"collection":[{"href":"https:\/\/www.asso-unil.ch\/choeur\/wp-json\/wp\/v2\/pages"}],"about":[{"href":"https:\/\/www.asso-unil.ch\/choeur\/wp-json\/wp\/v2\/types\/page"}],"author":[{"embeddable":true,"href":"https:\/\/www.asso-unil.ch\/choeur\/wp-json\/wp\/v2\/users\/34"}],"replies":[{"embeddable":true,"href":"https:\/\/www.asso-unil.ch\/choeur\/wp-json\/wp\/v2\/comments?post=14"}],"version-history":[{"count":0,"href":"https:\/\/www.asso-unil.ch\/choeur\/wp-json\/wp\/v2\/pages\/14\/revisions"}],"wp:attachment":[{"href":"https:\/\/www.asso-unil.ch\/choeur\/wp-json\/wp\/v2\/media?parent=14"}],"curies":[{"name":"wp","href":"https:\/\/api.w.org\/{rel}","templated":true}]}}