{"id":101,"date":"2013-01-03T13:08:38","date_gmt":"2013-01-03T12:08:38","guid":{"rendered":"http:\/\/www.asso-unil.ch\/choeur\/?page_id=101"},"modified":"2025-10-11T14:28:18","modified_gmt":"2025-10-11T12:28:18","slug":"devenir-choriste","status":"publish","type":"page","link":"https:\/\/www.asso-unil.ch\/choeur\/presentation\/devenir-choriste\/","title":{"rendered":"Participer"},"content":{"rendered":"\n<p><\/p>\n\n\n\n<h2 class=\"wp-block-heading\">Et si vous aussi vous deveniez choriste ?<\/h2>\n\n\n\n<p>Vous aimez la musique ?<br>Vous \u00eates \u00e9tudiant \u00e0 l&rsquo;UNIL ou \u00e0 l&rsquo;EPFL, doctorant, enseignant ou membre du personnel ?<br>Vous avez envie de rencontrer d&rsquo;autres personnes qui partagent cette passion ?<br>Vous appr\u00e9ciez une ambiance \u00e0 la fois studieuse et d\u00e9tendue ?<br>Vous vous r\u00e9jouissez de transmettre en public une \u0153uvre-cl\u00e9 du r\u00e9pertoire classique ?<br>Vous avez envie de voyager en groupe et en musique pendant vos \u00e9tudes ?<\/p>\n\n\n\n<p><strong>Alors, rejoignez les rangs du Ch\u0153ur Universitaire de Lausanne !<\/strong><\/p>\n\n\n\n<p>Inscriptions closes pour la saison 2025-2026.<\/p>\n\n\n\n<h3 class=\"wp-block-heading\">Quel est le programme musical cette ann\u00e9e ?&nbsp;<\/h3>\n\n\n\n<p>Le <em>Requiem <\/em>de Durufl\u00e9 et l<em>&lsquo;Hymn of Jesus<\/em> de Holst.<\/p>\n\n\n\n<h3 class=\"wp-block-heading\">O\u00f9 et quand ont lieu les r\u00e9p\u00e9titions ?<\/h3>\n\n\n\n<p>Les r\u00e9p\u00e9titions ont lieu tous les&nbsp;<strong>jeudis<\/strong> \u00e0 l&rsquo;UNIL, dans la salle 1129 de l&rsquo;Anthropole. Elles commencent \u00e0&nbsp;<strong>18h45<\/strong>, et se terminent \u00e0&nbsp;<strong>21h30<\/strong>, avec une pause de 20 minutes.&nbsp;<strong>Plusieurs week-ends&nbsp;<\/strong>de chant sont r\u00e9partis au cours de l&rsquo;hiver et du printemps. Les r\u00e9p\u00e9titions ont alors lieu <strong>le dimanche ou le samedi toute la journ\u00e9e. <\/strong>G\u00e9n\u00e9ralement&nbsp;de 10h \u00e0 13h et de 14h30 \u00e0 17h30.<\/p>\n\n\n\n<p>Dans le but d\u2019arriver \u00e0 une certaine harmonie et \u00e0 un certain \u00e9quilibre au sein des pupitres et du ch\u0153ur<strong>, une pr\u00e9sence tr\u00e8s r\u00e9guli\u00e8re est exig\u00e9e lors des r\u00e9p\u00e9titions du jeudi et des week-ends<\/strong>. Pour s&rsquo;assurer que chacun joue le jeu, les membres du comit\u00e9 tiennent une liste de pr\u00e9sences et convoquent \u00e0 une r\u00e9p\u00e9tition suppl\u00e9mentaire les personnes trop fr\u00e9quemment absentes : les choristes ayant manqu\u00e9 3 jeudis ou tout ou partie des week-ends de travail sont&nbsp;<strong>auditionn\u00e9s<\/strong>&nbsp;collectivement. Ces auditions ont lieu le jeudi apr\u00e8s la r\u00e9p\u00e9tition hebdomadaire.<\/p>\n\n\n\n<p><\/p>\n\n\n\n<p><a href=\"https:\/\/www.asso-unil.ch\/choeur\/choristes\/calendrier-des-repetitions\/\" target=\"_blank\" rel=\"noreferrer noopener\">Calendrier des r\u00e9p\u00e9titions<\/a><\/p>\n\n\n\n<h3 class=\"wp-block-heading\">Comment devenir membre du Ch\u0153ur ?<\/h3>\n\n\n\n<p>En d\u00e9but d&rsquo;ann\u00e9e acad\u00e9mique, si vous faites partie de la communaut\u00e9 UNIL-EPFL ou si vous \u00eates d\u00e9j\u00e0 membre du Ch\u0153ur Universitaire de Lausanne, il vous suffit de <strong>remplir une demande d&rsquo;inscription<\/strong>&nbsp;et de&nbsp;<strong>payer sur place la cotisation annuelle<\/strong>, le jeudi avant la r\u00e9p\u00e9tition, au local de chant.&nbsp;Soit : 30 francs pour les \u00e9tudiant\/es et les ch\u00f4meur\/ses, 50 francs pour les doctorants et assistants, 100 francs pour les salari\u00e9s UNIL-EPFL, 150 francs pour les membres hors UNIL-EPFL. La partition est en sus.<\/p>\n\n\n\n<p><strong>Si vous n&rsquo;\u00eates pas inscrit \u00e0 l&rsquo;UNIL ou \u00e0 l&rsquo;EPFL<\/strong> et n&rsquo;\u00e9tiez pas membre du Ch\u0153ur lors de la pr\u00e9c\u00e9dente ann\u00e9e acad\u00e9mique, votre demande d&rsquo;adh\u00e9sion est \u00e0 soumettre au pr\u00e9alable au comit\u00e9 de l&rsquo;association, via son pr\u00e9sident. Le comit\u00e9 rendra r\u00e9ponse au terme de la p\u00e9riode des inscriptions.<\/p>\n\n\n\n<p>Les&nbsp;<strong>inscriptions pour l&rsquo;ann\u00e9e 2025-2026<\/strong> et l&rsquo;<strong>achat des partitions<\/strong> seront possibles du jeudi 18 septembre 2025, entre 18h30 et 19h00, au <strong>vendredi 10 octobre 2025<\/strong> au plus tard. On peut sans probl\u00e8me suivre une ou plusieurs r\u00e9p\u00e9titions avant de s&rsquo;inscrire (une partition sera pr\u00eat\u00e9e).<\/p>\n\n\n\n<p><\/p>\n\n\n\n<p>Reprise des r\u00e9p\u00e9titions (pour les anciens choristes) : <strong>jeudi 4 septembre 2025. <\/strong>Rentr\u00e9e officielle, avec accueil des nouveaux choristes :&nbsp;<strong>jeudi 18 septembre 2025, \u00e0 18h30. <\/strong>Des explications seront donn\u00e9es \u00e0 ce moment sur les conditions d&rsquo;adh\u00e9sion \u00e0 l\u2019association et le d\u00e9roulement de l&rsquo;ann\u00e9e. Suivra un ap\u00e9ritif de bienvenue.<\/p>\n\n\n\n<p><\/p>\n\n\n\n<h3 class=\"wp-block-heading\">Quand et o\u00f9 auront lieu les concerts ?<\/h3>\n\n\n\n<p>Les prochains concerts publics auront lieu les&nbsp;:<br>&#8211; 17 mars 2026 EPFL : <em>Concert Campus<\/em><br>&#8211; Mardi 12 Mai 2026, Cath\u00e9drale de Lausanne : <em>Concert final <\/em><\/p>\n\n\n\n<h3 class=\"wp-block-heading\">Comment rester inform\u00e9 ?<\/h3>\n\n\n\n<p>Les membres du Ch\u0153ur sont inscrits en d\u00e9but d&rsquo;ann\u00e9e sur une liste de diffusion et re\u00e7oivent <strong>par mail<\/strong> les informations concernant la vie de l&rsquo;association et les donn\u00e9es pratiques importantes. Le site internet de l&rsquo;association est r\u00e9guli\u00e8rement mis \u00e0 jour et pr\u00e9sente le calendrier annuel des activit\u00e9s.<\/p>\n\n\n\n<h3 class=\"wp-block-heading\">Vous avez d&rsquo;autres questions ?<\/h3>\n\n\n\n<p>N&rsquo;h\u00e9sitez pas \u00e0 nous <a href=\"https:\/\/www.asso-unil.ch\/choeur\/contact\/\" data-type=\"URL\" data-id=\"https:\/\/www.asso-unil.ch\/choeur\/contact\/\">contacter<\/a>.<\/p>\n","protected":false},"excerpt":{"rendered":"<p>Et si vous aussi vous deveniez choriste ? Vous aimez la musique ?Vous \u00eates \u00e9tudiant \u00e0 l&rsquo;UNIL ou \u00e0 l&rsquo;EPFL, doctorant, enseignant ou membre du personnel ?Vous avez envie de [&hellip;]<\/p>\n","protected":false},"author":34,"featured_media":0,"parent":41,"menu_order":1,"comment_status":"closed","ping_status":"closed","template":"","meta":{"_seopress_robots_primary_cat":"","_seopress_titles_title":"","_seopress_titles_desc":"","_seopress_robots_index":"","footnotes":""},"class_list":["post-101","page","type-page","status-publish"],"_links":{"self":[{"href":"https:\/\/www.asso-unil.ch\/choeur\/wp-json\/wp\/v2\/pages\/101","targetHints":{"allow":["GET"]}}],"collection":[{"href":"https:\/\/www.asso-unil.ch\/choeur\/wp-json\/wp\/v2\/pages"}],"about":[{"href":"https:\/\/www.asso-unil.ch\/choeur\/wp-json\/wp\/v2\/types\/page"}],"author":[{"embeddable":true,"href":"https:\/\/www.asso-unil.ch\/choeur\/wp-json\/wp\/v2\/users\/34"}],"replies":[{"embeddable":true,"href":"https:\/\/www.asso-unil.ch\/choeur\/wp-json\/wp\/v2\/comments?post=101"}],"version-history":[{"count":5,"href":"https:\/\/www.asso-unil.ch\/choeur\/wp-json\/wp\/v2\/pages\/101\/revisions"}],"predecessor-version":[{"id":3207,"href":"https:\/\/www.asso-unil.ch\/choeur\/wp-json\/wp\/v2\/pages\/101\/revisions\/3207"}],"up":[{"embeddable":true,"href":"https:\/\/www.asso-unil.ch\/choeur\/wp-json\/wp\/v2\/pages\/41"}],"wp:attachment":[{"href":"https:\/\/www.asso-unil.ch\/choeur\/wp-json\/wp\/v2\/media?parent=101"}],"curies":[{"name":"wp","href":"https:\/\/api.w.org\/{rel}","templated":true}]}}