{"id":999,"date":"2012-01-22T15:09:13","date_gmt":"2012-01-22T14:09:13","guid":{"rendered":"http:\/\/www3.unil.ch\/wpmu\/caverne\/?page_id=999"},"modified":"2015-03-03T22:19:31","modified_gmt":"2015-03-03T21:19:31","slug":"banquet-danniversaire-de-platon-le-7-novembre","status":"publish","type":"page","link":"https:\/\/www.asso-unil.ch\/caverne\/banquets\/banquet-2012-2013\/banquet-danniversaire-de-platon-le-7-novembre\/","title":{"rendered":"Banquet d\u2019anniversaire de Platon le 7 novembre 2012"},"content":{"rendered":"<p align=\"center\">Cher(es) ami-e-s de la sagesse,<\/p>\n<p>Nous avons le plaisir de vous inviter \u00e0 prendre part \u00e0\u00a0un nouveau Banquet dans la soir\u00e9e du lundi 7 novembre, date suppos\u00e9e de l&rsquo;anniversaire de Platon. Selon la l\u00e9gende, il f\u00eatait son 81\u00e8me anniversaire par un banquet et mourut durant le repas. Ce sera l\u2019occasion pour nous tous, \u00e9tudiants, assistants et enseignants de la section de philosophie et les Ma\u00eetres de la Caverne de nous revoir ou de faire connaissance autour d&rsquo;un souper \u00e0 la grecque ancienne et selon la tradition du banquet grec.<\/p>\n<p>Le rendez-vous est fix\u00e9 \u00e0\u00a018h dans le Foyer de la Grange de Dorigny. La soir\u00e9e devrait durer jusqu\u2019\u00e0 22h. Nous demandons \u00e0 chacun d\u2019apporter\u00a0une bouteille de vin dont vous \u00eates pr\u00eat \u00e0 faire l&rsquo;\u00e9loge. Pour nous permettre de pr\u00e9voir assez de nourriture, vous \u00eates pri\u00e9 de\u00a0vous annoncer aupr\u00e8s de michael.groneberg@unil.ch jusqu&rsquo;au mercredi 2 novembre, \u00e0 midi.\u00a0Une participation de 5.- sera demand\u00e9e\u00a0\u00e0 chacun-e pour le repas. Annoncez aussi si vous aimeriez participer \u00e0 l&rsquo;exp\u00e9rience de l\u2019arch\u00e9ologie exp\u00e9rimentale de la cuisine antique.<\/p>\n<p>Au cours de la soir\u00e9e, nous proc\u00e9derons \u00e0 un\u00a0<em>Kleidertausch<\/em>. Ce \u00ab\u00a0troc d\u2019habits\u00a0\u00bb, autre institution conviviale, mais cette fois import\u00e9e des contr\u00e9es barbares du Nord du continent, se d\u00e9roule comme suit : si vous avez chez vous des habits et accessoires que vous ne d\u00e9sirez plus mettre mais qui sont tout de m\u00eame en bon \u00e9tat, amenez-les (et si vous n\u2019avez que des habits que vous portez, pr\u00e9sentez-vous les mains vides). Nous rassemblerons tout cela sur une table, et les personnes pr\u00e9sentes pourront se servir au moment annonc\u00e9 par le symposiarque. Le reste sera donn\u00e9 \u00e0 la Croix-Rouge, \u00e0 l\u2019aide suisse pour les pauvres montagnards ou institution analogue.<\/p>\n<p>En esp\u00e9rant vous voir nombreux le lundi 7 novembre, veuillez recevoir nos meilleurs messages,<\/p>\n<p>L\u2019Equipe de la Caverne, avec le soutien de la Chaire de Philosophie Antique<\/p>\n<p>Pour en savoir plus sur la cuisine:\u00a0<a href=\"https:\/\/www3.unil.ch\/wpmu\/caverne\/files\/2011\/10\/Manger-comme-les-anciens-Grecs-Maite%CC%81-Colin.pdf\">Manger comme les anciens Grecs &#8211; Mait\u00e9 Colin<\/a><br \/>\net sur la consommation de vin:\u00a0<a href=\"https:\/\/www.asso-unil.ch\/caverne\/files\/2011\/10\/Les-Banquets-et-le-vin-Evelyne-Mayer.pdf\">Les Banquets et le vin &#8211; Evelyne Mayer<\/a><\/p>\n","protected":false},"excerpt":{"rendered":"<p>Cher(es) ami-e-s de la sagesse, Nous avons le plaisir de vous inviter \u00e0 prendre part \u00e0\u00a0un nouveau Banquet dans la soir\u00e9e du lundi 7 novembre, date suppos\u00e9e de l&rsquo;anniversaire de [&hellip;]<\/p>\n","protected":false},"author":27,"featured_media":0,"parent":3586,"menu_order":6,"comment_status":"closed","ping_status":"closed","template":"","meta":{"_seopress_robots_primary_cat":"","_seopress_titles_title":"","_seopress_titles_desc":"","_seopress_robots_index":"","footnotes":""},"class_list":["post-999","page","type-page","status-publish"],"_links":{"self":[{"href":"https:\/\/www.asso-unil.ch\/caverne\/wp-json\/wp\/v2\/pages\/999","targetHints":{"allow":["GET"]}}],"collection":[{"href":"https:\/\/www.asso-unil.ch\/caverne\/wp-json\/wp\/v2\/pages"}],"about":[{"href":"https:\/\/www.asso-unil.ch\/caverne\/wp-json\/wp\/v2\/types\/page"}],"author":[{"embeddable":true,"href":"https:\/\/www.asso-unil.ch\/caverne\/wp-json\/wp\/v2\/users\/27"}],"replies":[{"embeddable":true,"href":"https:\/\/www.asso-unil.ch\/caverne\/wp-json\/wp\/v2\/comments?post=999"}],"version-history":[{"count":0,"href":"https:\/\/www.asso-unil.ch\/caverne\/wp-json\/wp\/v2\/pages\/999\/revisions"}],"up":[{"embeddable":true,"href":"https:\/\/www.asso-unil.ch\/caverne\/wp-json\/wp\/v2\/pages\/3586"}],"wp:attachment":[{"href":"https:\/\/www.asso-unil.ch\/caverne\/wp-json\/wp\/v2\/media?parent=999"}],"curies":[{"name":"wp","href":"https:\/\/api.w.org\/{rel}","templated":true}]}}