{"id":990,"date":"2012-01-22T15:05:24","date_gmt":"2012-01-22T14:05:24","guid":{"rendered":"http:\/\/www3.unil.ch\/wpmu\/caverne\/?page_id=990"},"modified":"2014-04-12T11:52:46","modified_gmt":"2014-04-12T09:52:46","slug":"banquet-du-22-septembre-2011","status":"publish","type":"page","link":"https:\/\/www.asso-unil.ch\/caverne\/banquets\/banquets-sp-12\/banquet-du-22-septembre-2011\/","title":{"rendered":"Banquet du 22 septembre 2011"},"content":{"rendered":"<p>Ch\u00e8res ma\u00eetresses et chers ma\u00eetres de la Caverne,<\/p>\n<p>Apr\u00e8s cet \u00e9t\u00e9 de pr\u00e9lassement moite sous un ciel tonnant, la Caverne vous offre un toit d\u00e8s la rentr\u00e9e pour affronter le gel \u00e9ventuel :\u00a0le jeudi 22 septembre \u00e0 18h00, nous vous attendons\u00a0\u00e0 la Grange\u00a0pour un nouveau Banquet.<\/p>\n<p>Par ailleurs, nous tenons \u00e0 rappeler \u00e0 ceux d&rsquo;entre vous qui pr\u00e9parent un projet artistique que nous attendons les scripts, sc\u00e8nes, sc\u00e9narios, concepts, descriptions, et autres textes d\u00e9finitifs&#8230;\u00a0avant le 11 septembre \u00e0 minuit.<br \/>\nPri\u00e8re de les envoyer directement \u00e0 nous trois.<br \/>\n(Vous pouvez simplement copier et coller la liste suivante dans le champ des destinataires:\u00a0<a href=\"mailto:Michael.Groneberg@unil.ch\">Michael.Groneberg@unil.ch<\/a>,\u00a0<a href=\"mailto:Vincent.Laughery@unil.ch\">Vincent.Laughery@unil.ch<\/a>,\u00a0<a href=\"mailto:Romain.Bionda@unil.ch\">Romain.Bionda@unil.ch<\/a>\u00a0.)<\/p>\n<div>En esp\u00e9rant que la pause \u00ab\u00a0estivale\u00a0\u00bb fut \u00e0 toutes et \u00e0 tous profitable, nous vous souhaitons une excellente semaine !Bien \u00e0 vous tous,<br \/>\nL&rsquo;\u00e9quipe des Ma\u00eetres de la Caverne.<\/div>\n","protected":false},"excerpt":{"rendered":"<p>Ch\u00e8res ma\u00eetresses et chers ma\u00eetres de la Caverne, Apr\u00e8s cet \u00e9t\u00e9 de pr\u00e9lassement moite sous un ciel tonnant, la Caverne vous offre un toit d\u00e8s la rentr\u00e9e pour affronter le [&hellip;]<\/p>\n","protected":false},"author":27,"featured_media":0,"parent":1050,"menu_order":6,"comment_status":"closed","ping_status":"closed","template":"","meta":{"_seopress_robots_primary_cat":"","_seopress_titles_title":"","_seopress_titles_desc":"","_seopress_robots_index":"","footnotes":""},"class_list":["post-990","page","type-page","status-publish"],"_links":{"self":[{"href":"https:\/\/www.asso-unil.ch\/caverne\/wp-json\/wp\/v2\/pages\/990","targetHints":{"allow":["GET"]}}],"collection":[{"href":"https:\/\/www.asso-unil.ch\/caverne\/wp-json\/wp\/v2\/pages"}],"about":[{"href":"https:\/\/www.asso-unil.ch\/caverne\/wp-json\/wp\/v2\/types\/page"}],"author":[{"embeddable":true,"href":"https:\/\/www.asso-unil.ch\/caverne\/wp-json\/wp\/v2\/users\/27"}],"replies":[{"embeddable":true,"href":"https:\/\/www.asso-unil.ch\/caverne\/wp-json\/wp\/v2\/comments?post=990"}],"version-history":[{"count":0,"href":"https:\/\/www.asso-unil.ch\/caverne\/wp-json\/wp\/v2\/pages\/990\/revisions"}],"up":[{"embeddable":true,"href":"https:\/\/www.asso-unil.ch\/caverne\/wp-json\/wp\/v2\/pages\/1050"}],"wp:attachment":[{"href":"https:\/\/www.asso-unil.ch\/caverne\/wp-json\/wp\/v2\/media?parent=990"}],"curies":[{"name":"wp","href":"https:\/\/api.w.org\/{rel}","templated":true}]}}