{"id":984,"date":"2012-01-22T15:04:08","date_gmt":"2012-01-22T14:04:08","guid":{"rendered":"http:\/\/www3.unil.ch\/wpmu\/caverne\/?page_id=984"},"modified":"2018-01-23T10:55:46","modified_gmt":"2018-01-23T09:55:46","slug":"banquet-du-13-avril-avec-prof-danielle-chaperon","status":"publish","type":"page","link":"https:\/\/www.asso-unil.ch\/caverne\/banquets\/banquets-sp-12\/banquet-du-13-avril-avec-prof-danielle-chaperon\/","title":{"rendered":"Banquet du 13 avril 2011 avec Prof. Danielle Chaperon"},"content":{"rendered":"<p>Sous l&rsquo;oeil avis\u00e9 et bienveillant de Mme la Professeure de dramaturgie Danielle Chaperon, il s&rsquo;agira d&rsquo;amorcer la r\u00e9flexion autour de la dramatisation et de la mise en sc\u00e8ne de contenus th\u00e9oriques. Les projets d\u00e9marreront \u00e0 ce moment-ci.<\/p>\n<p>Rejoignez-nous \u00e0 la\u00a0<strong>Grange de Dorigny\u00a0<\/strong>\u00e0 partir de 18h pour manger, boire et discuter de vos id\u00e9es de mise en sc\u00e8ne !<\/p>\n<p>Au programme\u00a0:<\/p>\n<p>18h\u00a000: Repas canadien<\/p>\n<p>19\u00a0h\u00a000: Pr\u00e9sentations individuelles des projets ou r\u00e9flexions de chacun<\/p>\n<p>20h30\u00a0: Pr\u00e9sentation de Prof. Danielle Chaperon (Professeure ordinaire en Section de Fran\u00e7ais, \u00e0 l\u2019UNIL, sp\u00e9cialiste de dramaturgie), puis, questions, r\u00e9actions et discussion g\u00e9n\u00e9rale<\/p>\n<p><img decoding=\"async\" src=\"https:\/\/www3.unil.ch\/wpmu\/caverne\/wp-includes\/js\/tinymce\/plugins\/wordpress\/img\/trans.gif\" alt=\"\" \/>Afin que notre banquet soit digne de ce nom, nous invitons les participants \u00e0 apporter un plat de votre confection (ou de confection industrielle si vous \u00eates complex\u00e9s par vos talents culinaires depuis que vous avez vu Top Chef) ainsi qu\u2019une bouteille dont le contenu sera alcoolis\u00e9 ou non \u00e0 votre guise. Ces boissons seront servies au moment d\u00e9cid\u00e9 par le symposiarque, qui g\u00e8rera le d\u00e9roulement du banquet.<br \/>\nLe th\u00e8me de la discussion variera en fonction des int\u00e9r\u00eats de chacun-e, mais la pr\u00e9sentation de Danielle Chaperon portera principalement sur les articulations possibles entre philosophie et th\u00e9\u00e2tre et sur les questions de la dramatisation et de la mise en sc\u00e8ne de vos id\u00e9es.<strong><\/strong><strong><\/strong><\/p>\n<p><strong>Afin d\u2019organiser le souper canadien, veuillez vous annoncer chez Romain.Bionda@unil.ch, s.v.p.<\/strong><\/p>\n<p><strong>Tout le monde est bienvenu. Pour une pr\u00e9sentation globale du projet, veuillez consulter les rubriques\u00a0<a title=\"Bienvenue !\" href=\"https:\/\/www3.unil.ch\/wpmu\/caverne\/\">\u00ab\u00a0Accueil\u00a0\u00bb<\/a>,\u00a0<a title=\"Pr\u00e9sentation\" href=\"https:\/\/www3.unil.ch\/wpmu\/caverne\/plan\/\">\u00ab\u00a0Pr\u00e9sentation\u00a0\u00bb<\/a>\u00a0et\u00a0<a title=\"Programme\" href=\"https:\/\/www3.unil.ch\/wpmu\/caverne\/programme\/\">\u00ab\u00a0Programme\u00a0\u00bb<\/a>\u00a0de notre site.<br \/>\n<\/strong><\/p>\n<p>&nbsp;<\/p>\n","protected":false},"excerpt":{"rendered":"<p>Sous l&rsquo;oeil avis\u00e9 et bienveillant de Mme la Professeure de dramaturgie Danielle Chaperon, il s&rsquo;agira d&rsquo;amorcer la r\u00e9flexion autour de la dramatisation et de la mise en sc\u00e8ne de contenus [&hellip;]<\/p>\n","protected":false},"author":27,"featured_media":0,"parent":1050,"menu_order":1,"comment_status":"closed","ping_status":"closed","template":"","meta":{"_seopress_robots_primary_cat":"","_seopress_titles_title":"","_seopress_titles_desc":"","_seopress_robots_index":"","footnotes":""},"class_list":["post-984","page","type-page","status-publish"],"_links":{"self":[{"href":"https:\/\/www.asso-unil.ch\/caverne\/wp-json\/wp\/v2\/pages\/984","targetHints":{"allow":["GET"]}}],"collection":[{"href":"https:\/\/www.asso-unil.ch\/caverne\/wp-json\/wp\/v2\/pages"}],"about":[{"href":"https:\/\/www.asso-unil.ch\/caverne\/wp-json\/wp\/v2\/types\/page"}],"author":[{"embeddable":true,"href":"https:\/\/www.asso-unil.ch\/caverne\/wp-json\/wp\/v2\/users\/27"}],"replies":[{"embeddable":true,"href":"https:\/\/www.asso-unil.ch\/caverne\/wp-json\/wp\/v2\/comments?post=984"}],"version-history":[{"count":0,"href":"https:\/\/www.asso-unil.ch\/caverne\/wp-json\/wp\/v2\/pages\/984\/revisions"}],"up":[{"embeddable":true,"href":"https:\/\/www.asso-unil.ch\/caverne\/wp-json\/wp\/v2\/pages\/1050"}],"wp:attachment":[{"href":"https:\/\/www.asso-unil.ch\/caverne\/wp-json\/wp\/v2\/media?parent=984"}],"curies":[{"name":"wp","href":"https:\/\/api.w.org\/{rel}","templated":true}]}}