{"id":982,"date":"2012-01-22T15:03:34","date_gmt":"2012-01-22T14:03:34","guid":{"rendered":"http:\/\/www3.unil.ch\/wpmu\/caverne\/?page_id=982"},"modified":"2014-05-05T15:43:43","modified_gmt":"2014-05-05T13:43:43","slug":"entre-fiction-et-histoire","status":"publish","type":"page","link":"https:\/\/www.asso-unil.ch\/caverne\/projets\/projets-2011-2012\/entre-fiction-et-histoire\/","title":{"rendered":"Entre fiction et histoire"},"content":{"rendered":"<h2>Les mises en sc\u00e8ne de personnages antiques par les philosophes, historiens et po\u00e8tes<\/h2>\n<h2>Journ\u00e9e d&rsquo;\u00e9tudes interdisciplinaires, organis\u00e9 par Michael Groneberg et Alexandrine Schniewind<\/h2>\n<h2>vendredi 1er avril, 10\u201318 h\u00a0au Ch\u00e2teau de Dorigny, Salle 107<br \/>\nouvert pour toutes et tous<br \/>\n(s&rsquo;annoncer chez Michael.Hertig@unil.ch)<\/h2>\n<p><img decoding=\"async\" src=\"https:\/\/www3.unil.ch\/wpmu\/caverne\/wp-includes\/js\/tinymce\/plugins\/wordpress\/img\/trans.gif\" alt=\"\" \/>10h\u00a0\u00a0\u00a0\u00a0 Accueil<\/p>\n<p>10h10 David Bouvier\u00a0(Grec Ancien, Unil) :\u00a0<em>L&rsquo;ironie de Socrate et le rire de la com\u00e9die<\/em><\/p>\n<p>11h00 Aur\u00e9lie Matthey\u00a0(Grec Ancien, Unil) :\u00a0<em>Le po\u00e8te avec ou contre le philosophe ?<\/em><\/p>\n<p>11h50 Pause<\/p>\n<p>12h00 Pierre S\u00e1nchez\u00a0(Histoire Ancienne, Unige) :\u00a0<em><br \/>\nDu guide \u00e9clair\u00e9 de la d\u00e9mocratie ath\u00e9nienne au mod\u00e8le \u00e0 suivre pour l\u2019empereur:<\/em><em>\u00a0La construction de la figure de P\u00e9ricl\u00e8s dans la litt\u00e9rature antique, de Thucydide \u00e0 Plutarque.<\/em><\/p>\n<p>12h50 Pause midi<\/p>\n<p>14h00 Alain Corbellari (Fran\u00e7ais M\u00e9di\u00e9val, Unil)\u00a0:\u00a0<em>Aristote, Merlin, Ab\u00e9lard et les autres: les malheurs du sage au Moyen \u00c2ge<\/em><\/p>\n<p>14h50 Filip Karfik (Philosophie Ancienne, Unifr) :\u00a0<em>Socrate \u00e0 Careggi<\/em><em><\/em><\/p>\n<p>15h40 Pause<\/p>\n<p>16h00 Hans-Georg von Arburg\u00a0(Litt\u00e9rature Allemande, Unil) :\u00a0<em>La le\u00e7on de Diotime ou la r\u00e9surrection de la Gr\u00e8ce chez H\u00f6lderlin<\/em><\/p>\n<p>16h50 Pierre B\u00fchler (Herm\u00e9neutique, Universit\u00e4t Z\u00fcrich):\u00a0<em>La figure de Socrate chez Kierkegaard et chez D\u00fcrrenmatt<\/em><\/p>\n<p>17h40 Discussion<\/p>\n<p>18h00 Fin<\/p>\n<p><a title=\"R\u00e9sum\u00e9s des interventions\" href=\"https:\/\/www3.unil.ch\/wpmu\/caverne\/archive\/entre-fiction-et-histoire\/resumes-des-interventions\/\" target=\"_blank\">R\u00e9sum\u00e9s des interventions<\/a><br \/>\nDes textes seront distribu\u00e9s lors des s\u00e9ances.\u00a0<a href=\"https:\/\/moodle.unil.ch\/course\/view.php?id=1886\" target=\"_blank\">Un dossier est mis \u00e0 disposition sur moodle<\/a>\u00a0pour les participant-e-s\u00a0 qui sont membres de l&rsquo;Unil.<\/p>\n","protected":false},"excerpt":{"rendered":"<p>Les mises en sc\u00e8ne de personnages antiques par les philosophes, historiens et po\u00e8tes Journ\u00e9e d&rsquo;\u00e9tudes interdisciplinaires, organis\u00e9 par Michael Groneberg et Alexandrine Schniewind vendredi 1er avril, 10\u201318 h\u00a0au Ch\u00e2teau de [&hellip;]<\/p>\n","protected":false},"author":27,"featured_media":0,"parent":1008,"menu_order":2,"comment_status":"closed","ping_status":"closed","template":"","meta":{"_seopress_robots_primary_cat":"","_seopress_titles_title":"","_seopress_titles_desc":"","_seopress_robots_index":"","footnotes":""},"class_list":["post-982","page","type-page","status-publish"],"_links":{"self":[{"href":"https:\/\/www.asso-unil.ch\/caverne\/wp-json\/wp\/v2\/pages\/982","targetHints":{"allow":["GET"]}}],"collection":[{"href":"https:\/\/www.asso-unil.ch\/caverne\/wp-json\/wp\/v2\/pages"}],"about":[{"href":"https:\/\/www.asso-unil.ch\/caverne\/wp-json\/wp\/v2\/types\/page"}],"author":[{"embeddable":true,"href":"https:\/\/www.asso-unil.ch\/caverne\/wp-json\/wp\/v2\/users\/27"}],"replies":[{"embeddable":true,"href":"https:\/\/www.asso-unil.ch\/caverne\/wp-json\/wp\/v2\/comments?post=982"}],"version-history":[{"count":0,"href":"https:\/\/www.asso-unil.ch\/caverne\/wp-json\/wp\/v2\/pages\/982\/revisions"}],"up":[{"embeddable":true,"href":"https:\/\/www.asso-unil.ch\/caverne\/wp-json\/wp\/v2\/pages\/1008"}],"wp:attachment":[{"href":"https:\/\/www.asso-unil.ch\/caverne\/wp-json\/wp\/v2\/media?parent=982"}],"curies":[{"name":"wp","href":"https:\/\/api.w.org\/{rel}","templated":true}]}}