{"id":751,"date":"2011-11-02T21:06:22","date_gmt":"2011-11-02T20:06:22","guid":{"rendered":"http:\/\/www3.unil.ch\/wpmu\/caverne\/?page_id=751"},"modified":"2014-04-12T11:53:19","modified_gmt":"2014-04-12T09:53:19","slug":"philosophie-de-neige-court-metrage-de-boutros-gregoire","status":"publish","type":"page","link":"https:\/\/www.asso-unil.ch\/caverne\/projets\/projets-2011-2012\/projets-en-cours\/philosophie-de-neige-court-metrage-de-boutros-gregoire\/","title":{"rendered":"\u00ab Rencontre au sommet \u00bb, court-m\u00e9trage de Boutros Gr\u00e9goire"},"content":{"rendered":"<p><span style=\"color: #339966\">Etat (\u00e0 la mi-novembre 2011) de l&rsquo;avancement du projet :<\/span><br \/>\nTexte en cours de correction. Posters de philosophes recherch\u00e9s !<\/p>\n<p><span style=\"color: #339966\">Pr\u00e9sentation :<\/span><br \/>\nUn homme seul, dans son chalet, mais qui c\u00f4toie tout plein de personnages imaginaires du pass\u00e9. Des philosophes qui tiennent un discours, et une femme qui chante.<\/p>\n<p>Le th\u00e8me du savant amateur. Met en sc\u00e8ne ses auteurs pr\u00e9f\u00e9r\u00e9s. Socrate, Platon, Sartre, Spinoza, Voltaire, Leibniz. La femme est la raison pour laquelle il est dans son chalet. Fuite d\u2019un souvenir d\u00e9\u00e7u. Dur\u00e9e\u00a0: 10-15min. Lieux: Un chalet, une biblioth\u00e8que.<\/p>\n","protected":false},"excerpt":{"rendered":"<p>Etat (\u00e0 la mi-novembre 2011) de l&rsquo;avancement du projet : Texte en cours de correction. Posters de philosophes recherch\u00e9s ! Pr\u00e9sentation : Un homme seul, dans son chalet, mais qui [&hellip;]<\/p>\n","protected":false},"author":27,"featured_media":0,"parent":208,"menu_order":7,"comment_status":"closed","ping_status":"closed","template":"","meta":{"_seopress_robots_primary_cat":"","_seopress_titles_title":"","_seopress_titles_desc":"","_seopress_robots_index":"","footnotes":""},"class_list":["post-751","page","type-page","status-publish"],"_links":{"self":[{"href":"https:\/\/www.asso-unil.ch\/caverne\/wp-json\/wp\/v2\/pages\/751","targetHints":{"allow":["GET"]}}],"collection":[{"href":"https:\/\/www.asso-unil.ch\/caverne\/wp-json\/wp\/v2\/pages"}],"about":[{"href":"https:\/\/www.asso-unil.ch\/caverne\/wp-json\/wp\/v2\/types\/page"}],"author":[{"embeddable":true,"href":"https:\/\/www.asso-unil.ch\/caverne\/wp-json\/wp\/v2\/users\/27"}],"replies":[{"embeddable":true,"href":"https:\/\/www.asso-unil.ch\/caverne\/wp-json\/wp\/v2\/comments?post=751"}],"version-history":[{"count":0,"href":"https:\/\/www.asso-unil.ch\/caverne\/wp-json\/wp\/v2\/pages\/751\/revisions"}],"up":[{"embeddable":true,"href":"https:\/\/www.asso-unil.ch\/caverne\/wp-json\/wp\/v2\/pages\/208"}],"wp:attachment":[{"href":"https:\/\/www.asso-unil.ch\/caverne\/wp-json\/wp\/v2\/media?parent=751"}],"curies":[{"name":"wp","href":"https:\/\/api.w.org\/{rel}","templated":true}]}}