{"id":746,"date":"2011-11-02T20:58:47","date_gmt":"2011-11-02T19:58:47","guid":{"rendered":"http:\/\/www3.unil.ch\/wpmu\/caverne\/?page_id=746"},"modified":"2014-04-12T11:53:19","modified_gmt":"2014-04-12T09:53:19","slug":"le-philosophe-et-le-stratege-mise-en-scene-par-michael-groneberg","status":"publish","type":"page","link":"https:\/\/www.asso-unil.ch\/caverne\/projets\/projets-2011-2012\/projets-en-cours\/le-philosophe-et-le-stratege-mise-en-scene-par-michael-groneberg\/","title":{"rendered":"\u00ab Le philosophe et le strat\u00e8ge \u00bb, mise en sc\u00e8ne par Michael Groneberg"},"content":{"rendered":"<p><span style=\"color: #339966\">Etat (\u00e0 la mi-novembre 2011) de l\u2019avancement du projet :<\/span><br \/>\nPr\u00e9paration du texte en cours.<\/p>\n<p><span style=\"color: #339966\">Annonce :<\/span><\/p>\n<p>Le dialogue du nom <em>Alcibiade<\/em> met en sc\u00e8ne la rencontre du philosophe par excellence, Socrate, avec un homme d&rsquo;\u00e9tat par excellence, Alcibiade.<\/p>\n<p>Il \u00e9claire le pr\u00e9cepte \u00ab Connais-toi toi-m\u00eame \u00bb, grav\u00e9 sur le fronton du temple de l&rsquo;oracle \u00e0 Delphes, et revendiqu\u00e9 par Socrate comme \u00e9tant le devoir de tout homme, d&rsquo;autant plus s\u2019il s&rsquo;implique en politique.<\/p>\n<p>La mise en \u0153uvre transforme ce texte en jeu transtemporel, voire en une lutte \u00e9ternelle entre les deux positions contraires du philosophe m\u00fbr et du jeune futur homme d\u2019\u00e9tat, entre l\u2019homme de la pens\u00e9e m\u00fbe par une ambition philosophique et l\u2019homme d\u2019action plein d\u2019ambition politique, entre la sagesse th\u00e9orique et la sagesse pratique, entre deux amis (peut-\u00eatre plus), entre deux adversaires aussi.<\/p>\n<p>\u00ab\u00a0Le Philosophe et le Strat\u00e8ge \u00bb pr\u00e9sente ces d\u00e9bats, en les dissociant du contexte antique et en accordant aux deux protagonistes le savoir des interpr\u00e9tations qu&rsquo;ils ont re\u00e7ues \u00e0 travers l&rsquo;histoire de la philosophie et de l&rsquo;art, dans une adaptation d\u00e9velopp\u00e9e par la troupe, ouverte \u00e0 \u00eatre pr\u00e9sent\u00e9e lors d&rsquo;un banquet, sur la sc\u00e8ne et ailleurs.<\/p>\n<p>Le projet poursuit ainsi le pr\u00e9cepte de la mise en sc\u00e8ne de \u00ab\u00a0Salut Socrate ! \u00bb,\u00a0 pr\u00e9sent\u00e9e lors du F\u00e9cule 2010. S&rsquo;y ajoutent pourtant deux dimensions nouvelles :<\/p>\n<ul>\n<li>On transcende le texte antique en int\u00e9grant des interpr\u00e9tations et mises en sc\u00e8ne de Socrate et Alcibiade (de Platon \u00e0 Nietzsche).<\/li>\n<li>Un accent est mis sur la sc\u00e9nographie (le <em>B\u00fchnenbild<\/em> au sens large, qui englobe le d\u00e9cor, l&rsquo;\u00e9clairage et la chor\u00e9graphie).<\/li>\n<\/ul>\n","protected":false},"excerpt":{"rendered":"<p>Etat (\u00e0 la mi-novembre 2011) de l\u2019avancement du projet : Pr\u00e9paration du texte en cours. Annonce : Le dialogue du nom Alcibiade met en sc\u00e8ne la rencontre du philosophe par [&hellip;]<\/p>\n","protected":false},"author":27,"featured_media":0,"parent":208,"menu_order":1,"comment_status":"closed","ping_status":"closed","template":"","meta":{"_seopress_robots_primary_cat":"","_seopress_titles_title":"","_seopress_titles_desc":"","_seopress_robots_index":"","footnotes":""},"class_list":["post-746","page","type-page","status-publish"],"_links":{"self":[{"href":"https:\/\/www.asso-unil.ch\/caverne\/wp-json\/wp\/v2\/pages\/746","targetHints":{"allow":["GET"]}}],"collection":[{"href":"https:\/\/www.asso-unil.ch\/caverne\/wp-json\/wp\/v2\/pages"}],"about":[{"href":"https:\/\/www.asso-unil.ch\/caverne\/wp-json\/wp\/v2\/types\/page"}],"author":[{"embeddable":true,"href":"https:\/\/www.asso-unil.ch\/caverne\/wp-json\/wp\/v2\/users\/27"}],"replies":[{"embeddable":true,"href":"https:\/\/www.asso-unil.ch\/caverne\/wp-json\/wp\/v2\/comments?post=746"}],"version-history":[{"count":0,"href":"https:\/\/www.asso-unil.ch\/caverne\/wp-json\/wp\/v2\/pages\/746\/revisions"}],"up":[{"embeddable":true,"href":"https:\/\/www.asso-unil.ch\/caverne\/wp-json\/wp\/v2\/pages\/208"}],"wp:attachment":[{"href":"https:\/\/www.asso-unil.ch\/caverne\/wp-json\/wp\/v2\/media?parent=746"}],"curies":[{"name":"wp","href":"https:\/\/api.w.org\/{rel}","templated":true}]}}