{"id":5503,"date":"2020-11-19T12:44:33","date_gmt":"2020-11-19T11:44:33","guid":{"rendered":"https:\/\/www.asso-unil.ch\/caverne\/?page_id=5503"},"modified":"2020-11-19T12:54:18","modified_gmt":"2020-11-19T11:54:18","slug":"appel-a-projet-de-creation","status":"publish","type":"page","link":"https:\/\/www.asso-unil.ch\/caverne\/projets\/appel-a-projet-de-creation\/","title":{"rendered":"Appel \u00e0 projet"},"content":{"rendered":"\n<figure class=\"wp-block-image alignwide size-large\"><img alt=\"\" loading=\"lazy\" decoding=\"async\" width=\"1000\" height=\"412\" src=\"https:\/\/www.asso-unil.ch\/caverne\/files\/2020\/11\/Lahontan.jpg\" alt=\"\" class=\"wp-image-5459\" srcset=\"https:\/\/www.asso-unil.ch\/caverne\/files\/2020\/11\/Lahontan.jpg 1000w, https:\/\/www.asso-unil.ch\/caverne\/files\/2020\/11\/Lahontan-300x124.jpg 300w\" sizes=\"auto, (max-width: 1000px) 100vw, 1000px\" \/><figcaption>Baron de Lahontan, Nouveaux voyages de Mr. le baron de Lahontan dans l&rsquo;Am\u00e9rique septentrionale, tome 1, La Haye, chez les fr\u00e8res L&rsquo;Honor\u00e9, 1703.<\/figcaption><\/figure>\n\n\n\n<p><strong>Mise au concours d\u2019un projet d\u2019exposition pour \u00e9tudiant\u00b7e\u00b7x\u00b7s<\/strong><\/p>\n\n\n\n<p>Les Ma\u00eetres de la Caverne est une association affili\u00e9e \u00e0 a section de philosophie de l\u2019Universit\u00e9 de Lausanne et encourage les \u00e9tudiant\u00b7e\u00b7x\u00b7s \u00e0 enrichir leurs r\u00e9flexions par l\u2019utilisation de divers m\u00e9dias dans une d\u00e9marche cr\u00e9atrice. A l\u2019Anthropole, entre la section de philosophie et la section d\u2019anglais, un espace nomm\u00e9 <em>INTERSPACE <\/em>est disponible comme plateforme physique pour mettre en avant des cr\u00e9ations picturales r\u00e9alis\u00e9es par des \u00e9tudiant\u00b7e\u00b7x\u00b7s avec le soutien des Ma\u00eetres de la Caverne.<\/p>\n\n\n\n<p>Nous proposons ainsi ce semestre de soumettre des projets cr\u00e9atifs qui soient adapt\u00e9s \u00e0 \u00eatre expos\u00e9 sur les parois de ce lieu, en suivant le th\u00e8me de la saison qui est \u201c<strong>Voyages et transitions<\/strong>\u201d.<\/p>\n\n\n\n<p>Si tu as une pratique artistique (po\u00e9sie, dessin, peinture, photographie ou tout autre chose), si ce th\u00e8me \u00e9veille une quelconque r\u00e9flexion ou si tu souhaites simplement exp\u00e9rimenter et voir tes \u0153uvres mises en valeur dans le contexte universitaire, alors envoie-nous un dossier pr\u00e9sentant ton projet sous la forme que tu souhaites avant le 18 d\u00e9cembre !<\/p>\n\n\n\n<p><strong>D\u00e9lai pour l\u2019envoi des dossiers :&nbsp;vendredi 18 d\u00e9cembre 2020<\/strong><\/p>\n\n\n\n<p class=\"has-text-align-center\">Pour toute question et pour envoyer ta candidature contacte <a rel=\"noreferrer noopener\" href=\"mailto:monica.unser@unil.ch\" target=\"_blank\">monica.unser@unil.ch<\/a><\/p>\n","protected":false},"excerpt":{"rendered":"<p>Mise au concours d\u2019un projet d\u2019exposition pour \u00e9tudiant\u00b7e\u00b7x\u00b7s Les Ma\u00eetres de la Caverne est une association affili\u00e9e \u00e0 a section de philosophie de l\u2019Universit\u00e9 de Lausanne et encourage les \u00e9tudiant\u00b7e\u00b7x\u00b7s [&hellip;]<\/p>\n","protected":false},"author":1001142,"featured_media":0,"parent":4667,"menu_order":0,"comment_status":"closed","ping_status":"closed","template":"","meta":{"_seopress_robots_primary_cat":"","_seopress_titles_title":"","_seopress_titles_desc":"","_seopress_robots_index":"","footnotes":""},"class_list":["post-5503","page","type-page","status-publish"],"_links":{"self":[{"href":"https:\/\/www.asso-unil.ch\/caverne\/wp-json\/wp\/v2\/pages\/5503","targetHints":{"allow":["GET"]}}],"collection":[{"href":"https:\/\/www.asso-unil.ch\/caverne\/wp-json\/wp\/v2\/pages"}],"about":[{"href":"https:\/\/www.asso-unil.ch\/caverne\/wp-json\/wp\/v2\/types\/page"}],"author":[{"embeddable":true,"href":"https:\/\/www.asso-unil.ch\/caverne\/wp-json\/wp\/v2\/users\/1001142"}],"replies":[{"embeddable":true,"href":"https:\/\/www.asso-unil.ch\/caverne\/wp-json\/wp\/v2\/comments?post=5503"}],"version-history":[{"count":0,"href":"https:\/\/www.asso-unil.ch\/caverne\/wp-json\/wp\/v2\/pages\/5503\/revisions"}],"up":[{"embeddable":true,"href":"https:\/\/www.asso-unil.ch\/caverne\/wp-json\/wp\/v2\/pages\/4667"}],"wp:attachment":[{"href":"https:\/\/www.asso-unil.ch\/caverne\/wp-json\/wp\/v2\/media?parent=5503"}],"curies":[{"name":"wp","href":"https:\/\/api.w.org\/{rel}","templated":true}]}}