{"id":5090,"date":"2018-04-11T00:25:28","date_gmt":"2018-04-10T22:25:28","guid":{"rendered":"http:\/\/www.asso-unil.ch\/caverne\/?page_id=5090"},"modified":"2024-11-20T12:47:17","modified_gmt":"2024-11-20T11:47:17","slug":"accueil","status":"publish","type":"page","link":"https:\/\/www.asso-unil.ch\/caverne\/","title":{"rendered":"Les Ma\u00eetres de la Caverne"},"content":{"rendered":"\n<div class=\"wp-block-group is-vertical is-content-justification-center is-layout-flex wp-container-core-group-is-layout-4b2eccd6 wp-block-group-is-layout-flex\">\n<h2>Qui sommes-nous?<\/h2>\n<p style=\"text-align: left\"><em>Les Ma\u00eetres de la Caverne<\/em>\u00a0est une association n\u00e9e en section de philosophie \u00e0 l\u2019uni de Lausanne. Elle a pour but d&rsquo;accompagner les \u00e9tudiant.e.x.s ou les professeur.e.x.s dans la mise en place d&rsquo;un projet artistique en lien avec les \u00e9tudes et la recherche acad\u00e9mique. Toute forme de m\u00e9dium artistique est bienvenu : th\u00e9\u00e2tre, cin\u00e9ma, peinture, performance, danse, peinture, dessin, musique, etc.<\/p>\n<h3>Tu as un projet de cr\u00e9ation?<\/h3>\n<p style=\"text-align: left\">L&rsquo;accompagnement de l&rsquo;association s&rsquo;effectue de diff\u00e9rentes mani\u00e8res. Au moins une fois par mois, un banquet est organis\u00e9 (g\u00e9n\u00e9ralement le mercredi soir). Il s&rsquo;agit de moments conviviaux pendant lesquels, autour d&rsquo;un verre et d&rsquo;un petit buffet, les \u00e9tudiant.e.x.s et les professeur.e.x.s discutent des projets artistiques potentiels et des th\u00e9matiques qui inspirent chacun.e.x.s.<\/p>\n<p style=\"text-align: left\">Des ateliers encadr\u00e9s par des professionnels sont organis\u00e9s selon les besoins des \u00e9tudiants. Des metteur.se.x.s en sc\u00e8ne, des cin\u00e9astes ou d&rsquo;autres professionnel.le.x.s de l&rsquo;art sont invit\u00e9s \u00e0 organiser des <em>workshop,<\/em> afin d&rsquo;aider la cr\u00e9ation.\u00a0<\/p>\n<p style=\"text-align: left\">L\u2019accompagnement des projet artistique par l&rsquo;association permet d\u2019exprimer et de concr\u00e9tiser les r\u00e9flexions \u00e9veill\u00e9es par les \u00e9tudes. De cette mani\u00e8re, les enjeux scientifiques et culturels prennent forme dans la cr\u00e9ation artistique, m\u00e9dium inhabituel dans un cadre acad\u00e9mique. Le but g\u00e9n\u00e9ral est de catalyser et d\u2019explorer la \u00ab mise en \u0153uvre \u00bb de la pens\u00e9e \u2013 ce qui inclut les r\u00e9flexions d\u00e9clench\u00e9es par les \u00e9tudes, la transmission du savoir et la recherche.\u00a0<\/p>\n<p style=\"text-align: left\">Chaque ann\u00e9e, un th\u00e8me qui nous touche en tant qu\u2019universitaires est\u00a0d\u00e9fini pour susciter des id\u00e9es,\u00a0mais l\u2019emploi de ce th\u00e8me n\u2019est pas une pr\u00e9rogative \u00e0 la construction d\u2019un projet.<\/p>\n<h3>Viens nous rencontrer!<\/h3>\n<p style=\"text-align: left\">Pour \u00eatre au courant des prochains \u00e9v\u00e9nements et rendez-vous, jette un \u0153il \u00e0 notre <a href=\"https:\/\/www.asso-unil.ch\/caverne\/events\/\">agenda.<\/a><\/p>\n<p style=\"text-align: left\">\u00a0<\/p>\n<\/div>\n\n\n\n<p><\/p>\n","protected":false},"excerpt":{"rendered":"<p>Qui sommes-nous? Les Ma\u00eetres de la Caverne\u00a0est une association n\u00e9e en section de philosophie \u00e0 l\u2019uni de Lausanne. Elle a pour but d&rsquo;accompagner les \u00e9tudiant.e.x.s ou les professeur.e.x.s dans la [&hellip;]<\/p>\n","protected":false},"author":1001079,"featured_media":5741,"parent":0,"menu_order":0,"comment_status":"closed","ping_status":"closed","template":"","meta":{"_seopress_robots_primary_cat":"","_seopress_titles_title":"","_seopress_titles_desc":"","_seopress_robots_index":"","footnotes":""},"class_list":["post-5090","page","type-page","status-publish","has-post-thumbnail"],"_links":{"self":[{"href":"https:\/\/www.asso-unil.ch\/caverne\/wp-json\/wp\/v2\/pages\/5090","targetHints":{"allow":["GET"]}}],"collection":[{"href":"https:\/\/www.asso-unil.ch\/caverne\/wp-json\/wp\/v2\/pages"}],"about":[{"href":"https:\/\/www.asso-unil.ch\/caverne\/wp-json\/wp\/v2\/types\/page"}],"author":[{"embeddable":true,"href":"https:\/\/www.asso-unil.ch\/caverne\/wp-json\/wp\/v2\/users\/1001079"}],"replies":[{"embeddable":true,"href":"https:\/\/www.asso-unil.ch\/caverne\/wp-json\/wp\/v2\/comments?post=5090"}],"version-history":[{"count":5,"href":"https:\/\/www.asso-unil.ch\/caverne\/wp-json\/wp\/v2\/pages\/5090\/revisions"}],"predecessor-version":[{"id":5770,"href":"https:\/\/www.asso-unil.ch\/caverne\/wp-json\/wp\/v2\/pages\/5090\/revisions\/5770"}],"wp:featuredmedia":[{"embeddable":true,"href":"https:\/\/www.asso-unil.ch\/caverne\/wp-json\/wp\/v2\/media\/5741"}],"wp:attachment":[{"href":"https:\/\/www.asso-unil.ch\/caverne\/wp-json\/wp\/v2\/media?parent=5090"}],"curies":[{"name":"wp","href":"https:\/\/api.w.org\/{rel}","templated":true}]}}