{"id":4851,"date":"2017-12-07T14:34:17","date_gmt":"2017-12-07T13:34:17","guid":{"rendered":"http:\/\/www.asso-unil.ch\/caverne\/?page_id=4851"},"modified":"2018-09-22T18:57:16","modified_gmt":"2018-09-22T16:57:16","slug":"les-editions-dechainees","status":"publish","type":"page","link":"https:\/\/www.asso-unil.ch\/caverne\/les-editions-dechainees\/","title":{"rendered":"Les Editions D\u00e9cha\u00een\u00e9es"},"content":{"rendered":"<p><img loading=\"lazy\" decoding=\"async\" class=\"alignnone size-medium\" src=\"https:\/\/www.zupimages.net\/up\/17\/49\/n9o5.png\" width=\"2018\" height=\"530\"><\/p>\n<h2><span style=\"color: #000000\">Nous avons le plaisir de vous annoncer, avec une oscillation d\u2019excitation dans la voix, l\u2019aboutissement d\u2019un projet que la Caverne couve depuis d\u00e9j\u00e0 un certain temps&nbsp;: la cr\u00e9ation de nos Editions D\u00e9cha\u00een\u00e9es.<\/span><\/h2>\n<h2>C\u2019est avec le texte dramaturgique de Gr\u00e9gory Thonney intitul\u00e9 <em>La Pi\u00e8ce<\/em> et pour lequel l\u2019auteur a gagn\u00e9 le prix \u00ab&nbsp;Adresse Inconnue&nbsp;\u00bb que ces \u00e9ditions ind\u00e9pendantes et non lucratives voient le jour. <em>La Pi\u00e8ce<\/em> a \u00e9t\u00e9 cr\u00e9\u00e9e initialement pour le Festival F\u00e9cule 2017. Elle a continu\u00e9 d\u2019\u00eatre jou\u00e9e au th\u00e9\u00e2tre de la Colombe le 8 et le 9 d\u00e9cembre, ainsi que le 2 et 3 f\u00e9vrier.<\/h2>\n<h2>Le texte dramatique est suivi&nbsp; d&rsquo;un <em>A propos<\/em> r\u00e9dig\u00e9 par Nino Fournier, un texte qui se propose de rendre compte de la mise en sc\u00e8ne et du texte de Gr\u00e9gory Thonney.<\/h2>\n<p>&nbsp;<\/p>\n<h2>Les Editions D\u00e9cha\u00een\u00e9es se d\u00e9clineront, dans le futur, sous deux formes diff\u00e9rentes&nbsp;: un format poche, comme ce premier texte, qui a pour but de promouvoir les textes de cr\u00e9ation les plus aboutis et un magazine dans lequel il s\u2019agira plut\u00f4t de r\u00e9aliser des r\u00e9trospectives en pr\u00e9sentant des projets divers et vari\u00e9s \u00e0 l\u2019aide d\u2019articles, d\u2019interviews et d\u2019images.<\/h2>\n<h2>Sachez que <em>La Pi\u00e8ce<\/em> est disponible chez Basta et au foyer de la&nbsp;Grange de Dorigny au prix de vente de seulement 5 francs. La Caverne ne fait aucun b\u00e9n\u00e9fice, mais couvre une partie des co\u00fbts de production.<\/h2>\n","protected":false},"excerpt":{"rendered":"<p>Nous avons le plaisir de vous annoncer, avec une oscillation d\u2019excitation dans la voix, l\u2019aboutissement d\u2019un projet que la Caverne couve depuis d\u00e9j\u00e0 un certain temps&nbsp;: la cr\u00e9ation de nos [&hellip;]<\/p>\n","protected":false},"author":1001079,"featured_media":5266,"parent":0,"menu_order":0,"comment_status":"closed","ping_status":"closed","template":"","meta":{"_seopress_robots_primary_cat":"","_seopress_titles_title":"","_seopress_titles_desc":"","_seopress_robots_index":"","footnotes":""},"class_list":["post-4851","page","type-page","status-publish","has-post-thumbnail"],"_links":{"self":[{"href":"https:\/\/www.asso-unil.ch\/caverne\/wp-json\/wp\/v2\/pages\/4851","targetHints":{"allow":["GET"]}}],"collection":[{"href":"https:\/\/www.asso-unil.ch\/caverne\/wp-json\/wp\/v2\/pages"}],"about":[{"href":"https:\/\/www.asso-unil.ch\/caverne\/wp-json\/wp\/v2\/types\/page"}],"author":[{"embeddable":true,"href":"https:\/\/www.asso-unil.ch\/caverne\/wp-json\/wp\/v2\/users\/1001079"}],"replies":[{"embeddable":true,"href":"https:\/\/www.asso-unil.ch\/caverne\/wp-json\/wp\/v2\/comments?post=4851"}],"version-history":[{"count":0,"href":"https:\/\/www.asso-unil.ch\/caverne\/wp-json\/wp\/v2\/pages\/4851\/revisions"}],"wp:featuredmedia":[{"embeddable":true,"href":"https:\/\/www.asso-unil.ch\/caverne\/wp-json\/wp\/v2\/media\/5266"}],"wp:attachment":[{"href":"https:\/\/www.asso-unil.ch\/caverne\/wp-json\/wp\/v2\/media?parent=4851"}],"curies":[{"name":"wp","href":"https:\/\/api.w.org\/{rel}","templated":true}]}}