{"id":4772,"date":"2017-10-23T15:48:41","date_gmt":"2017-10-23T13:48:41","guid":{"rendered":"http:\/\/www.asso-unil.ch\/caverne\/?page_id=4772"},"modified":"2018-01-23T14:07:58","modified_gmt":"2018-01-23T13:07:58","slug":"lecharde-amina-gudzevic","status":"publish","type":"page","link":"https:\/\/www.asso-unil.ch\/caverne\/banquets\/programme-et-evenements\/programme-2016-2017\/lecharde-amina-gudzevic\/","title":{"rendered":"L&rsquo;\u00e9charde &#8211; Amina Gudzevic"},"content":{"rendered":"<h6><strong>La troupe Avant-Garde <\/strong><\/h6>\n<p>La troupe Avant-Garde est une troupe amateur qui est compos\u00e9e majoritairement d\u2019\u00e9tudiants de l\u2019universit\u00e9 de Lausanne, mais aussi d\u2019autres fili\u00e8res d\u2019\u00e9tudes. Elle a \u00e9t\u00e9 cr\u00e9e en parall\u00e8le de ce projet en lice pour le F\u00e9cule festival 2017. Tous ont d\u00e9j\u00e0 des ann\u00e9es de th\u00e9\u00e2tre derri\u00e8re eux, que ce soit dans des troupes amateurs ou au sein d\u2019un conservatoire. Bien que leurs parcours soient diff\u00e9rents, une chose les r\u00e9unit ici&nbsp;: la motivation et l\u2019engouement de donner vie, ensemble, \u00e0 ce projet.&nbsp; Par leur exp\u00e9rience, les com\u00e9diens ont \u00e0 leur disposition un espace d\u2019interpr\u00e9tation large qui leur permet de construire leur jeu et d\u2019allier leurs forces.<\/p>\n<p><img loading=\"lazy\" decoding=\"async\" class=\"alignnone size-medium\" src=\"https:\/\/www.zupimages.net\/up\/17\/43\/w3nj.jpg\" width=\"2048\" height=\"1365\"><\/p>\n<h6><strong>L\u2019\u00e9charde, un texte d\u2019Amina Gudzevic <\/strong><\/h6>\n<blockquote><p><em>&nbsp;<\/em><em>\u00ab&nbsp;Laisse ta voix s\u2019\u00e9lever si haut&nbsp;<\/em><em>qu\u2019elle r\u00e9sonnera dans le coeur de tous. Laisse ton corps bouger pour que la gravit\u00e9 elle-m\u00eame ait&nbsp;<\/em><em>l\u2019impression d\u2019\u00eatre de trop.&nbsp;\u00bb<\/em><\/p><\/blockquote>\n<p>Dans \u00ab&nbsp;L\u2019\u00e9charde&nbsp;\u00bb, on ne situe l\u2019action ni dans le temps, ni dans l\u2019espace. La pi\u00e8ce d\u00e9bute par des sons, des cris, la terreur et les d\u00e9tonations. Le public est dans le noir, il entend mais ne voit rien. Puis nous faisons connaissance avec Simon, le protagoniste de la pi\u00e8ce. Simon est journaliste, il vient d\u2019y avoir une fusillade, probablement un acte terroriste. Il est sur l\u2019affaire et esp\u00e8re ainsi&nbsp; que sa plume prendra plus de valeur au sein du journal dans lequel il travaille. Constance, sa femme, ne comprend pas la mani\u00e8re dont Simon interpr\u00e8te les \u00e9v\u00e8nements&nbsp;: alors qu\u2019il y voit des responsabilit\u00e9s qui vont lui amener de la reconnaissance et une promotion, Constance, elle, pense aux victimes, aux familles. Elle tente de le raisonner mais lorsque l\u2019affaire prend des proportions incontr\u00f4lables Constance se range alors du c\u00f4t\u00e9 de Simon. En effet, Marc, le \u00ab&nbsp;boss&nbsp;\u00bb de Simon au journal, lui demande d\u2019int\u00e9grer une interview d\u2019une rescap\u00e9e de la fusillade \u00e0 son article.<\/p>\n<figure style=\"width: 1392px\" class=\"wp-caption alignnone\"><img loading=\"lazy\" decoding=\"async\" src=\"https:\/\/www.zupimages.net\/up\/17\/43\/4na4.jpg\" alt=\"\" width=\"1392\" height=\"927\"><figcaption class=\"wp-caption-text\">L\u2019\u00e9charde. Image droits r\u00e9serv\u00e9s \u00aeDamien Carnal<\/figcaption><\/figure>\n<p>Simon rencontre Lola, une jeune com\u00e9dienne orpheline et vieille amie de sa femme. Lors de leur rencontre, Simon prend conscience que parfois, on ne peut pas <em>dire<\/em> l\u2019horreur. Lola ne veut, et ne peut pas mettre des mots sur ce qu\u2019elle a v\u00e9cu. Mais soudain, tout deux prennent conscience que l\u2019art leur permet d\u2019exprimer l\u00e0 o\u00f9 les mots \u00e9chouent. Ici nous parlons d\u2019art total, il s\u2019agit de peinture, de danse, de musique\u2026<\/p>\n<figure style=\"width: 1392px\" class=\"wp-caption alignnone\"><img loading=\"lazy\" decoding=\"async\" src=\"https:\/\/www.zupimages.net\/up\/17\/43\/mhje.jpg\" alt=\"\" width=\"1392\" height=\"927\"><figcaption class=\"wp-caption-text\">L\u2019\u00e9charde. Image droits r\u00e9serv\u00e9s \u00aeDamien Carnal<\/figcaption><\/figure>\n<p>La r\u00e9flexion se pose sur le point suivant&nbsp;: Comment parler d\u2019Horreur, lors d\u2019\u00e9v\u00e8nements qui exigent le devoir de m\u00e9moire&nbsp;de mani\u00e8re autre que la parole ? Comment toucher les gens, la population, sans inspirer la haine et la division&nbsp;?<\/p>\n<h6><strong>Note d\u2019intention&nbsp;<\/strong><\/h6>\n<p>La pi\u00e8ce est compos\u00e9e sous forme de tableaux qui se succ\u00e8dent. Dans celle-ci seront int\u00e9gr\u00e9es des performances artistiques (danse, chant, peinture) afin de cr\u00e9er un espace&nbsp; o\u00f9 le corps prend autant de place que la parole.<\/p>\n<figure style=\"width: 1392px\" class=\"wp-caption alignnone\"><img loading=\"lazy\" decoding=\"async\" src=\"https:\/\/www.zupimages.net\/up\/17\/43\/6vr2.jpg\" alt=\"\" width=\"1392\" height=\"927\"><figcaption class=\"wp-caption-text\">L\u2019\u00e9charde. Image droits r\u00e9serv\u00e9s \u00aeDamien Carnal<\/figcaption><\/figure>\n<h6>Participants&nbsp;<\/h6>\n<p>Amina Gudzevic &#8211; Auteur\/Metteur en sc\u00e8ne<\/p>\n<p>Werly Marion &#8211; Sc\u00e9nographie\/Metteur en sc\u00e8ne<\/p>\n<p>Praz Hadrien &#8211; com\u00e9dien, r\u00f4le de Simon<\/p>\n<p>Lamon Fiona &#8211; com\u00e9dienne, r\u00f4le de Constance<\/p>\n<p>Hugentobler&nbsp; Thibault &#8211; com\u00e9dien, r\u00f4le de Marc<\/p>\n<p>Volckaert Orlane &#8211; com\u00e9dienne r\u00f4le de Lola<\/p>\n<p style=\"text-align: right\">Article r\u00e9dig\u00e9 par Amina Gudzevic<\/p>\n<h6>Pour en savoir plus&#8230;<\/h6>\n<p><a href=\"https:\/\/wp.unil.ch\/ateliercritique\/2017\/05\/convaincre-par-lart\/\">Marek Chojecki a \u00e9crit&nbsp;<\/a><em>Convaincre par l&rsquo;art,&nbsp;<\/em>une critique de la pi\u00e8ce d&rsquo;Amina. La critique a \u00e9t\u00e9 publi\u00e9e sur le site de l&rsquo;Atelier Critique organis\u00e9 par la section de Fran\u00e7ais de l&rsquo;UNIL.&nbsp;<\/p>\n<p>Sur lebillet.ch il est \u00e9galement possible de lire&nbsp;<em><a href=\"https:\/\/lebillet.ch\/rencontre-amina-gudzevic-jeune-femme-a-lallure-engagee\/\">Rencontre &#8211; Amina Gudzevic, une jeune femme \u00e0 l&rsquo;allure engag\u00e9e<\/a>&nbsp;<\/em>\u00e0 propos de&nbsp;<em>L&rsquo;\u00e9charde<\/em>.<\/p>\n","protected":false},"excerpt":{"rendered":"<p>La troupe Avant-Garde La troupe Avant-Garde est une troupe amateur qui est compos\u00e9e majoritairement d\u2019\u00e9tudiants de l\u2019universit\u00e9 de Lausanne, mais aussi d\u2019autres fili\u00e8res d\u2019\u00e9tudes. Elle a \u00e9t\u00e9 cr\u00e9e en parall\u00e8le [&hellip;]<\/p>\n","protected":false},"author":1001079,"featured_media":0,"parent":4306,"menu_order":0,"comment_status":"closed","ping_status":"closed","template":"","meta":{"_seopress_robots_primary_cat":"","_seopress_titles_title":"","_seopress_titles_desc":"","_seopress_robots_index":"","footnotes":""},"class_list":["post-4772","page","type-page","status-publish"],"_links":{"self":[{"href":"https:\/\/www.asso-unil.ch\/caverne\/wp-json\/wp\/v2\/pages\/4772","targetHints":{"allow":["GET"]}}],"collection":[{"href":"https:\/\/www.asso-unil.ch\/caverne\/wp-json\/wp\/v2\/pages"}],"about":[{"href":"https:\/\/www.asso-unil.ch\/caverne\/wp-json\/wp\/v2\/types\/page"}],"author":[{"embeddable":true,"href":"https:\/\/www.asso-unil.ch\/caverne\/wp-json\/wp\/v2\/users\/1001079"}],"replies":[{"embeddable":true,"href":"https:\/\/www.asso-unil.ch\/caverne\/wp-json\/wp\/v2\/comments?post=4772"}],"version-history":[{"count":0,"href":"https:\/\/www.asso-unil.ch\/caverne\/wp-json\/wp\/v2\/pages\/4772\/revisions"}],"up":[{"embeddable":true,"href":"https:\/\/www.asso-unil.ch\/caverne\/wp-json\/wp\/v2\/pages\/4306"}],"wp:attachment":[{"href":"https:\/\/www.asso-unil.ch\/caverne\/wp-json\/wp\/v2\/media?parent=4772"}],"curies":[{"name":"wp","href":"https:\/\/api.w.org\/{rel}","templated":true}]}}