{"id":4751,"date":"2017-10-23T15:29:36","date_gmt":"2017-10-23T13:29:36","guid":{"rendered":"http:\/\/www.asso-unil.ch\/caverne\/?page_id=4751"},"modified":"2018-09-21T23:28:45","modified_gmt":"2018-09-21T21:28:45","slug":"projets-2016-2017","status":"publish","type":"page","link":"https:\/\/www.asso-unil.ch\/caverne\/projets\/projets-2016-2017\/","title":{"rendered":"Projets 2016-2017"},"content":{"rendered":"<p><a href=\"https:\/\/www.asso-unil.ch\/caverne\/regulation-de-la-mondialisation-governing-globalisation\/\"><img loading=\"lazy\" decoding=\"async\" class=\"\" src=\"https:\/\/www.zupimages.net\/up\/17\/44\/g8ci.jpg\" alt=\"\" width=\"1110\" height=\"683\"><\/a><\/p>\n<p><a href=\"https:\/\/www.asso-unil.ch\/caverne\/lecharde-amina-gudzevic\/\"><img loading=\"lazy\" decoding=\"async\" class=\"alignnone\" src=\"https:\/\/www.zupimages.net\/up\/17\/43\/r3xz.jpg\" alt=\"\" width=\"1192\" height=\"793\"><\/a><\/p>\n<p><a href=\"https:\/\/www.asso-unil.ch\/caverne\/sans-titre-de-la-troupe-chut\/\"><img loading=\"lazy\" decoding=\"async\" class=\"\" src=\"https:\/\/www.zupimages.net\/up\/17\/43\/34rp.jpg\" alt=\"\" width=\"1212\" height=\"809\"><\/a><\/p>\n<p><a href=\"https:\/\/www.asso-unil.ch\/caverne\/prix-adresse-inconnue-2017\/\"><img loading=\"lazy\" decoding=\"async\" class=\"\" src=\"https:\/\/www.zupimages.net\/up\/17\/43\/toao.jpg\" alt=\"\" width=\"1296\" height=\"865\"><\/a><\/p>\n<h6>Pr\u00e9sentations des projets suivants \u00e0 venir&#8230;<\/h6>\n<p><em>Mouvements&nbsp;<\/em>de Virgile Delmas&nbsp;et&nbsp;<em>Soft Cigu\u00eb&nbsp;<\/em>d&rsquo;Aur\u00e9lien Berset<\/p>\n","protected":false},"excerpt":{"rendered":"<p>Pr\u00e9sentations des projets suivants \u00e0 venir&#8230; Mouvements&nbsp;de Virgile Delmas&nbsp;et&nbsp;Soft Cigu\u00eb&nbsp;d&rsquo;Aur\u00e9lien Berset<\/p>\n","protected":false},"author":1001079,"featured_media":0,"parent":4667,"menu_order":0,"comment_status":"closed","ping_status":"closed","template":"","meta":{"_seopress_robots_primary_cat":"","_seopress_titles_title":"","_seopress_titles_desc":"","_seopress_robots_index":"","footnotes":""},"class_list":["post-4751","page","type-page","status-publish"],"_links":{"self":[{"href":"https:\/\/www.asso-unil.ch\/caverne\/wp-json\/wp\/v2\/pages\/4751","targetHints":{"allow":["GET"]}}],"collection":[{"href":"https:\/\/www.asso-unil.ch\/caverne\/wp-json\/wp\/v2\/pages"}],"about":[{"href":"https:\/\/www.asso-unil.ch\/caverne\/wp-json\/wp\/v2\/types\/page"}],"author":[{"embeddable":true,"href":"https:\/\/www.asso-unil.ch\/caverne\/wp-json\/wp\/v2\/users\/1001079"}],"replies":[{"embeddable":true,"href":"https:\/\/www.asso-unil.ch\/caverne\/wp-json\/wp\/v2\/comments?post=4751"}],"version-history":[{"count":0,"href":"https:\/\/www.asso-unil.ch\/caverne\/wp-json\/wp\/v2\/pages\/4751\/revisions"}],"up":[{"embeddable":true,"href":"https:\/\/www.asso-unil.ch\/caverne\/wp-json\/wp\/v2\/pages\/4667"}],"wp:attachment":[{"href":"https:\/\/www.asso-unil.ch\/caverne\/wp-json\/wp\/v2\/media?parent=4751"}],"curies":[{"name":"wp","href":"https:\/\/api.w.org\/{rel}","templated":true}]}}