{"id":4742,"date":"2017-10-23T13:51:05","date_gmt":"2017-10-23T11:51:05","guid":{"rendered":"http:\/\/www.asso-unil.ch\/caverne\/?page_id=4742"},"modified":"2017-10-24T10:31:38","modified_gmt":"2017-10-24T08:31:38","slug":"sans-titre-de-la-troupe-chut","status":"publish","type":"page","link":"https:\/\/www.asso-unil.ch\/caverne\/sans-titre-de-la-troupe-chut\/","title":{"rendered":"Sans titre  &#8211; de la troupe Chut !"},"content":{"rendered":"<h5>Origine de la cr\u00e9ation<\/h5>\n<p><img loading=\"lazy\" decoding=\"async\" class=\"alignnone size-medium\" src=\"https:\/\/www.zupimages.net\/up\/17\/43\/qma6.jpg\" width=\"1370\" height=\"796\"><\/p>\n<p class=\"p1\">L\u2019ann\u00e9e pass\u00e9e, durant le festival de la Cit\u00e9, j\u2019assiste \u00e0 un concert du groupe \u00ab&nbsp;<span class=\"s1\">La Colonie de Vacances <\/span>\u00bb : il s\u2019agit en fait d\u2019une \u00ab performance quadriphonique \u00bb o\u00f9 4 groupes diff\u00e9rents de musiciens sont plac\u00e9s sur 4 sc\u00e8nes, dispos\u00e9es chacune dans un coin de la salle. Les sons et les fr\u00e9quences sont diffus\u00e9s depuis quatre \u00e9metteurs combin\u00e9s dans un cercle de 360 degr\u00e9s, rendant l\u2019<span class=\"s1\">immersion <\/span>du spectateur\/auditeur encore plus profonde. Marqu\u00e9e par cette exp\u00e9rience musicale, l\u2019id\u00e9e que ce genre de dispositif peut s\u2019appliquer au th\u00e9\u00e2tre \u00e9merge\u2026 pourquoi ne pas mettre en place, dans un grand espace, plusieurs sc\u00e8nes o\u00f9 diff\u00e9rentes pi\u00e8ces th\u00e9\u00e2trales se r\u00e9pondent et s\u2019alternent, chacune avec un univers particulier tout en ayant un lien avec la pi\u00e8ce dans l\u2019ensemble ?<\/p>\n<p class=\"p1\">En septembre 2016, lors de ma 3\u00e8me ann\u00e9e de Bachelor en philosophie et anglais, je suis le cours intitul\u00e9 \u00ab Philosophie g\u00e9n\u00e9rale et syst\u00e9matique : la pens\u00e9e th\u00e9\u00e2trale \u00bb donn\u00e9 par Michael Groneberg. Cet enseignement appr\u00e9hende le th\u00e9\u00e2tre sous un prisme philosophique, en abordant certains auteurs, plus particuli\u00e8rement le penseur et metteur en sc\u00e8ne <span class=\"s1\">Denis Gu\u00e9noun<\/span>, que j\u2019ai eu la chance de rencontrer lors du colloque organis\u00e9 par Michael&nbsp;<span class=\"s2\">Groneberg, <\/span>Le Penser de la sc\u00e8ne.<\/p>\n<p class=\"p1\">Fascin\u00e9e par l\u2019exp\u00e9rience sensorielle du concert de la Colonie de Vacances et anim\u00e9e par ces nombreuses questions autour du th\u00e9\u00e2tre, de ses limites et de sa place, soulev\u00e9es lors du s\u00e9minaire et du colloque, je commence \u00e0 imaginer le&nbsp;<span class=\"s2\">concept d\u2019une <\/span>\u00ab exposition th\u00e9\u00e2trale \u00bb<span class=\"s2\">.&nbsp;<\/span><\/p>\n<p class=\"p1\">En 2015, nous cr\u00e9ons, des amis et moi, une troupe de th\u00e9\u00e2tre amateur que l\u2019on nomme Chut!. Notre troupe a comme but principal de permettre aux jeunes \u2013 qui ont parfois une id\u00e9e arr\u00eat\u00e9e du th\u00e9\u00e2tre \u2013 d\u2019appr\u00e9cier et d\u00e9couvrir cet art sc\u00e9nique sous de nouvelles formes et sous une approche plus alternative. Les deux principaux objectifs sont donc de pouvoir permettre \u00e0 un maximum de personnes motiv\u00e9es \u2013 ayant d\u00e9j\u00e0 tent\u00e9 l\u2019exp\u00e9rience th\u00e9\u00e2trale ou pas \u2013 de participer \u00e0 un projet th\u00e9\u00e2tral. Notre premier spectacle se d\u00e9roule en 2016 dans le cadre du Festival F\u00e9cule : il s\u2019agit d\u2019une pi\u00e8ce de <span class=\"s1\">Jean-Fran\u00e7ois Sivadier<\/span>, Italienne scene, mise en ab\u00eeme qui expose les al\u00e9as du processus de cr\u00e9ation d\u2019une pi\u00e8ce de th\u00e9\u00e2tre.<\/p>\n<p class=\"p1\">Le colloque Le Penser de la sc\u00e8ne ainsi que le s\u00e9minaire de Michael Groneberg ont suscit\u00e9 en moi beaucoup de r\u00e9flexions. En effet, lors de la rencontre avec Denis Gu\u00e9noun, nous avons longuement abord\u00e9 la question du th\u00e9\u00e2tre amateur face au th\u00e9\u00e2tre professionnel. C\u2019est effectivement un art dans lequel les deux ne peuvent que tr\u00e8s difficilement se m\u00e9langer. De cela, il faut donc en retirer les aspects positifs. Les amateurs ont-ils plus ou moins de libert\u00e9 face \u00e0 cet art relativement strict ? C\u2019est l\u00e0 qu\u2019\u00e9merge l\u2019id\u00e9e d\u2019accentuer le c\u00f4t\u00e9 amateur, ou en tout cas d\u00e9tendu et alternatif, en donnant la possibilit\u00e9 aux gens (autant les com\u00e9diens que les spectateurs) de boire des bi\u00e8res ou de boire un godet de vin durant le spectacle et, aussi, d\u2019accepter les quelques minutes de retard de certains. Le th\u00e9\u00e2tre professionnel est souvent, selon moi, plus grandiose, plus puissant, tandis que le th\u00e9\u00e2tre amateur a la force du touchant et du proche de tout le monde. Le th\u00e9\u00e2tre amateur peut surprendre en bien quand le th\u00e9\u00e2tre professionnel risque plut\u00f4t l&rsquo;inverse.<\/p>\n<p class=\"p1\">Au-del\u00e0 de cela, s\u2019il y a une chose que j\u2019aime particuli\u00e8rement dans l\u2019art th\u00e9\u00e2tral, pouss\u00e9 par sa copr\u00e9sence, son instantan\u00e9it\u00e9, son caract\u00e8re \u00e9ph\u00e9m\u00e8re, c\u2019est le fait de sortir d\u2019une pi\u00e8ce anim\u00e9e de plusieurs questions, <span class=\"s1\">bouscul\u00e9e de r\u00e9flexions<\/span>. Est-ce dans cet \u00e9veil mental que r\u00e9side l\u2019activit\u00e9 du spectateur ? Nous savons combien il est difficile de faire participer un public, il faut g\u00e9n\u00e9ralement aller chercher un spectateur \u00e0 sa place pour le faire r\u00e9agir. Le but du concept de cette pi\u00e8ce est donc d\u2019\u00e9veiller ces quelques r\u00e9flexions et celles que chacun se cr\u00e9e entre lui et lui-m\u00eame. Debout et en bougeant le spectateur est-il actif ? Plus que lorsqu\u2019il est assis sur une tribune ? Prendra-t-il la d\u00e9cision de lui-m\u00eame de s\u2019asseoir par terre, lorsqu\u2019il en ressent l\u2019envie ?<\/p>\n<p class=\"p1\">Pour que les sc\u00e8nes soient visibles par un public debout, il faut alors les sur\u00e9lever. L\u2019id\u00e9e est aussi d\u2019accentuer \u2013 autour de certaines sc\u00e8nes \u2013 les limites entre public et sc\u00e8ne. Si la s\u00e9paration n\u2019est pas visible, le spectateur a-t-il l\u2019impression d\u2019\u00eatre sur sc\u00e8ne ? Voit-il encore une sc\u00e8ne ? Un(e) com\u00e9dien(ne) ? Ce sont une partie des r\u00e9flexions que le concept de base proposait, mais c\u2019est ensuite dans le contenu que peuvent appara\u00eetre d\u2019autres petites piqures de doutes. Tous les \u00e9l\u00e9ments de m\u00e9tath\u00e9\u00e2tre dans les textes, un rire inattendu, la prise de parole d\u2019un \u00ab membre du public \u00bb et finalement les com\u00e9diens qui applaudissent les spectateurs, sont autant de petits d\u00e9tails qui d\u00e9rangent le spectateur et qui, par l\u00e0, le font se questionner sur la part d\u2019inattendu, de risques auxquelles les spectacles peuvent se confronter. Par ce concept, on peut alors imaginer des petites sc\u00e8nes r\u00e9parties dans un large espace, partag\u00e9es par des personnes de diff\u00e9rents univers. Il serait possible de cr\u00e9er une unit\u00e9 d\u2019univers vari\u00e9s : un projet h\u00e9t\u00e9roclite, mais coh\u00e9rent qui permettrait \u00e0 un maximum de nos amis d\u2019y prendre du plaisir.<\/p>\n<p class=\"p1\">Je pense qu\u2019il est important, pour des troupes amateures comme la n\u00f4tre, de mettre en avant une forme de th\u00e9\u00e2tre relativement contemporaine, ou du moins m\u00ealant th\u00e9\u00e2tre traditionnel et actuel. Effectivement, je me rends compte que la majorit\u00e9 des gens qui ne vont au th\u00e9\u00e2tre que rarement y vont pour voir des pi\u00e8ces classiques et qui leur donnent une id\u00e9e du th\u00e9\u00e2tre arr\u00eat\u00e9e. C\u2019est pourtant un art <span class=\"s1\">extr\u00eamement vaste et vari\u00e9 <\/span>et nous pouvons saisir l\u2019occasion de pr\u00e9senter \u00e0 nos amis d\u2019autres aspects de son champ de vision qui, d\u2019apr\u00e8s moi, ne cesse de grandir.<\/p>\n<h5>Com\u00e9diens &#8211; participants au projet<\/h5>\n<p class=\"p1\">Johannie Muralti-Fort \/ Auriane Page Camille Poudret \u2013 \u00e9tudiante \u00e0 l\u2019Unil \/ Ad\u00e8le Ottiger \u2013 \u00e9tudiante \u00e0 l\u2019Unil \/ Marine B\u00e9guin \u2013 \u00e9tudiante \u00e0 l\u2019Uni \/ Valentin Gross \u2013 \u00e9tudiant \u00e0 l\u2019Unil \/ Sidney Vega \/ David Guggenheim \/ St\u00e9phanie Vernet \u2013 \u00e9tudiante \u00e0 l\u2019Unil \/ Camille Huygen \u2013 \u00e9tudiante \u00e0 l\u2019Unil \/ Jade Fierry Faillon \/ H\u00e9l\u00e8ve Widmann \/ Marc-Eric Wirth \/ Ana\u00efs Chevalley \/ Julia Widmann<\/p>\n<p><img loading=\"lazy\" decoding=\"async\" class=\"aligncenter\" src=\"https:\/\/www.zupimages.net\/up\/17\/43\/0ej2.jpg\" width=\"438\" height=\"187\"><\/p>\n<p style=\"text-align: center\">Retrouve la <a href=\"https:\/\/www.facebook.com\/latroupechut\/?hc_ref=ARTzzpqqj2U9Mb7IlJXu_m_8ieyRJd5QbUqI8qEg47zDVU8TRdGz5K_BpF9s0n5oBlc&amp;fref=nf\">page Facebook<\/a> de la troupe <em>Chut<\/em>! et<a href=\"https:\/\/www.la-troupe-chut.com\/\"> leur site internet<\/a> !<\/p>\n<h5>Descriptif du projet &#8211;&nbsp;<em>Sans titre<\/em><\/h5>\n<p class=\"p1\" style=\"text-align: right\">Le 22 d\u00e9cembre, dernier jour de cours, un ami nous propose \u00e0 Ad\u00e8le Ottiger (participant \u00e9galement au projet th\u00e9\u00e2tral et au cours de Michael Groneberg) et \u00e0 moi d\u2019aller voir la projection du film Fantastic Mr. Fox, un film de Wes Anderson, \u00e0 l\u2019Espace St-Martin. Je ne connais pas encore ce lieu mais j\u2019en ai entendu parler. Il s\u2019agit d\u2019un ancien garage am\u00e9nag\u00e9 en lieu alternatif o\u00f9 chacun peut proposer des activit\u00e9s : concerts, lectures, performances, expositions, vernissages, projections de films, cours (allant du cours de danse au cours de fran\u00e7ais)&#8230; Arriv\u00e9es dans ce lieu grand et spacieux, on se dit tout de suite avec Ad\u00e8le que ce serait le lieu id\u00e9al pour notre projet th\u00e9\u00e2tral. Quelques semaines plus tard, je parviens \u00e0 entrer en contact avec un responsable et r\u00e9serve le lieu pour deux semaines de r\u00e9sidence. C\u2019est le r\u00eave pour nous.<\/p>\n<p class=\"p1\" style=\"text-align: right\">Et le d\u00e9but de l\u2019aventure.<\/p>\n<p>&nbsp;<\/p>\n<p><img loading=\"lazy\" decoding=\"async\" class=\"aligncenter\" src=\"https:\/\/www.zupimages.net\/up\/17\/43\/p3ro.jpg\" width=\"751\" height=\"542\"><\/p>\n<p class=\"p1\">Pour ce spectacle, nous avons rassembl\u00e9 plusieurs textes d\u2019auteurs, connus ou non, r\u00e9interpr\u00e9t\u00e9s ou retravaill\u00e9s afin d\u2019aboutir \u00e0 un dispositif d\u2019<span class=\"s1\">exposition th\u00e9\u00e2trale <\/span>qui cherche \u00e0 questionner le th\u00e9\u00e2tre et ses limites ainsi que la place qu\u2019il occupe au sein de notre quotidien. La d\u00e9marche permet de diviser la troupe (15 personnes participant au projet) en petites sc\u00e8nes (jou\u00e9es seul ou \u00e0 plusieurs) : chaque groupe peut ainsi explorer les textes et les th\u00e9matiques qui les fascine de fa\u00e7on ind\u00e9pendante, tout en ayant la possibilit\u00e9 de demander conseil \u00e0 la troupe ou \u00e0 des personnes externes. Le projet devient alors tr\u00e8s \u00e9clectique et vari\u00e9, abordant autant des textes personnels, d\u2019auteurs connus ou non, classiques ou contemporains.<\/p>\n<p class=\"p1\">Nous cherchons \u00e0 renverser le sch\u00e9ma classique du dispositif th\u00e9\u00e2tral dans lequel le spectateur est assis ; en effet, avec Sans Titre, le statut spectateur passif se trouve bouscul\u00e9 puisqu\u2019il se prom\u00e8ne au sein de l\u2019exposition th\u00e9\u00e2trale \u00e0 l\u2019aide d\u2019une guide qui l\u2019oriente d\u2019 \u00ab oeuvre en oeuvre \u00bb. Nous avons pu pr\u00e9senter notre pi\u00e8ce en \u00ab off \u00bb du Festival F\u00e9cule 2017, le 13 mai 2017 \u00e0 l\u2019Espace St-Martin (elle avait \u00e9t\u00e9 annonc\u00e9e sous le nom \u00ab O\u00f9 est le th\u00e9\u00e2tre? \u00bb). Nous l\u2019avons jou\u00e9e \u00e0 11h, 15h, et 19h, en commen\u00e7ant avec 40 personnes pour finalement monter jusqu\u2019\u00e0 environ 70 personnes \u00e0 la derni\u00e8re repr\u00e9sentation.&nbsp;<span class=\"s1\">Tout le monde semblait joyeux <\/span>en sortant et nous avons eu la chance d\u2019avoir de nombreux retours positifs.<\/p>\n<p><strong>Camille Poudret, pour la&nbsp; troupe Chut!<\/strong><\/p>\n<p>&nbsp;<\/p>\n<p><a href=\"https:\/\/www.facebook.com\/latroupechut\/videos\/1654107887952131\/\">https:\/\/www.facebook.com\/latroupechut\/videos\/1654107887952131\/<\/a><\/p>\n<p><strong>Vid\u00e9o de Sarah Imsand<\/strong><\/p>\n<p>&nbsp;<\/p>\n<p class=\"p3\">&nbsp;<\/p>\n","protected":false},"excerpt":{"rendered":"<p>Origine de la cr\u00e9ation L\u2019ann\u00e9e pass\u00e9e, durant le festival de la Cit\u00e9, j\u2019assiste \u00e0 un concert du groupe \u00ab&nbsp;La Colonie de Vacances \u00bb : il s\u2019agit en fait d\u2019une \u00ab [&hellip;]<\/p>\n","protected":false},"author":1001079,"featured_media":0,"parent":0,"menu_order":0,"comment_status":"closed","ping_status":"closed","template":"","meta":{"_seopress_robots_primary_cat":"","_seopress_titles_title":"","_seopress_titles_desc":"","_seopress_robots_index":"","_seopress_analysis_target_kw":"","footnotes":""},"class_list":["post-4742","page","type-page","status-publish"],"_links":{"self":[{"href":"https:\/\/www.asso-unil.ch\/caverne\/wp-json\/wp\/v2\/pages\/4742","targetHints":{"allow":["GET"]}}],"collection":[{"href":"https:\/\/www.asso-unil.ch\/caverne\/wp-json\/wp\/v2\/pages"}],"about":[{"href":"https:\/\/www.asso-unil.ch\/caverne\/wp-json\/wp\/v2\/types\/page"}],"author":[{"embeddable":true,"href":"https:\/\/www.asso-unil.ch\/caverne\/wp-json\/wp\/v2\/users\/1001079"}],"replies":[{"embeddable":true,"href":"https:\/\/www.asso-unil.ch\/caverne\/wp-json\/wp\/v2\/comments?post=4742"}],"version-history":[{"count":0,"href":"https:\/\/www.asso-unil.ch\/caverne\/wp-json\/wp\/v2\/pages\/4742\/revisions"}],"wp:attachment":[{"href":"https:\/\/www.asso-unil.ch\/caverne\/wp-json\/wp\/v2\/media?parent=4742"}],"curies":[{"name":"wp","href":"https:\/\/api.w.org\/{rel}","templated":true}]}}