{"id":4718,"date":"2017-10-23T12:46:33","date_gmt":"2017-10-23T10:46:33","guid":{"rendered":"http:\/\/www.asso-unil.ch\/caverne\/?page_id=4718"},"modified":"2017-11-01T13:13:29","modified_gmt":"2017-11-01T12:13:29","slug":"regulation-de-la-mondialisation-governing-globalisation","status":"publish","type":"page","link":"https:\/\/www.asso-unil.ch\/caverne\/regulation-de-la-mondialisation-governing-globalisation\/","title":{"rendered":"R\u00e9gulation de la mondialisation &#8211; Governing globalisation"},"content":{"rendered":"<h6><strong>Une collaboration entre les Ma\u00eetres de la Caverne et Dr. Rahel Kunz<\/strong><\/h6>\n<p>Le projet pr\u00e9sent\u00e9 ci-dessous est le fruit d\u2019une collaboration entre&nbsp;<a href=\"https:\/\/applicationspub.unil.ch\/interpub\/noauth\/php\/Un\/UnPers.php?PerNum=1113027&amp;LanCode=8&amp;menu=coord\">Rahel Kunz<\/a>, MER en Sciences Politiques (SSP) \u00e0 l\u2019UNIL et les Ma\u00eetres de la Caverne. Toute collaboration de ce type est \u00e9videmment la bienvenue au sein de notre association quelle que soit la facult\u00e9 ou la section \u00e0 l\u2019origine du projet. La Caverne invite les enseignant-e-s int\u00e9ress\u00e9-e-s par une telle initiative \u00e0 s\u2019adresser \u00e0 Monsieur Michael Groneberg (michael.groneberg(a)unil.ch) pour toutes suggestions de collaboration.<\/p>\n<p><strong><em>R\u00e9gulation de la mondialisation<\/em><\/strong><strong>&nbsp;ou <em>Governing globalisation<\/em>&nbsp;est le titre d\u2019un cours de Master en Sciences Politiques qui a eu lieu \u00e0 deux reprises (en printemps 2016 et en printemps 2017) dirig\u00e9 par Dr. Rahel Kunz.&nbsp;<\/strong><\/p>\n<p><img loading=\"lazy\" decoding=\"async\" class=\"aligncenter\" src=\"https:\/\/www.zupimages.net\/up\/17\/43\/rs5y.jpg\" width=\"762\" height=\"468\"><\/p>\n<p>L\u2019un des buts de ce cours a consist\u00e9 en&nbsp;la r\u00e9alisation d\u2019un court-m\u00e9trage. L\u2019expression acad\u00e9mique a d\u00fb muer, changer de voix, passer de la dissertation au langage audiovisuel. Le r\u00f4le des Ma\u00eetres de la Caverne a \u00e9t\u00e9 celui d\u2019assurer une expertise et un suivi des projets multim\u00e9dias cr\u00e9\u00e9s par les \u00e9tudiant-e-s.<\/p>\n<p>La Caverne a accompagn\u00e9 ce cours en mettant en place des ateliers vid\u00e9os (cr\u00e9ation d\u2019un storyboard, tournage, utilisation de found-footage, montage d\u2019un film, utilisation des logiciels de montage, etc.) et en organisant des s\u00e9ances de feedback (en cours et finaux) lors de banquets organis\u00e9s \u00e0 la Grange. Les Ma\u00eetres se sont \u00e9galement impliqu\u00e9s dans la prestation du mat\u00e9riel audiovisuel ainsi que dans le suivi des groupes d\u2019\u00e9tudiant-e-s pour des questions techniques.&nbsp;<\/p>\n<p><strong>Le court-m\u00e9trage <em>Un rein pour un rien&nbsp;<\/em>r\u00e9alis\u00e9 par Antoine Michel et Lawrence Z\u00fcnd au semestre de printemps 2017 s\u2019est particuli\u00e8rement d\u00e9marqu\u00e9 et a obtenue le prix \u00ab Adresse Inconnue \u00bb ! <\/strong><a href=\"https:\/\/www.asso-unil.ch\/caverne\/prix-adresse-inconnue-2017\/#UnReinPourUnRien\"><strong>Pour en savoir plus\u2026<\/strong><\/a><\/p>\n<h6><em>Un Rein pour un Rien,&nbsp;<\/em>Antoine Michel et Lawrence Z\u00fcnd<\/h6>\n<p>Ce projet a \u00e9t\u00e9 r\u00e9alis\u00e9 dans le cadre d\u2019une collaboration entre la Dr. Rahel Kunz, enseignante en Sciences Politiques \u00e0 l\u2019UNIL et les Ma\u00eetres de la Caverne. Lors d\u2019un cours intitul\u00e9&nbsp;<em>Governing Globalisation<\/em>, les \u00e9tudiant-e-s ont \u00e9t\u00e9 tenu-e-s de s\u2019exprimer sur un sujet en lien avec la th\u00e9matique do cours via un nouveau m\u00e9dium acad\u00e9mique: l\u2019audiovisuel.&nbsp;<em>Un rein pour un rien<\/em> s\u2019est d\u00e9marqu\u00e9 des nombreuses r\u00e9alisations et a obtenu le prix \u00ab Adresse Inconnue \u00bb.&nbsp;<\/p>\n<hr>\n<h6><strong>Course description<\/strong><\/h6>\n<p class=\"p1\">Globalization is a catch-phrase that captures our imagination and can be used to describe various contemporary sociocultural, economic, and political processes, such as new communication, information and transportation technologies, the activities of transnational social movements and multinational corporations, privatisation and the transformation of the state, increasing international capital flows and global webs of production and consumption. This course focuses on the ways in which globalisation is governed and the implications thereof. It is structured around a set of issues that illuminate the ways in which globalisation is governed, including the exploitation of raw materials, food, waste, drones, walls, money, biodiversity and beauty. We will address questions such as what are the conditions of possibility of a certain feature of globalisation? What types of actors are involved in governing globalisation? Which forms of governance exist? Which imaginaries are involved in governing globalisation? In which sites does governing take place? How do issues and objects circulate (or not)? How is our everyday life implicated in the politics of globalisation? Which are the power relations involved in governing globalisation? Where can we find subversion and resistance? Given the key role that visuals and imaginaries play in shaping the governance of globalisation and our understanding of it, the course works with visual material alongside textual documents. As part of the course evaluation, students will work in groups to prepare a short film (documentary or fiction) presenting an analysis of the governance of globalisation through one particular issue or object. The film projects will be developed through collaboration with the Ma\u00eetres de la Caverne, who will provide technical and artistic support.<\/p>\n<p class=\"p1\"><strong>Objectives<\/strong><\/p>\n<p class=\"p1\">This course aims at familiarising students with the implications of the ways in which globalisation is governed in various areas. At the end of this course, students are expected to be able to:<\/p>\n<ul>\n<li class=\"p1\">Acquire knowledge about, and adopt a critical attitude towards, the political nature of globalisation and its relevance for everyday life.<\/li>\n<li class=\"p1\">Gain an understanding of different theoretical perspectives on the governance of globalisation.<\/li>\n<li class=\"p1\">Develop a detailed analysis of one particular issue and the way it is governed.<\/li>\n<li class=\"p1\">Design, develop, produce, and discuss a short film.<\/li>\n<\/ul>\n","protected":false},"excerpt":{"rendered":"<p>Une collaboration entre les Ma\u00eetres de la Caverne et Dr. Rahel Kunz Le projet pr\u00e9sent\u00e9 ci-dessous est le fruit d\u2019une collaboration entre&nbsp;Rahel Kunz, MER en Sciences Politiques (SSP) \u00e0 l\u2019UNIL [&hellip;]<\/p>\n","protected":false},"author":1001079,"featured_media":0,"parent":0,"menu_order":0,"comment_status":"closed","ping_status":"closed","template":"","meta":{"_seopress_robots_primary_cat":"","_seopress_titles_title":"","_seopress_titles_desc":"","_seopress_robots_index":"","footnotes":""},"class_list":["post-4718","page","type-page","status-publish"],"_links":{"self":[{"href":"https:\/\/www.asso-unil.ch\/caverne\/wp-json\/wp\/v2\/pages\/4718","targetHints":{"allow":["GET"]}}],"collection":[{"href":"https:\/\/www.asso-unil.ch\/caverne\/wp-json\/wp\/v2\/pages"}],"about":[{"href":"https:\/\/www.asso-unil.ch\/caverne\/wp-json\/wp\/v2\/types\/page"}],"author":[{"embeddable":true,"href":"https:\/\/www.asso-unil.ch\/caverne\/wp-json\/wp\/v2\/users\/1001079"}],"replies":[{"embeddable":true,"href":"https:\/\/www.asso-unil.ch\/caverne\/wp-json\/wp\/v2\/comments?post=4718"}],"version-history":[{"count":0,"href":"https:\/\/www.asso-unil.ch\/caverne\/wp-json\/wp\/v2\/pages\/4718\/revisions"}],"wp:attachment":[{"href":"https:\/\/www.asso-unil.ch\/caverne\/wp-json\/wp\/v2\/media?parent=4718"}],"curies":[{"name":"wp","href":"https:\/\/api.w.org\/{rel}","templated":true}]}}