{"id":466,"date":"2011-09-26T13:12:28","date_gmt":"2011-09-26T11:12:28","guid":{"rendered":"http:\/\/www3.unil.ch\/wpmu\/caverne\/?page_id=466"},"modified":"2014-04-12T11:53:19","modified_gmt":"2014-04-12T09:53:19","slug":"le-philosophe-mise-en-scene-par-michael-groneberg","status":"publish","type":"page","link":"https:\/\/www.asso-unil.ch\/caverne\/projets\/projets-2011-2012\/projets-en-cours\/le-philosophe-mise-en-scene-par-michael-groneberg\/","title":{"rendered":"\u00ab Que font-ils ? \u00bb, vid\u00e9o-documentation des Ma\u00eetres de la Caverne"},"content":{"rendered":"<p><span style=\"color: #339966\">Etat de l&rsquo;avancement du projet :<\/span> en cours.<br \/>\nVid\u00e9o-documentation des activit\u00e9s des Ma\u00eetres de la Caverne.<\/p>\n","protected":false},"excerpt":{"rendered":"<p>Etat de l&rsquo;avancement du projet : en cours. Vid\u00e9o-documentation des activit\u00e9s des Ma\u00eetres de la Caverne.<\/p>\n","protected":false},"author":27,"featured_media":0,"parent":208,"menu_order":9,"comment_status":"closed","ping_status":"closed","template":"","meta":{"_seopress_robots_primary_cat":"","_seopress_titles_title":"","_seopress_titles_desc":"","_seopress_robots_index":"","footnotes":""},"class_list":["post-466","page","type-page","status-publish"],"_links":{"self":[{"href":"https:\/\/www.asso-unil.ch\/caverne\/wp-json\/wp\/v2\/pages\/466","targetHints":{"allow":["GET"]}}],"collection":[{"href":"https:\/\/www.asso-unil.ch\/caverne\/wp-json\/wp\/v2\/pages"}],"about":[{"href":"https:\/\/www.asso-unil.ch\/caverne\/wp-json\/wp\/v2\/types\/page"}],"author":[{"embeddable":true,"href":"https:\/\/www.asso-unil.ch\/caverne\/wp-json\/wp\/v2\/users\/27"}],"replies":[{"embeddable":true,"href":"https:\/\/www.asso-unil.ch\/caverne\/wp-json\/wp\/v2\/comments?post=466"}],"version-history":[{"count":0,"href":"https:\/\/www.asso-unil.ch\/caverne\/wp-json\/wp\/v2\/pages\/466\/revisions"}],"up":[{"embeddable":true,"href":"https:\/\/www.asso-unil.ch\/caverne\/wp-json\/wp\/v2\/pages\/208"}],"wp:attachment":[{"href":"https:\/\/www.asso-unil.ch\/caverne\/wp-json\/wp\/v2\/media?parent=466"}],"curies":[{"name":"wp","href":"https:\/\/api.w.org\/{rel}","templated":true}]}}