{"id":458,"date":"2011-09-30T10:16:54","date_gmt":"2011-09-30T08:16:54","guid":{"rendered":"http:\/\/www3.unil.ch\/wpmu\/caverne\/?page_id=458"},"modified":"2014-04-12T11:53:19","modified_gmt":"2014-04-12T09:53:19","slug":"intelligentsia-de-romain-bionda","status":"publish","type":"page","link":"https:\/\/www.asso-unil.ch\/caverne\/projets\/projets-2011-2012\/projets-en-cours\/intelligentsia-de-romain-bionda\/","title":{"rendered":"\u00ab Intelligentsia \u00bb, de Romain Bionda"},"content":{"rendered":"<p>&nbsp;<\/p>\n<p><span>\u00ab\u00a0Notons que le trait roi\/non roi est un trait non pertinent puisque tous sont chefs d\u2019\u00e9tat, <\/span><i>rois<\/i><span>\u00a0\u00bb<\/span><\/p>\n<div>(<span style=\"font-variant: small-caps\">Ubersfeld\u00a0<\/span>Anne, <i>Lire le th\u00e9\u00e2tre I<\/i>, Paris\u00a0: Belin, 1996, p. 83, c&rsquo;est l&rsquo;auteur qui souligne).<\/div>\n<div><span>\u00a0<\/span><\/div>\n<div>\n<p class=\"MsoNormal\" style=\"margin-bottom: 5.0pt\"><span><span style=\"text-decoration: underline\"><span style=\"font-variant: small-caps\">Le Sagace Haut-Conseiller<\/span><\/span><\/span><\/p>\n<p class=\"MsoNormal\" style=\"margin-bottom: 5.0pt;text-align: justify\"><span>est-ce qu\u2019un roi doit \u00eatre stupide<\/span><\/p>\n<p class=\"MsoNormal\" style=\"margin-bottom: 20.0pt;text-align: justify\"><span>je suis le sagace haut-conseiller et c\u2019est \u00e0 vous monsieur le philosophe v\u00e9ridique que je m\u2019adresse certes non sans malice mais de deux choses l\u2019une premi\u00e8rement je suis un peu agac\u00e9 <\/span><\/p>\n<p class=\"MsoNormal\" style=\"margin-bottom: 5.0pt\"><span style=\"text-decoration: underline\"><span style=\"font-variant: small-caps\"><span>Le Philosophe V\u00e9ridique<\/span><\/span><\/span><\/p>\n<p class=\"MsoNormal\" style=\"margin-bottom: 5.0pt;text-align: justify\"><span>je suis effectivement le philosophe v\u00e9ridique c\u2019est vrai monsieur et j\u2019entends votre d\u00e9sarroi<\/span><\/p>\n<p class=\"MsoNormal\" style=\"margin-bottom: 5.0pt;text-align: justify\"><span>un roi \u00eatre stupide un roi deux trois rois un \u00eatre stupide roi roi roi stupre oui d\u2019ailleurs je<\/span><\/p>\n<p class=\"MsoNormal\" style=\"margin-bottom: 20.0pt;text-align: justify\"><span>ma r\u00e9ponse sera tout \u00e7a est tr\u00e8s compliqu\u00e9 parce que tout d\u00e9pend toujours de tout et rien n\u2019est jamais acquis<\/span><\/p>\n<p class=\"MsoNormal\" style=\"margin-bottom: 20.0pt;text-align: justify\">\n<\/div>\n","protected":false},"excerpt":{"rendered":"<p>&nbsp; \u00ab\u00a0Notons que le trait roi\/non roi est un trait non pertinent puisque tous sont chefs d\u2019\u00e9tat, rois\u00a0\u00bb (Ubersfeld\u00a0Anne, Lire le th\u00e9\u00e2tre I, Paris\u00a0: Belin, 1996, p. 83, c&rsquo;est l&rsquo;auteur [&hellip;]<\/p>\n","protected":false},"author":27,"featured_media":0,"parent":208,"menu_order":3,"comment_status":"closed","ping_status":"closed","template":"","meta":{"_seopress_robots_primary_cat":"","_seopress_titles_title":"","_seopress_titles_desc":"","_seopress_robots_index":"","footnotes":""},"class_list":["post-458","page","type-page","status-publish"],"_links":{"self":[{"href":"https:\/\/www.asso-unil.ch\/caverne\/wp-json\/wp\/v2\/pages\/458","targetHints":{"allow":["GET"]}}],"collection":[{"href":"https:\/\/www.asso-unil.ch\/caverne\/wp-json\/wp\/v2\/pages"}],"about":[{"href":"https:\/\/www.asso-unil.ch\/caverne\/wp-json\/wp\/v2\/types\/page"}],"author":[{"embeddable":true,"href":"https:\/\/www.asso-unil.ch\/caverne\/wp-json\/wp\/v2\/users\/27"}],"replies":[{"embeddable":true,"href":"https:\/\/www.asso-unil.ch\/caverne\/wp-json\/wp\/v2\/comments?post=458"}],"version-history":[{"count":0,"href":"https:\/\/www.asso-unil.ch\/caverne\/wp-json\/wp\/v2\/pages\/458\/revisions"}],"up":[{"embeddable":true,"href":"https:\/\/www.asso-unil.ch\/caverne\/wp-json\/wp\/v2\/pages\/208"}],"wp:attachment":[{"href":"https:\/\/www.asso-unil.ch\/caverne\/wp-json\/wp\/v2\/media?parent=458"}],"curies":[{"name":"wp","href":"https:\/\/api.w.org\/{rel}","templated":true}]}}