{"id":446,"date":"2011-09-26T12:28:16","date_gmt":"2011-09-26T10:28:16","guid":{"rendered":"http:\/\/www3.unil.ch\/wpmu\/caverne\/?page_id=446"},"modified":"2014-04-12T11:53:19","modified_gmt":"2014-04-12T09:53:19","slug":"hubert-ou-lhistoire-dune-fin-pourtant-si-proche-detienne-sarrasin-jane-buschmann","status":"publish","type":"page","link":"https:\/\/www.asso-unil.ch\/caverne\/projets\/projets-2011-2012\/idees-de-projet-pour-le-savant-et-la-societe\/hubert-ou-lhistoire-dune-fin-pourtant-si-proche-detienne-sarrasin-jane-buschmann\/","title":{"rendered":"\u00ab Hubert, ou l\u2019histoire d\u2019une fin pourtant si proche \u00bb d&rsquo;Etienne Sarrasin &amp; Jane Buschmann"},"content":{"rendered":"<p><span style=\"color: #339966\">Etat (\u00e0 la mi-novembre 2011) de l&rsquo;avancement du projet :<\/span><br \/>\nProjet suspendu par Etienne Sarrasin pour cause de d\u00e9part de l&rsquo;UNIL apr\u00e8s obtention du bachelor. Jane Buschmann arr\u00eate \u00e9galement. A disposition pour r\u00e9alisation par quelqu&rsquo;un d&rsquo;autre.<\/p>\n<p style=\"text-align: center\"><span style=\"color: #339966\">Id\u00e9e<\/span><\/p>\n<p><span style=\"color: #999999\">Un homme ag\u00e9, perdant la m\u00e9moire (perdant son savoir), sent la mort\u00a0!<\/span><\/p>\n<p style=\"text-align: justify\"><span style=\"color: #999999\">Id\u00e9e de flash-back. Non-chronologie\u00a0! Il boit du th\u00e9, assis sur une chaise \u00e0 bascule, barbe, longs cheveux, affaibli par l\u2019\u00e2ge, 73 ans, mais toujours propre sur lui. Il est sur sc\u00e8ne du d\u00e9but \u00e0 la fin. Professeur Bourbon.<\/span><\/p>\n<p style=\"text-align: justify\"><span style=\"color: #999999\">De la coh\u00e9rence \u00e0 la perte de r\u00e9alit\u00e9 et de v\u00e9racit\u00e9 du souvenir. Au d\u00e9but, sc\u00e8ne claire sur son pass\u00e9, puis au fil du discours, tout se m\u00e9lange.<\/span><\/p>\n<p style=\"text-align: justify\"><span style=\"color: #999999\">Mouvement g\u00e9n\u00e9ral de la pi\u00e8ce et \u00ab\u00a0ce que nous voulons dire\u00a0\u00bb\u00a0:<\/span><br \/>\n<span style=\"color: #999999\"> Th\u00e8me central est la transmission du savoir, ou plut\u00f4t l\u2019impossibilit\u00e9 d\u2019avoir un savoir continu, qui doit se renouveler dans chaque individu. Perte de m\u00e9moire d\u2019un homme, m\u00e9lange souvenir-r\u00e9alit\u00e9, du sens vers l&rsquo;absurde.<\/span><\/p>\n<p style=\"text-align: justify\"><span style=\"color: #999999\">Puis, dans chaque sc\u00e8ne, des th\u00e8mes tournant autour du th\u00e8me principal ou non peuvent \u00eatre \u00e9voqu\u00e9s ou trait\u00e9s. Exemple\u00a0: la place du savant dans la soci\u00e9t\u00e9, la soci\u00e9t\u00e9, la place de l\u2019individu dans la soci\u00e9t\u00e9, critique d\u2019une certaine forme de savoir, interrogation sur la conception du savoir dans notre soci\u00e9t\u00e9, &#8230;<\/span><\/p>\n<p style=\"text-align: center\"><span style=\"color: #339966\">R\u00e9sum\u00e9<\/span><\/p>\n<p><span style=\"color: #999999\">Sc\u00e8ne 1\u00a0: jeune avec son professeur. Partage de choses\u00a0 historiques, litt\u00e9raires, r\u00e9fl\u00e9chies, \u2026<\/span><\/p>\n<p><span style=\"color: #999999\">Sc\u00e8ne 2\u00a0: avec un groupe de potes. Partage de choses politiques, puis terre \u00e0 terre. Critique de la soci\u00e9t\u00e9, et des universitaires.<\/span><\/p>\n<p><span style=\"color: #999999\">Sc\u00e8ne 3\u00a0: avec les parents. Interrogation sur l\u2019\u00e9ducation.<\/span><\/p>\n<p><span style=\"color: #999999\">Sc\u00e8ne 4: avec Rachelle. Questionnement sur la long\u00e9vit\u00e9 de la vie et son utilit\u00e9. Les choses commencent \u00e0 se m\u00e9langer.<\/span><\/p>\n<p><span style=\"color: #999999\">Sc\u00e8ne 5\u00a0: en voyage, nouvelle rencontre. Rapport au monde.<\/span><\/p>\n<p style=\"text-align: justify\"><span style=\"color: #999999\">Sc\u00e8ne 6\u00a0: m\u00e9lange final.<\/span><br \/>\n<span style=\"color: #999999\"> Au milieu de la sc\u00e8ne, en cons\u00e9quence du m\u00e9lange final, le vieil Hubert s\u2019installe sur une chaise et tente de remettre de l\u2019ordre dans son souvenir, devient metteur en sc\u00e8ne. Lorsqu\u2019il a plus ou moins r\u00e9ussi \u00e0 remettre tout le monde \u00e0 sa place, il r\u00e9alise l\u2019absence de sa fille.<\/span><\/p>\n<p style=\"text-align: justify\"><span style=\"color: #999999\">A ce moment, apparition de Rachelle, elle est habill\u00e9e en blanc. Tous les personnages s\u2019en vont d\u2019un coup. Tout est calme et silencieux. Hubert appelle sa fille, qui lui dit qu\u2019elle n\u2019est pas sa fille, mais son infirmi\u00e8re, qu\u2019il est dans un home, et non dans sa maison, que sa propre fille n\u2019est pas venue le voir depuis 15 ans.<\/span><\/p>\n<p><span style=\"color: #999999\">2 fins possibles\u00a0:<\/span><br \/>\n<span style=\"color: #999999\"> 1. L\u2019infirmi\u00e8re prend Hubert et sort de sc\u00e8ne, la sc\u00e8ne reste vide quelques instants\u2026 Noir.<\/span><br \/>\n<span style=\"color: #999999\"> 2. L\u2019infirmi\u00e8re lui annonce le repas, puis sort. Hubert reste seul avec ses pens\u00e9es, quelques bribes des dialogues de la pi\u00e8ce lui reviennent en t\u00eate. Noir.<\/span><\/p>\n<p style=\"text-align: center\" align=\"center\"><span style=\"color: #339966\">Personnages<\/span><\/p>\n<p style=\"text-align: justify\"><span style=\"color: #999999\"><strong><span style=\"text-decoration: underline\">Le vieil Hubert <\/span><\/strong>: homme d\u2019un certain \u00e2ge, grisonnant, cheveux jusqu\u2019aux \u00e9paules, barbe. Porte une chemise vert-kaki entre-ouverte, un pantalon beige et des sandales. Ses v\u00eatements sont propres mais us\u00e9s.<\/span><br \/>\n<span style=\"color: #999999\"> <strong><span style=\"text-decoration: underline\">Le jeune Hubert<\/span><\/strong>: homme d\u2019un \u00e2ge incertain, jeune, beau brun, cheveux courts, bien ras\u00e9, tenue ad\u00e9quate standart, c\u2019est-\u00e0-dire bien habill\u00e9, avec des v\u00eatements neufs et propres, pantalon et T-shirt unis, tendentiellement sombres.<\/span><br \/>\n<span style=\"color: #999999\"> <strong><span style=\"text-decoration: underline\">Hubert<\/span><\/strong>\u00a0: synchronisme des deux \u00e2ges.<\/span><br \/>\n<span style=\"color: #999999\"> <strong><span style=\"text-decoration: underline\">Professeur d\u2019histoire<\/span><\/strong><strong>\u00a0<\/strong>: approchant la quarantaine, un peu d\u00e9garni. Porte un complet sombre aux reflets bleut\u00e9s de grande marque et des lunettes de vue.<\/span><br \/>\n<span style=\"color: #999999\"> <strong><span style=\"text-decoration: underline\">Rachelle<\/span><\/strong>\u00a0: fille d\u2019Hubert, 30 ans, jupes et talons hauts, maquill\u00e9e avec classe et \u00e9l\u00e9gance.\u00a0 Habits sombres.<\/span><br \/>\n<span style=\"color: #999999\"> <strong><span style=\"text-decoration: underline\">Fred<\/span><\/strong>\u00a0: ami d\u2019Hubert, jeune homme, barbe de deux jours, jeans et T-shirt, petite veste d\u2019agr\u00e9ment de couleur sombre, habits sombres.<\/span><br \/>\n<span style=\"color: #999999\"> <strong><span style=\"text-decoration: underline\">Romain<\/span><\/strong>\u00a0: ami d\u2019Hubert, jeune homme, cheveux longs, habits sombres.<\/span><br \/>\n<span style=\"color: #999999\"> <strong><span style=\"text-decoration: underline\">Emilie\u00a0:<\/span><\/strong> amie de Rachelle,\u00a0 sac \u00e0 main, habits sombres.<\/span><br \/>\n<span style=\"color: #999999\"> <strong><span style=\"text-decoration: underline\">Hugue<\/span><\/strong>\u00a0: ami d\u2019Hubert, jeune homme, habits sombres.<\/span><br \/>\n<span style=\"color: #999999\"> <strong><span style=\"text-decoration: underline\">Federico<\/span><\/strong>\u00a0: rencontre d\u2019Hubert, habits sombres.<\/span><br \/>\n<span style=\"color: #999999\"> <strong><span style=\"text-decoration: underline\">Rose-Marie\u00a0<\/span><\/strong>: m\u00e8re d\u2019Hubert, habits sombres.<strong><span style=\"text-decoration: underline\"><br \/>\nEdgar<\/span><\/strong>\u00a0: p\u00e8re d\u2019Hubert, habits sombres.<\/span><\/p>\n<p style=\"text-align: right\"><span style=\"color: #999999\">Etienne Sarrasin &amp; Jane Buschmann, septembre 2011<\/span><\/p>\n<p style=\"text-align: left\"><a title=\"entretien avec Jane &amp; Etienne\" href=\"https:\/\/www3.unil.ch\/wpmu\/caverne\/projets-en-cours\/%c2%ab-hubert-ou-l%e2%80%99histoire-d%e2%80%99une-fin-pourtant-si-proche-%c2%bb-detienne-sarrasin-jane-buschmann\/entretien-avec-jane-etienne\/\"><span style=\"color: #3366ff\">(Entretien)<\/span><\/a><\/p>\n","protected":false},"excerpt":{"rendered":"<p>Etat (\u00e0 la mi-novembre 2011) de l&rsquo;avancement du projet : Projet suspendu par Etienne Sarrasin pour cause de d\u00e9part de l&rsquo;UNIL apr\u00e8s obtention du bachelor. Jane Buschmann arr\u00eate \u00e9galement. A [&hellip;]<\/p>\n","protected":false},"author":27,"featured_media":0,"parent":1134,"menu_order":11,"comment_status":"closed","ping_status":"closed","template":"","meta":{"_seopress_robots_primary_cat":"","_seopress_titles_title":"","_seopress_titles_desc":"","_seopress_robots_index":"","footnotes":""},"class_list":["post-446","page","type-page","status-publish"],"_links":{"self":[{"href":"https:\/\/www.asso-unil.ch\/caverne\/wp-json\/wp\/v2\/pages\/446","targetHints":{"allow":["GET"]}}],"collection":[{"href":"https:\/\/www.asso-unil.ch\/caverne\/wp-json\/wp\/v2\/pages"}],"about":[{"href":"https:\/\/www.asso-unil.ch\/caverne\/wp-json\/wp\/v2\/types\/page"}],"author":[{"embeddable":true,"href":"https:\/\/www.asso-unil.ch\/caverne\/wp-json\/wp\/v2\/users\/27"}],"replies":[{"embeddable":true,"href":"https:\/\/www.asso-unil.ch\/caverne\/wp-json\/wp\/v2\/comments?post=446"}],"version-history":[{"count":0,"href":"https:\/\/www.asso-unil.ch\/caverne\/wp-json\/wp\/v2\/pages\/446\/revisions"}],"up":[{"embeddable":true,"href":"https:\/\/www.asso-unil.ch\/caverne\/wp-json\/wp\/v2\/pages\/1134"}],"wp:attachment":[{"href":"https:\/\/www.asso-unil.ch\/caverne\/wp-json\/wp\/v2\/media?parent=446"}],"curies":[{"name":"wp","href":"https:\/\/api.w.org\/{rel}","templated":true}]}}