{"id":4372,"date":"2017-10-13T16:28:57","date_gmt":"2017-10-13T14:28:57","guid":{"rendered":"http:\/\/www.asso-unil.ch\/caverne\/?page_id=4372"},"modified":"2018-10-17T15:47:45","modified_gmt":"2018-10-17T13:47:45","slug":"prix-adresse-inconnue-2015","status":"publish","type":"page","link":"https:\/\/www.asso-unil.ch\/caverne\/prix-adresse-inconnue\/prix-adresse-inconnue-2015\/","title":{"rendered":"Prix \u00ab\u00a0Adresse Inconnue\u00a0\u00bb 2015"},"content":{"rendered":"<h6>Nino Fournier,&nbsp;Portrait de la Jeune Fille en Danseuse<\/h6>\n<p><img loading=\"lazy\" decoding=\"async\" src=\"https:\/\/www.asso-unil.ch\/caverne\/files\/2017\/10\/PortraitdelaJeuneFilleenDanseuse3-300x118.png\" alt=\"\" width=\"300\" height=\"118\"><\/p>\n<p>Projection<br \/>\nDur\u00e9e 27 minutes<\/p>\n<p><img loading=\"lazy\" decoding=\"async\" src=\"https:\/\/www.asso-unil.ch\/caverne\/files\/2017\/10\/PortraitdelaJeuneFilleenDanseuse-300x169.png\" alt=\"\" width=\"300\" height=\"169\"><\/p>\n<p>R\u00e9alisation&nbsp;: Nino Fournier<\/p>\n<p><img loading=\"lazy\" decoding=\"async\" src=\"https:\/\/www.asso-unil.ch\/caverne\/files\/2017\/10\/Portrait-de-la-Jeune-FilleenDanseuse2-300x145.png\" alt=\"\" width=\"300\" height=\"145\"><\/p>\n<p>Musique&nbsp;: <a href=\"https:\/\/sites.google.com\/site\/christgiger\/\">Christian Giger<\/a><\/p>\n<h6>Attention&nbsp;! d\u00e9conseill\u00e9 aux personnes pr\u00e9dispos\u00e9es \u00e0 l\u2019\u00e9pilepsie.<\/h6>\n<p><iframe loading=\"lazy\" title=\"Portrait of the Young Girl as a Dancer - video art\" width=\"580\" height=\"326\" src=\"https:\/\/www.youtube.com\/embed\/8V0IGsZVWRk?feature=oembed\" frameborder=\"0\" allow=\"accelerometer; autoplay; clipboard-write; encrypted-media; gyroscope; picture-in-picture; web-share\" referrerpolicy=\"strict-origin-when-cross-origin\" allowfullscreen><\/iframe><\/p>\n<p>Pour certains, c\u2019\u00e9tait un regard qui fit perdre l\u2019aim\u00e9e, c\u2019\u00e9tait un Orph\u00e9e h\u00e2tif de regarder. Ici, c\u2019est une belle qui de part sa ritournelle poussa Hippias \u00e0 l\u2019\u00e9cart de sa femme, le temps d\u2019une \u00ab&nbsp;danse intime&nbsp;\u00bb. Dans ce&nbsp;found footage&nbsp;de Nino Fournier \u2013 l\u00e0 o\u00f9 les bribes de film, les bouts de bobines et autres morceaux improbables disent ensemble ce que seuls ils ne pouvaient pas \u2013 la contrainte se voit abjur\u00e9e par le d\u00e9sir, la main qui se tend et qui se tourne avance en \u00e9quilibriste, sans savoir si l\u2019acte \u00e0 venir sera le sien ou celui du d\u00e9sir. Dans sa fa\u00e7on de ne jamais finir, la danseuse nous am\u00e8ne \u00e0 ce qu\u2019elle sait de mieux, un espace d\u2019intranquillit\u00e9&nbsp;! Au fil des images et des fragments de textes, un espace est pr\u00e9sent pour que vous le sillonniez\u2026<\/p>\n<p>&#8211; Julien Bovier<\/p>\n<p>Le moyen-m\u00e9trage Portrait de la Jeune Fille en Danseuse, a \u00e9t\u00e9 pr\u00e9sent\u00e9e au <a href=\"https:\/\/file.org.br\/\">FILE<\/a> (Electronic Language International Festival) \u00e0 Sao Paolo du 16 au 8 juin 2015.<\/p>\n<p>Afin d\u2019avoir plus d\u2019informations sur le travail de Nino Fournier rendez-vous sur <a href=\"https:\/\/sites.google.com\/site\/ninofournier\/\">son site<\/a> ou sur son <a href=\"https:\/\/www.youtube.com\/user\/videoninofournier\">compte Youtube<\/a>.<\/p>\n","protected":false},"excerpt":{"rendered":"<p>Nino Fournier,&nbsp;Portrait de la Jeune Fille en Danseuse Projection Dur\u00e9e 27 minutes R\u00e9alisation&nbsp;: Nino Fournier Musique&nbsp;: Christian Giger Attention&nbsp;! d\u00e9conseill\u00e9 aux personnes pr\u00e9dispos\u00e9es \u00e0 l\u2019\u00e9pilepsie. Pour certains, c\u2019\u00e9tait un regard [&hellip;]<\/p>\n","protected":false},"author":1001079,"featured_media":0,"parent":4359,"menu_order":0,"comment_status":"closed","ping_status":"closed","template":"","meta":{"_seopress_robots_primary_cat":"","_seopress_titles_title":"","_seopress_titles_desc":"","_seopress_robots_index":"","footnotes":""},"class_list":["post-4372","page","type-page","status-publish"],"_links":{"self":[{"href":"https:\/\/www.asso-unil.ch\/caverne\/wp-json\/wp\/v2\/pages\/4372","targetHints":{"allow":["GET"]}}],"collection":[{"href":"https:\/\/www.asso-unil.ch\/caverne\/wp-json\/wp\/v2\/pages"}],"about":[{"href":"https:\/\/www.asso-unil.ch\/caverne\/wp-json\/wp\/v2\/types\/page"}],"author":[{"embeddable":true,"href":"https:\/\/www.asso-unil.ch\/caverne\/wp-json\/wp\/v2\/users\/1001079"}],"replies":[{"embeddable":true,"href":"https:\/\/www.asso-unil.ch\/caverne\/wp-json\/wp\/v2\/comments?post=4372"}],"version-history":[{"count":0,"href":"https:\/\/www.asso-unil.ch\/caverne\/wp-json\/wp\/v2\/pages\/4372\/revisions"}],"up":[{"embeddable":true,"href":"https:\/\/www.asso-unil.ch\/caverne\/wp-json\/wp\/v2\/pages\/4359"}],"wp:attachment":[{"href":"https:\/\/www.asso-unil.ch\/caverne\/wp-json\/wp\/v2\/media?parent=4372"}],"curies":[{"name":"wp","href":"https:\/\/api.w.org\/{rel}","templated":true}]}}