{"id":4359,"date":"2017-10-13T15:53:49","date_gmt":"2017-10-13T13:53:49","guid":{"rendered":"http:\/\/www.asso-unil.ch\/caverne\/?page_id=4359"},"modified":"2018-09-13T12:40:23","modified_gmt":"2018-09-13T10:40:23","slug":"prix-adresse-inconnue","status":"publish","type":"page","link":"https:\/\/www.asso-unil.ch\/caverne\/prix-adresse-inconnue\/","title":{"rendered":"Prix \u00ab\u00a0Adresse Inconnue\u00a0\u00bb"},"content":{"rendered":"<h6>C&rsquo;est quoi ?<\/h6>\n<p>Dans le cadre du projet d&rsquo;innovation p\u00e9dagogique intitul\u00e9 \u00ab&nbsp;Adresse inconnue&nbsp;\u00bb, soutenu par l\u2019UniL durant l\u2019ann\u00e9e 2015 et men\u00e9 par Michael Groneberg au sein de la section de philosophie de la Facult\u00e9 des lettres, un jury a \u00e9t\u00e9 constitu\u00e9 afin de s\u00e9lectionner des travaux cr\u00e9atifs d&rsquo;\u00e9tudiant-e-s de l\u2019UniL qui m\u00e9ritent d\u2019\u00eatre promus.<\/p>\n<p>Ces cr\u00e9ations, qui ont pour point d\u2019origine une r\u00e9flexion d\u00e9but\u00e9e lors d\u2019un enseignement donn\u00e9 \u00e0 l\u2019UniL, s&rsquo;inscrivent dans une d\u00e9marche encourag\u00e9e et accompagn\u00e9e par l\u2019association <em>Les Ma\u00eetres de la Caverne<\/em>. Cette derni\u00e8re donne la possibilit\u00e9 aux \u00e9tudiant-e-s de toute l\u2019universit\u00e9 de s&rsquo;exprimer d\u2019une mani\u00e8re cr\u00e9ative \u00e0 l&rsquo;aide des media de leur choix&nbsp;\u2013 th\u00e9\u00e2tre, \u00e9criture dramatique, peinture, photographie, film, musique, etc. \u2013 dans le but de d\u00e9velopper un rapport personnel au savoir, \u00e0 son apprentissage et \u00e0 sa transmission. Le lien de ce travail cr\u00e9atif avec le contenu d\u2019un cours, d\u2019un s\u00e9minaire, d\u2019un m\u00e9moire ou d\u2019une th\u00e8se est, quant \u00e0 lui, assur\u00e9 par l\u2019enseignant-e qui encadre l\u2019apprentissage th\u00e9orique de l\u2019\u00e9tudiant-e.<\/p>\n<p>L\u2019\u00e9tudiant-e peut soumettre sa cr\u00e9ation au jury d\u2019\u00ab&nbsp;Adresse inconnue&nbsp;\u00bb sur recommandation de l\u2019enseignant-e concern\u00e9-e par l\u2019enseignement \u00e0 l\u2019origine de la cr\u00e9ation et en concertation avec <em>Les<\/em> <em>Ma\u00eetres de la Caverne<\/em>. Le d\u00e9lai pour d\u00e9poser une cr\u00e9ation, accompagn\u00e9e d\u2019un dossier, est fix\u00e9 \u00e0 la premi\u00e8re semaine du mois de juin.<\/p>\n<p>Le jury est compos\u00e9 de sp\u00e9cialistes universitaires et de personnes venant de l\u2019ext\u00e9rieur ayant un lien avec le monde de l\u2019art. Il se r\u00e9unit une fois par ann\u00e9e, \u00e0 la fin du mois de juin, pour discuter des travaux soumis et choisir ceux qui seront ensuite publi\u00e9s sur un site de l\u2019UniL. Au mois de septembre de la m\u00eame ann\u00e9e, les laur\u00e9at-e-s sont honor\u00e9-e-s lors d\u2019un \u00e9v\u00e9nement qui met en valeur leur cr\u00e9ation.<\/p>\n<p>Loin d\u2019\u00eatre une comp\u00e9tition, ce prix cherche \u00e0 mettre en lumi\u00e8re des travaux de qualit\u00e9 et leur donner une certaine visibilit\u00e9. De ce fait, il peut y avoir autant de prix qu\u2019il y a de cr\u00e9ations. Les travaux soumis sont, en effet, jug\u00e9s pour eux-m\u00eames, ind\u00e9pendamment les uns des autres.<\/p>\n<p>Pour toute question en rapport avec ce prix, veuillez contacter <a href=\"mailto:Michael.Groneberg@unil.ch\">Michael.Groneberg@unil.ch<\/a>.<\/p>\n<h6>Envie de participer ?<\/h6>\n<p>Si vous avez envie de soumettre un projet au&nbsp;prix <em>Adresse Inconnue<\/em>,<em>&nbsp;<\/em>veuillez prendre connaissance des documents suivants.&nbsp;<\/p>\n<p>Cette&nbsp;<a href=\"https:\/\/www.asso-unil.ch\/caverne\/files\/2014\/09\/Adresse-Inconnue-dossier-candidature-2016.pdf?customize_changeset_uuid=ee9ababd-8491-4ce3-bd2c-ace5714335a4&amp;customize_messenger_channel=preview-0\" target=\"_self\" rel=\"\">marche \u00e0 suivre<\/a>&nbsp;vous donnera toutes les informations n\u00e9cessaires concernant les conditions de participation au prix et les diff\u00e9rentes \u00e9tapes qui vous am\u00e8neront \u00e0 la finalisation de votre inscription.<\/p>\n<p>Ce&nbsp;<a href=\"https:\/\/www.asso-unil.ch\/caverne\/files\/2014\/09\/Adresse-Inconnue-Formulaire-2016.pdf?customize_changeset_uuid=ee9ababd-8491-4ce3-bd2c-ace5714335a4&amp;customize_messenger_channel=preview-0\" target=\"_self\" rel=\"\">formulaire de participation<\/a>&nbsp;sera \u00e0 remplir et \u00e0 envoyer \u00e0 Michael Groneberg avec les autre choses qui sont demand\u00e9es dans la marche \u00e0 suivre.&nbsp;<\/p>\n<p>Nous vous souhaitons plaisir et r\u00e9flexion et esp\u00e9rons recevoir beaucoup de dossiers de candidature cette ann\u00e9e aussi !<\/p>\n","protected":false},"excerpt":{"rendered":"<p>C&rsquo;est quoi ? Dans le cadre du projet d&rsquo;innovation p\u00e9dagogique intitul\u00e9 \u00ab&nbsp;Adresse inconnue&nbsp;\u00bb, soutenu par l\u2019UniL durant l\u2019ann\u00e9e 2015 et men\u00e9 par Michael Groneberg au sein de la section de [&hellip;]<\/p>\n","protected":false},"author":1001079,"featured_media":0,"parent":0,"menu_order":0,"comment_status":"closed","ping_status":"closed","template":"","meta":{"_seopress_robots_primary_cat":"","_seopress_titles_title":"","_seopress_titles_desc":"","_seopress_robots_index":"","footnotes":""},"class_list":["post-4359","page","type-page","status-publish"],"_links":{"self":[{"href":"https:\/\/www.asso-unil.ch\/caverne\/wp-json\/wp\/v2\/pages\/4359","targetHints":{"allow":["GET"]}}],"collection":[{"href":"https:\/\/www.asso-unil.ch\/caverne\/wp-json\/wp\/v2\/pages"}],"about":[{"href":"https:\/\/www.asso-unil.ch\/caverne\/wp-json\/wp\/v2\/types\/page"}],"author":[{"embeddable":true,"href":"https:\/\/www.asso-unil.ch\/caverne\/wp-json\/wp\/v2\/users\/1001079"}],"replies":[{"embeddable":true,"href":"https:\/\/www.asso-unil.ch\/caverne\/wp-json\/wp\/v2\/comments?post=4359"}],"version-history":[{"count":0,"href":"https:\/\/www.asso-unil.ch\/caverne\/wp-json\/wp\/v2\/pages\/4359\/revisions"}],"wp:attachment":[{"href":"https:\/\/www.asso-unil.ch\/caverne\/wp-json\/wp\/v2\/media?parent=4359"}],"curies":[{"name":"wp","href":"https:\/\/api.w.org\/{rel}","templated":true}]}}