{"id":4309,"date":"2017-10-13T12:11:01","date_gmt":"2017-10-13T10:11:01","guid":{"rendered":"http:\/\/www.asso-unil.ch\/caverne\/?page_id=4309"},"modified":"2024-11-20T12:41:40","modified_gmt":"2024-11-20T11:41:40","slug":"lassociation","status":"publish","type":"page","link":"https:\/\/www.asso-unil.ch\/caverne\/qui-sommes-nous\/lassociation\/","title":{"rendered":"L&rsquo;association"},"content":{"rendered":"<h4 style=\"text-align: center\">Tu as un projet artistique ?<\/h4>\n<p><em>Les Ma\u00eetres de la Caverne<\/em> est une association n\u00e9e en section de philosophie \u00e0 l\u2019uni de Lausanne qui accompagne les \u00e9tudiant\u00b7e\u00b7x\u00b7s pour monter des pi\u00e8ces de th\u00e9\u00e2tres, des films, des expos, des spectacles de danse, et tous autres projets artistiques en lien avec les \u00e9tudes, ainsi que les enseignant\u00b7e\u00b7x\u00b7s qui souhaitent le faire en liaison \u00e0 leurs recherches ou leurs enseignements.<\/p>\n<p>L\u2019accompagnement du projet artistique par l\u2019Association permet d\u2019exprimer et de concr\u00e9tiser les r\u00e9flexions \u00e9veill\u00e9es par les \u00e9tudes. Il poursuit des buts scientifiques, p\u00e9dagogiques et culturels, avec la stimulation de la cr\u00e9ativit\u00e9 en ligne de mire. Le but g\u00e9n\u00e9ral est de catalyser et d\u2019explorer la \u00ab mise en \u0153uvre \u00bb de la pens\u00e9e \u2013 ce qui inclut les r\u00e9flexions d\u00e9clench\u00e9es par les \u00e9tudes, la transmission du savoir ou la recherche.<\/p>\n<p>Chaque ann\u00e9e, un th\u00e8me qui nous touche en tant qu\u2019universitaires est\u00a0d\u00e9fini pour susciter des id\u00e9es,\u00a0mais l&rsquo;acception de ce th\u00e8me n\u2019est pas une pr\u00e9rogative \u00e0 la construction d\u2019un projet.<\/p>\n<h5>L\u2019Association s\u2019engage \u00e0 organiser<\/h5>\n<ul>\n<li>Des ateliers avec des professionnels (metteurs en sc\u00e8nes, auteurs, etc.) sur des th\u00e8mes utiles au d\u00e9veloppement des projets.<\/li>\n<li>Des soir\u00e9es appel\u00e9es \u00ab banquets \u00bb o\u00f9 chacun a la possibilit\u00e9 de pr\u00e9senter l\u2019avanc\u00e9e de son projet, de voir les r\u00e9actions des autres et de profiter de l\u2019\u00e9change, rencontres \u00e0 raison d\u2019une fois par mois.<\/li>\n<li>Un soutien \u00e0 la recherche de fonds pour celles et ceux qui le souhaitent et une grande partie de la publicit\u00e9 pour la repr\u00e9sentation finale de chaque projet.<\/li>\n<\/ul>\n<h5>Vous vous engagez \u00e0 pr\u00e9senter<\/h5>\n<ul>\n<li>Un dossier de candidature et un budget d\u00e8s le mois de d\u00e9cembre\u00a0afin de\u00a0pouvoir pr\u00e9senter votre projet dans des salles professionnelles. L\u2019Association vous accompagne dans cette d\u00e9marche, mais seuls les dossiers concrets et accompagn\u00e9s par une r\u00e9flexion peuvent \u00eatre retenus. Apr\u00e8s acceptation du dossier, le projet peut \u00eatre soumis au Festival F\u00e9cule du Th\u00e9\u00e2tre la Grange de\u00a0Dorigny, par exemple.<\/li>\n<li>Les projets restent pourtant ceux des initiateurs, qui choisissent la forme et l\u2019\u00e9volution de leur projet, et les\u00a0poursuivent de fa\u00e7on autonome.<\/li>\n<\/ul>\n<p>Les Ma\u00eetres de la Caverne est une association cr\u00e9\u00e9e \u00e0 la suite d\u2019un projet qui a b\u00e9n\u00e9fici\u00e9 en 2011 du soutien du Fonds d\u2019Innovation P\u00e9dagogique (FIP) de l\u2019UNIL. Depuis 2012, l\u2019\u00e9quipe est soutenue financi\u00e8rement par la Facult\u00e9 des Lettres et les Affaires Culturelles de l\u2019UNIL. Au-del\u00e0 des th\u00e8mes qui changent d\u2019une ann\u00e9e \u00e0 l\u2019autre, l\u2019Association cherche \u00e0 d\u00e9velopper des mani\u00e8res de dramatiser, d\u2019esth\u00e9tiser ou de rendre vivantes et palpables les r\u00e9flexions \u00e9veill\u00e9es par les \u00e9tudes et par la recherche.\u00a0Ces\u00a0r\u00e9flexions sont cens\u00e9es nourrir et inspirer les cr\u00e9ations.<\/p>\n<h5>Comit\u00e9 actuel<\/h5>\n<ul>\n<li>Coline Danalet<\/li>\n<li>Colas Weber<\/li>\n<li>Lauranne Pottier (Secr\u00e9taire)<\/li>\n<li>Loris Ferrari<\/li>\n<li>Lucie Ortet<\/li>\n<li>Michael Groneberg (Pr\u00e9sident et fondateur)<\/li>\n<li>Th\u00e9o Krebs (Membre honorifique)<\/li>\n<\/ul>\n","protected":false},"excerpt":{"rendered":"<p>Tu as un projet artistique ? Les Ma\u00eetres de la Caverne est une association n\u00e9e en section de philosophie \u00e0 l\u2019uni de Lausanne qui accompagne les \u00e9tudiant\u00b7e\u00b7x\u00b7s pour monter des [&hellip;]<\/p>\n","protected":false},"author":1001079,"featured_media":0,"parent":3261,"menu_order":0,"comment_status":"closed","ping_status":"closed","template":"","meta":{"_seopress_robots_primary_cat":"","_seopress_titles_title":"","_seopress_titles_desc":"","_seopress_robots_index":"","footnotes":""},"class_list":["post-4309","page","type-page","status-publish"],"_links":{"self":[{"href":"https:\/\/www.asso-unil.ch\/caverne\/wp-json\/wp\/v2\/pages\/4309","targetHints":{"allow":["GET"]}}],"collection":[{"href":"https:\/\/www.asso-unil.ch\/caverne\/wp-json\/wp\/v2\/pages"}],"about":[{"href":"https:\/\/www.asso-unil.ch\/caverne\/wp-json\/wp\/v2\/types\/page"}],"author":[{"embeddable":true,"href":"https:\/\/www.asso-unil.ch\/caverne\/wp-json\/wp\/v2\/users\/1001079"}],"replies":[{"embeddable":true,"href":"https:\/\/www.asso-unil.ch\/caverne\/wp-json\/wp\/v2\/comments?post=4309"}],"version-history":[{"count":1,"href":"https:\/\/www.asso-unil.ch\/caverne\/wp-json\/wp\/v2\/pages\/4309\/revisions"}],"predecessor-version":[{"id":5753,"href":"https:\/\/www.asso-unil.ch\/caverne\/wp-json\/wp\/v2\/pages\/4309\/revisions\/5753"}],"up":[{"embeddable":true,"href":"https:\/\/www.asso-unil.ch\/caverne\/wp-json\/wp\/v2\/pages\/3261"}],"wp:attachment":[{"href":"https:\/\/www.asso-unil.ch\/caverne\/wp-json\/wp\/v2\/media?parent=4309"}],"curies":[{"name":"wp","href":"https:\/\/api.w.org\/{rel}","templated":true}]}}