{"id":428,"date":"2011-09-26T11:44:16","date_gmt":"2011-09-26T09:44:16","guid":{"rendered":"http:\/\/www3.unil.ch\/wpmu\/caverne\/?page_id=428"},"modified":"2014-04-12T11:53:19","modified_gmt":"2014-04-12T09:53:19","slug":"devant-une-webcam-par-adrien-bordone","status":"publish","type":"page","link":"https:\/\/www.asso-unil.ch\/caverne\/projets\/projets-2011-2012\/projets-en-cours\/devant-une-webcam-par-adrien-bordone\/","title":{"rendered":"\u00ab Devant une webcam \u00bb d&rsquo;Adrien Bordone"},"content":{"rendered":"<p><span style=\"color: #339966\">Court-m\u00e9trage : \u00ab\u00a0Devant une webcam\u00a0\u00bb<\/span><\/p>\n<p><em>Devant une webcam <\/em>vacille entre \u00ab film th\u00e9orique \u00bb et film narratif classique. Il raconte la rencontre entre Alice, jeune \u00e9tudiante myst\u00e9rieuse en philosophie, et Markus, professeur de philosophie grecque qui vit dans le calme et la tranquillit\u00e9. Va-et-vient entre ces deux personnages qui se rencontrent \u00e0 l\u2019universit\u00e9 puis chattent sur facebook avant de brutalement coucher ensemble, le r\u00e9cit, plut\u00f4t que de sublimer une romance st\u00e9r\u00e9otyp\u00e9e, analyse la confrontation entre deux points de vues diff\u00e9rents, qui s\u2019attirent mais qui sont inconciliables. C\u2019est le point de vue d\u2019Alice, intelligente et s\u00e9ductrice, qui d\u00e9cide consciemment d\u2019\u00e9branler la sagesse de Markus afin de voir de quoi celle-ci est faite, ce qu\u2019il y a derri\u00e8re ; et celui de Markus qui, repr\u00e9sent\u00e9 comme le sage, est celui qui paradoxalement ne comprend pas ce qui lui arrive et r\u00e9agit en suivant ses pulsions.<\/p>\n<p>&nbsp;<\/p>\n<p style=\"text-align: left\"><a title=\"entretien avec Adrien\" href=\"https:\/\/www3.unil.ch\/wpmu\/caverne\/projets-en-cours\/%c2%ab-devant-une-webcam-%c2%bb-par-adrien-bordone\/entretien-avec-adrien\/\"><em><\/em><span style=\"color: #3366ff\">(Entretien)<\/span><\/a><\/p>\n","protected":false},"excerpt":{"rendered":"<p>Court-m\u00e9trage : \u00ab\u00a0Devant une webcam\u00a0\u00bb Devant une webcam vacille entre \u00ab film th\u00e9orique \u00bb et film narratif classique. Il raconte la rencontre entre Alice, jeune \u00e9tudiante myst\u00e9rieuse en philosophie, et [&hellip;]<\/p>\n","protected":false},"author":27,"featured_media":0,"parent":208,"menu_order":5,"comment_status":"closed","ping_status":"closed","template":"","meta":{"_seopress_robots_primary_cat":"","_seopress_titles_title":"","_seopress_titles_desc":"","_seopress_robots_index":"","footnotes":""},"class_list":["post-428","page","type-page","status-publish"],"_links":{"self":[{"href":"https:\/\/www.asso-unil.ch\/caverne\/wp-json\/wp\/v2\/pages\/428","targetHints":{"allow":["GET"]}}],"collection":[{"href":"https:\/\/www.asso-unil.ch\/caverne\/wp-json\/wp\/v2\/pages"}],"about":[{"href":"https:\/\/www.asso-unil.ch\/caverne\/wp-json\/wp\/v2\/types\/page"}],"author":[{"embeddable":true,"href":"https:\/\/www.asso-unil.ch\/caverne\/wp-json\/wp\/v2\/users\/27"}],"replies":[{"embeddable":true,"href":"https:\/\/www.asso-unil.ch\/caverne\/wp-json\/wp\/v2\/comments?post=428"}],"version-history":[{"count":0,"href":"https:\/\/www.asso-unil.ch\/caverne\/wp-json\/wp\/v2\/pages\/428\/revisions"}],"up":[{"embeddable":true,"href":"https:\/\/www.asso-unil.ch\/caverne\/wp-json\/wp\/v2\/pages\/208"}],"wp:attachment":[{"href":"https:\/\/www.asso-unil.ch\/caverne\/wp-json\/wp\/v2\/media?parent=428"}],"curies":[{"name":"wp","href":"https:\/\/api.w.org\/{rel}","templated":true}]}}