{"id":4185,"date":"2017-05-25T17:10:36","date_gmt":"2017-05-25T15:10:36","guid":{"rendered":"http:\/\/www.asso-unil.ch\/caverne\/?page_id=4185"},"modified":"2018-04-11T11:24:51","modified_gmt":"2018-04-11T09:24:51","slug":"banquets-2016-2017","status":"publish","type":"page","link":"https:\/\/www.asso-unil.ch\/caverne\/banquets\/banquets-2016-2017\/","title":{"rendered":"Banquets 2016-2017"},"content":{"rendered":"<p><em>Semestre d&rsquo;automne<\/em><br \/>\nMercredi 28.09.2016 &#8211; Discussion autour du th\u00e9\u00e2tre<br \/>\nJeudi 13.10.2016 &#8211; Colloque<br \/>\nMercredi 9.11.2016 &#8211; <a href=\"https:\/\/www.asso-unil.ch\/caverne\/2016\/10\/banquet-9-novembre-2016-18h\/\">Jouer le savoir et savoir du jeu <\/a><br \/>\nMercredi 14.12.2016 &#8211; <a href=\"https:\/\/www.asso-unil.ch\/caverne\/2016\/12\/banquet-du-14-decembre-a-17h\/\">Pr\u00e9sentations de projets d&rsquo;\u00e9tudiants<\/a><\/p>\n<p><em>Semestre de printemps<\/em><br \/>\nMercredi 8.03.2017 &#8211; Pr\u00e9sentation par Virgile Delmas de sa performance <em>Mouvements<\/em><br \/>\nMercredi 05.04.2017 &#8211; Pr\u00e9sentation des projets pour les Myst\u00e8res de l&rsquo;UNIL<br \/>\nMardi 11.04.2017 &#8211; Banquet Brunch du s\u00e9minaire de Rahel Kunz<br \/>\nMercredi 31.05.2017 &#8211; Pr\u00e9sentation des projets finis des \u00e9tudiants du s\u00e9minaire de Rahel Kunz sur la mondialisation<\/p>\n","protected":false},"excerpt":{"rendered":"<p>Semestre d&rsquo;automne Mercredi 28.09.2016 &#8211; Discussion autour du th\u00e9\u00e2tre Jeudi 13.10.2016 &#8211; Colloque Mercredi 9.11.2016 &#8211; Jouer le savoir et savoir du jeu Mercredi 14.12.2016 &#8211; Pr\u00e9sentations de projets d&rsquo;\u00e9tudiants [&hellip;]<\/p>\n","protected":false},"author":1001080,"featured_media":0,"parent":3214,"menu_order":0,"comment_status":"closed","ping_status":"closed","template":"","meta":{"_seopress_robots_primary_cat":"","_seopress_titles_title":"","_seopress_titles_desc":"","_seopress_robots_index":"","footnotes":""},"class_list":["post-4185","page","type-page","status-publish"],"_links":{"self":[{"href":"https:\/\/www.asso-unil.ch\/caverne\/wp-json\/wp\/v2\/pages\/4185","targetHints":{"allow":["GET"]}}],"collection":[{"href":"https:\/\/www.asso-unil.ch\/caverne\/wp-json\/wp\/v2\/pages"}],"about":[{"href":"https:\/\/www.asso-unil.ch\/caverne\/wp-json\/wp\/v2\/types\/page"}],"author":[{"embeddable":true,"href":"https:\/\/www.asso-unil.ch\/caverne\/wp-json\/wp\/v2\/users\/1001080"}],"replies":[{"embeddable":true,"href":"https:\/\/www.asso-unil.ch\/caverne\/wp-json\/wp\/v2\/comments?post=4185"}],"version-history":[{"count":0,"href":"https:\/\/www.asso-unil.ch\/caverne\/wp-json\/wp\/v2\/pages\/4185\/revisions"}],"up":[{"embeddable":true,"href":"https:\/\/www.asso-unil.ch\/caverne\/wp-json\/wp\/v2\/pages\/3214"}],"wp:attachment":[{"href":"https:\/\/www.asso-unil.ch\/caverne\/wp-json\/wp\/v2\/media?parent=4185"}],"curies":[{"name":"wp","href":"https:\/\/api.w.org\/{rel}","templated":true}]}}