{"id":4158,"date":"2017-03-10T11:04:54","date_gmt":"2017-03-10T10:04:54","guid":{"rendered":"http:\/\/www.asso-unil.ch\/caverne\/?page_id=4158"},"modified":"2018-01-23T14:04:53","modified_gmt":"2018-01-23T13:04:53","slug":"programme-2015-2016","status":"publish","type":"page","link":"https:\/\/www.asso-unil.ch\/caverne\/banquets\/programme-et-evenements\/programme-2015-2016\/","title":{"rendered":"Programme 2015-2016 : Le troisi\u00e8me \u00e9l\u00e9ment"},"content":{"rendered":"<p>Tout au long de l&rsquo;ann\u00e9e, Les Ma\u00eetres de la Caverne organisent divers \u00e9v\u00e9nements (banquets, ateliers, rencontres, discussions, expositions&#8230;) dans le but d&rsquo;encourager les projets dans leur conception et leur r\u00e9ception. Vous trouverez ci-dessous le programme de l&rsquo;ann\u00e9e en cours et des liens renvoyant aux programmes des ann\u00e9es pr\u00e9c\u00e9dentes.<\/p>\n<p>Notez que le programme vit, change et se modifie au gr\u00e9 des envies, des rencontres et des besoins suscit\u00e9s par les divers projets.<\/p>\n<hr>\n<p>Cette ann\u00e9e les Ma\u00eetres de la Caverne vous offrent, en plus de son soutien aux projets individuels,&nbsp; la possibilit\u00e9 de participer \u00e0 un projet commun : la mise en oeuvre du Banquet de Platon.<\/p>\n<h6>Samedi 22 ao\u00fbt 2015, B\u00e2timent de l\u2019AVJ Transports et Voyages SA, Vall\u00e9e de Joux<\/h6>\n<p>\u00ab\u00a0Le portrait des Vaudois\u00a0\u00bb<br \/>\nUne mise en sc\u00e8ne de Michel Toman<br \/>\nLes Ma\u00eetres de la Caverne vous proposent de les rejoindre pour une excursion \u00e0 la Vall\u00e9e de Joux afin de d\u00e9couvrir la mise en sc\u00e8ne de Michel Toman d&rsquo;un texte de Jacques Chessex \u00ab\u00a0Le portrait des Vaudois\u00a0\u00bb par la compagnie du <a href=\"https:\/\/cledar.ch\/site\/index.php?option=com_content&amp;view=article&amp;id=242&amp;Itemid=101\">CLEDAR<\/a><\/p>\n<h6>Mercredi 16 septembre 2015, 17h15-19h00, UniL<\/h6>\n<p>D\u00e9but du s\u00e9minaire donn\u00e9 par Michael Groneberg : la philosophie des genres (philosophie moderne et contemporaine)<\/p>\n<h6>Jeudi 17 septembre 2015, 10h15-12h00, UniL<\/h6>\n<p>D\u00e9but du s\u00e9minaire donn\u00e9 par Michael Groneberg sur Banquet de Platon (philosophie antique)<\/p>\n<h6>Mercredi 23 septembre 2015, 12h00-13h00, coeur de section<\/h6>\n<p>Vernissage de l&rsquo;exposition propos\u00e9e sur les murs de la section suivi d&rsquo;un ap\u00e9ro<br \/>\ndes informations suppl\u00e9mentaires suivront<\/p>\n<h6>Mercredi 23 septembre 2015, 17h00-22h00, Foyer du Th\u00e9\u00e2tre la Grange de Dorigny<\/h6>\n<p>Premier Banquet du semestre sur le th\u00e8me \u00ab\u00a0Le troisi\u00e8me \u00e9l\u00e9ment &#8211; entre au-del\u00e0 et entre deux\u00a0\u00bb en pr\u00e9sence des participant-e-s au s\u00e9minaire du mercredi sur la philosophie des genres.<\/p>\n<h6>Du 13 au 15 octobre 2015<\/h6>\n<p>Festival Point Virgule<\/p>\n<p>Date encore \u00e0 communiquer,&nbsp; Petit Th\u00e9\u00e2tre de Lausanne<br \/>\n<a href=\"https:\/\/www.lepetittheatre.ch\/programme\/saison-2015-2016\/spectacle\/je-m-appelle-jack\">\u00ab\u00a0Je m&rsquo;appelle Jack\u00a0\u00bb, <\/a> mise en sc\u00e8ne de Michel Toman et Sandra Korol<br \/>\nsur le th\u00e8me des intergenres<\/p>\n<h6>Vendredi 23 octobre 2015, 18h30, FriSc\u00e8nes, Nouveau Monde, Fribourg<\/h6>\n<p><a href=\"https:\/\/www.friscenes.ch\/spectacles\/le-cafe-des-voyageurs\/\">\u00ab\u00a0Le caf\u00e9 des voyageurs\u00a0\u00bb,<\/a> distribution masculine<\/p>\n<h6>Mercredi 28 octobre 2015, Foyer du th\u00e9\u00e2tre la Grange de Dorigny<\/h6>\n<p>Banquet<\/p>\n<h6>Mercredi 11 novembre 2015, 20h30, Maison de quartier sous-gare<\/h6>\n<p>Les ma\u00eetres de la Caverne pr\u00e9sentent&#8230;<br \/>\nPr\u00e9sentations de projets des Ma\u00eetres de la Caverne au sein du groupe vaudois de philosophie<\/p>\n<h6>Mercredi 25 novembre, 18h-22h00, Foyer du th\u00e9\u00e2tre la Grange de Dorigny<\/h6>\n<p>Banquet<\/p>\n<h6>Samedi 28 novembre, 18h00-22h00, Caf\u00e9 le Tunnel, Fribourg<\/h6>\n<p>Banquet grec, mise en oeuvre du Banquet de Platon et pr\u00e9sentations de divers projets dans la cave du Caf\u00e9<\/p>\n<h6>Mercredi 16 d\u00e9cembre, 18h00-22h00, Foyer de la Grange de Dorigny<\/h6>\n<p>Banquet, pr\u00e9sentation des travaux des \u00e9tudiants.<\/p>\n<h6>Jeudi 21 janvier 2016,&nbsp; 17h00, Foyer de la Grange de Dorigny<\/h6>\n<p>Banquet, le Corps<\/p>\n<h6>Du 25 avril au 12 mai<\/h6>\n<p>Festival&nbsp; F\u00e9cule, Festival des cultures universitaires<\/p>\n","protected":false},"excerpt":{"rendered":"<p>Tout au long de l&rsquo;ann\u00e9e, Les Ma\u00eetres de la Caverne organisent divers \u00e9v\u00e9nements (banquets, ateliers, rencontres, discussions, expositions&#8230;) dans le but d&rsquo;encourager les projets dans leur conception et leur r\u00e9ception. [&hellip;]<\/p>\n","protected":false},"author":208,"featured_media":0,"parent":3632,"menu_order":0,"comment_status":"closed","ping_status":"closed","template":"","meta":{"_seopress_robots_primary_cat":"","_seopress_titles_title":"","_seopress_titles_desc":"","_seopress_robots_index":"","footnotes":""},"class_list":["post-4158","page","type-page","status-publish"],"_links":{"self":[{"href":"https:\/\/www.asso-unil.ch\/caverne\/wp-json\/wp\/v2\/pages\/4158","targetHints":{"allow":["GET"]}}],"collection":[{"href":"https:\/\/www.asso-unil.ch\/caverne\/wp-json\/wp\/v2\/pages"}],"about":[{"href":"https:\/\/www.asso-unil.ch\/caverne\/wp-json\/wp\/v2\/types\/page"}],"author":[{"embeddable":true,"href":"https:\/\/www.asso-unil.ch\/caverne\/wp-json\/wp\/v2\/users\/208"}],"replies":[{"embeddable":true,"href":"https:\/\/www.asso-unil.ch\/caverne\/wp-json\/wp\/v2\/comments?post=4158"}],"version-history":[{"count":0,"href":"https:\/\/www.asso-unil.ch\/caverne\/wp-json\/wp\/v2\/pages\/4158\/revisions"}],"up":[{"embeddable":true,"href":"https:\/\/www.asso-unil.ch\/caverne\/wp-json\/wp\/v2\/pages\/3632"}],"wp:attachment":[{"href":"https:\/\/www.asso-unil.ch\/caverne\/wp-json\/wp\/v2\/media?parent=4158"}],"curies":[{"name":"wp","href":"https:\/\/api.w.org\/{rel}","templated":true}]}}