{"id":407,"date":"2011-09-25T19:24:51","date_gmt":"2011-09-25T17:24:51","guid":{"rendered":"http:\/\/www3.unil.ch\/wpmu\/caverne\/?page_id=407"},"modified":"2014-04-12T11:52:46","modified_gmt":"2014-04-12T09:52:46","slug":"workshops-sa-11","status":"publish","type":"page","link":"https:\/\/www.asso-unil.ch\/caverne\/banquets\/programme-et-evenements\/programme-2011-2012\/accueil-automne-2011\/workshops-sa-11\/","title":{"rendered":"Workshops (SA 11)"},"content":{"rendered":"<p>Les workshops ont lieu \u00e0 la <span style=\"color: #339966\">salle de musique de l&rsquo;UNIL (au sous-sol de l&rsquo;Unith\u00e8que)<span style=\"color: #999999\">, deux fois par semaine :<\/span><\/span><\/p>\n<p><span style=\"color: #339966\"><span style=\"color: #999999\">1. Tous <span style=\"color: #339966\">les lundis de 18h \u00e0 21h, \u00e0 partir du 3 octobre 2011<\/span>, avec Michael Groneberg.<\/span><\/span><\/p>\n<p>2. Tous <span style=\"color: #339966\">les mercredis de 18h30 \u00e0 20h30, \u00e0 partir du 28 septembre 2011<\/span>, avec Roelof Overmeer.<\/p>\n<p>Des d\u00e9tails vous seront livr\u00e9s lors des premi\u00e8res s\u00e9ances.<\/p>\n","protected":false},"excerpt":{"rendered":"<p>Les workshops ont lieu \u00e0 la salle de musique de l&rsquo;UNIL (au sous-sol de l&rsquo;Unith\u00e8que), deux fois par semaine : 1. Tous les lundis de 18h \u00e0 21h, \u00e0 partir [&hellip;]<\/p>\n","protected":false},"author":27,"featured_media":0,"parent":225,"menu_order":2,"comment_status":"closed","ping_status":"closed","template":"","meta":{"_seopress_robots_primary_cat":"","_seopress_titles_title":"","_seopress_titles_desc":"","_seopress_robots_index":"","footnotes":""},"class_list":["post-407","page","type-page","status-publish"],"_links":{"self":[{"href":"https:\/\/www.asso-unil.ch\/caverne\/wp-json\/wp\/v2\/pages\/407","targetHints":{"allow":["GET"]}}],"collection":[{"href":"https:\/\/www.asso-unil.ch\/caverne\/wp-json\/wp\/v2\/pages"}],"about":[{"href":"https:\/\/www.asso-unil.ch\/caverne\/wp-json\/wp\/v2\/types\/page"}],"author":[{"embeddable":true,"href":"https:\/\/www.asso-unil.ch\/caverne\/wp-json\/wp\/v2\/users\/27"}],"replies":[{"embeddable":true,"href":"https:\/\/www.asso-unil.ch\/caverne\/wp-json\/wp\/v2\/comments?post=407"}],"version-history":[{"count":0,"href":"https:\/\/www.asso-unil.ch\/caverne\/wp-json\/wp\/v2\/pages\/407\/revisions"}],"up":[{"embeddable":true,"href":"https:\/\/www.asso-unil.ch\/caverne\/wp-json\/wp\/v2\/pages\/225"}],"wp:attachment":[{"href":"https:\/\/www.asso-unil.ch\/caverne\/wp-json\/wp\/v2\/media?parent=407"}],"curies":[{"name":"wp","href":"https:\/\/api.w.org\/{rel}","templated":true}]}}