{"id":3975,"date":"2015-10-14T07:28:05","date_gmt":"2015-10-14T05:28:05","guid":{"rendered":"http:\/\/www.asso-unil.ch\/caverne\/?page_id=3975"},"modified":"2015-10-14T07:28:32","modified_gmt":"2015-10-14T05:28:32","slug":"banquet-28-octobre-2015","status":"publish","type":"page","link":"https:\/\/www.asso-unil.ch\/caverne\/banquets\/banquets-2015-2016\/banquet-28-octobre-2015\/","title":{"rendered":"Banquet 28 octobre 2015"},"content":{"rendered":"<p>Le Banquet d\u00e9buter \u00e0 17h15.<br \/>\nRendez-vous au Foyer du th\u00e9\u00e2tre la Grange de Dorigny<\/p>\n<p>17h15\u00a0 Introduction par MG<\/p>\n<p>17h30 &#8211; 19h00 Le genre dans l&rsquo;amour\u00a0\u00bb<br \/>\nmise en sc\u00e8ne du <em>Banquet<\/em> de Platon<\/p>\n<p>19h00 &#8211; 21h00 Discussions<\/p>\n","protected":false},"excerpt":{"rendered":"<p>Le Banquet d\u00e9buter \u00e0 17h15. Rendez-vous au Foyer du th\u00e9\u00e2tre la Grange de Dorigny 17h15\u00a0 Introduction par MG 17h30 &#8211; 19h00 Le genre dans l&rsquo;amour\u00a0\u00bb mise en sc\u00e8ne du Banquet [&hellip;]<\/p>\n","protected":false},"author":1001005,"featured_media":0,"parent":3973,"menu_order":0,"comment_status":"closed","ping_status":"closed","template":"","meta":{"_seopress_robots_primary_cat":"","_seopress_titles_title":"","_seopress_titles_desc":"","_seopress_robots_index":"","footnotes":""},"class_list":["post-3975","page","type-page","status-publish"],"_links":{"self":[{"href":"https:\/\/www.asso-unil.ch\/caverne\/wp-json\/wp\/v2\/pages\/3975","targetHints":{"allow":["GET"]}}],"collection":[{"href":"https:\/\/www.asso-unil.ch\/caverne\/wp-json\/wp\/v2\/pages"}],"about":[{"href":"https:\/\/www.asso-unil.ch\/caverne\/wp-json\/wp\/v2\/types\/page"}],"author":[{"embeddable":true,"href":"https:\/\/www.asso-unil.ch\/caverne\/wp-json\/wp\/v2\/users\/1001005"}],"replies":[{"embeddable":true,"href":"https:\/\/www.asso-unil.ch\/caverne\/wp-json\/wp\/v2\/comments?post=3975"}],"version-history":[{"count":0,"href":"https:\/\/www.asso-unil.ch\/caverne\/wp-json\/wp\/v2\/pages\/3975\/revisions"}],"up":[{"embeddable":true,"href":"https:\/\/www.asso-unil.ch\/caverne\/wp-json\/wp\/v2\/pages\/3973"}],"wp:attachment":[{"href":"https:\/\/www.asso-unil.ch\/caverne\/wp-json\/wp\/v2\/media?parent=3975"}],"curies":[{"name":"wp","href":"https:\/\/api.w.org\/{rel}","templated":true}]}}