{"id":3973,"date":"2015-10-14T07:25:04","date_gmt":"2015-10-14T05:25:04","guid":{"rendered":"http:\/\/www.asso-unil.ch\/caverne\/?page_id=3973"},"modified":"2015-10-14T07:25:04","modified_gmt":"2015-10-14T05:25:04","slug":"banquets-2015-2016","status":"publish","type":"page","link":"https:\/\/www.asso-unil.ch\/caverne\/banquets\/banquets-2015-2016\/","title":{"rendered":"Banquets 2015-2016"},"content":{"rendered":"<p><strong>Mercredi 23.09.2015 \u2013 Le 3\u00e8me \u00e9l\u00e9ment entre au-del\u00e0 et entre deux discours de Michael Groneberg et discussions<br \/>\nMercredi 28.10.2015 \u2013 Mise en sc\u00e8ne du Banquet de Platon<br \/>\nMercredi 25.11.2015<\/strong> \u2013 <strong>Pr\u00e9sentation de projets d\u2019\u00e9tudiants<\/strong><br \/>\n<strong>Mercredi 16.12.2015 \u2013 Pr\u00e9sentation de projets d\u2019\u00e9tudiants<br \/>\n<\/strong><\/p>\n","protected":false},"excerpt":{"rendered":"<p>Mercredi 23.09.2015 \u2013 Le 3\u00e8me \u00e9l\u00e9ment entre au-del\u00e0 et entre deux discours de Michael Groneberg et discussions Mercredi 28.10.2015 \u2013 Mise en sc\u00e8ne du Banquet de Platon Mercredi 25.11.2015 \u2013 [&hellip;]<\/p>\n","protected":false},"author":1001005,"featured_media":0,"parent":3214,"menu_order":0,"comment_status":"closed","ping_status":"closed","template":"","meta":{"_seopress_robots_primary_cat":"","_seopress_titles_title":"","_seopress_titles_desc":"","_seopress_robots_index":"","footnotes":""},"class_list":["post-3973","page","type-page","status-publish"],"_links":{"self":[{"href":"https:\/\/www.asso-unil.ch\/caverne\/wp-json\/wp\/v2\/pages\/3973","targetHints":{"allow":["GET"]}}],"collection":[{"href":"https:\/\/www.asso-unil.ch\/caverne\/wp-json\/wp\/v2\/pages"}],"about":[{"href":"https:\/\/www.asso-unil.ch\/caverne\/wp-json\/wp\/v2\/types\/page"}],"author":[{"embeddable":true,"href":"https:\/\/www.asso-unil.ch\/caverne\/wp-json\/wp\/v2\/users\/1001005"}],"replies":[{"embeddable":true,"href":"https:\/\/www.asso-unil.ch\/caverne\/wp-json\/wp\/v2\/comments?post=3973"}],"version-history":[{"count":0,"href":"https:\/\/www.asso-unil.ch\/caverne\/wp-json\/wp\/v2\/pages\/3973\/revisions"}],"up":[{"embeddable":true,"href":"https:\/\/www.asso-unil.ch\/caverne\/wp-json\/wp\/v2\/pages\/3214"}],"wp:attachment":[{"href":"https:\/\/www.asso-unil.ch\/caverne\/wp-json\/wp\/v2\/media?parent=3973"}],"curies":[{"name":"wp","href":"https:\/\/api.w.org\/{rel}","templated":true}]}}