{"id":3916,"date":"2015-08-03T09:14:51","date_gmt":"2015-08-03T07:14:51","guid":{"rendered":"http:\/\/www.asso-unil.ch\/caverne\/?page_id=3916"},"modified":"2018-01-23T14:13:19","modified_gmt":"2018-01-23T13:13:19","slug":"programme-2014-2015","status":"publish","type":"page","link":"https:\/\/www.asso-unil.ch\/caverne\/banquets\/programme-et-evenements\/programme-2014-2015\/","title":{"rendered":"Programme 2014-2015 : Libert\u00e9 et Contraintes"},"content":{"rendered":"<p><strong>Mercredi 17 septembre 2014, 18h00, Foyer de la Grange de Dorigny<br \/>\n<\/strong><a href=\"https:\/\/www.asso-unil.ch\/caverne\/banquets-2014-2015\/dates-des-banquets-2014-2015\/banquet-17-septembre-2014\/\">Banquet de la rentr\u00e9e 2014<\/a><\/p>\n<p><strong>Du 15-16 octobre, Th\u00e9\u00e2tre La Grange de Dorigny<br \/>\n<\/strong>Les Ma\u00eetres de la Caverne pr\u00e9sentent&#8230;&nbsp;<a href=\"https:\/\/wp.unil.ch\/grangededorigny\/festivals\/point-virgule-2\/\">au Point.Virgule,<\/a><a href=\"https:\/\/wp.unil.ch\/grangededorigny\/festivals\/point-virgule-2\/\"><br \/>\n<\/a><a href=\"https:\/\/www.asso-unil.ch\/caverne\/programme-et-evenements-2014-2015\/point-virgule\/\">Le programme est \u00e0 voir ici.<\/a><\/p>\n<p><strong>Mercredi 22 octobre, 18h00, Foyer de la Grange de Dorigny<br \/>\n<\/strong><a href=\"https:\/\/www.asso-unil.ch\/caverne\/banquets-2014-2015\/dates-des-banquets-2014-2015\/banquet-22-octobre-2014-les-stoiciens\/\">Banquet: le sto\u00efcisme et sa pertinence aujourd&rsquo;hui?<\/a><br \/>\nEn pr\u00e9sence de :<br \/>\nMa\u00ebl Goarzin, doctorant en philosophie antique \u00e0 l&rsquo;UniL<br \/>\nKonstantin B\u00fcchler, ancien \u00e9tudiant de philosophie \u00e0 l&rsquo;UniL<br \/>\nJordi Pi\u00e0, ma\u00eetre de conf\u00e9rence \u00e0 Paris III, sp\u00e9cialiste du sto\u00efcisme<\/p>\n<p><strong>Samedi 1er Novembre 2014<\/strong>, <strong>18h00.<\/strong><br \/>\nVisite du collectif <em>Fer de Lance<\/em><br \/>\nLes Ma\u00eetres de la Caverne sont invit\u00e9s \u00e0 rencontrer le collectif <em>Fer de Lance<\/em> sous le th\u00e8me de&nbsp;<a href=\"https:\/\/www.asso-unil.ch\/caverne\/programme-et-evenements-2014-2015\/fer-de-lance\/\">\u00ab\u00a0L&rsquo;intersexualit\u00e9\u00a0\u00bb.<\/a> Michael Groneberg proposera une interrogation sur l&rsquo;hermaphrodisme et notamment sa place dans le domaine de l&rsquo;art.<\/p>\n<p><strong>Jeudi 13 novembre, 18h30, Fribourg, le caf\u00e9 Le Tunnel<br \/>\n<\/strong><a href=\"https:\/\/www.asso-unil.ch\/caverne\/programme-et-evenements-2014-2015\/cafe-le-tunnel-fribourg\/\">\u00ab\u00a0Les philosophes montent sur les planches\u00a0\u00bb<\/a><\/p>\n<p><strong>Mercredi 19 novembre, 18h00, Foyer de la Grange de Dorigny<br \/>\n<\/strong><a href=\"https:\/\/www.asso-unil.ch\/caverne\/banquets-2014-2015\/dates-des-banquets-2014-2015\/banquet-19-novembre-2014-projets-liberte-et-contraintes\/\">Banquet : Pr\u00e9sentations des projets<\/a><\/p>\n<p><strong>Samedi 22 novembre, 11h00, Yverdon, Maison d&rsquo;ailleurs<br \/>\n<\/strong>Visite guid\u00e9e de l&rsquo;exposition <a href=\"https:\/\/www.asso-unil.ch\/caverne\/programme-et-evenements-2014-2015\/la-maison-dailleurs-yverdon\/\"><em>Alphabrick<\/em><\/a> en pr\u00e9sence de Marc Atallah directeur de la Maison d&rsquo;Ailleurs.<br \/>\nInscription souhait\u00e9e<\/p>\n<p><strong>Jeudi 27 novembre, 18h00<br \/>\n<\/strong>Visite du collectif <em>Fer de Lance<\/em><br \/>\nsuite de la conf\u00e9rence de M.Groneberg : <a href=\"https:\/\/www.asso-unil.ch\/caverne\/programme-et-evenements-2014-2015\/fer-de-lance\/\">\u00ab\u00a0Entre les genres, entre les sexes\u00a0\u00bb<\/a><\/p>\n<p><strong>Jeudi 4 d\u00e9cembre, 18h30, Fribourg, le caf\u00e9 Le Tunnel<br \/>\n<\/strong><a href=\"https:\/\/www.asso-unil.ch\/caverne\/programme-et-evenements-2014-2015\/cafe-le-tunnel-fribourg\/\">\u00ab\u00a0Boulevard des philosophes\u00a0\u00bb<\/a><\/p>\n<p><strong>Mercredi 10 d\u00e9cembre, 18h00, Foyer de la Grange de Dorigny<\/strong><br \/>\nBanquet : Pr\u00e9sentation des projets<\/p>\n<p><strong>Mercredi 21 janvier, 18h00, Foyer de la Grange de Dorigny<\/strong><br \/>\nBanquet<\/p>\n<p><strong>Mercredi 18 f\u00e9vrier, 18h00, Foyer de la Grange de Dorigny<\/strong><br \/>\nBanquet<\/p>\n<p><strong>Mercredi 25 mars 2015, d\u00e8s 18h30,&nbsp; Foyer de la Grange de Dorigny<\/strong><br \/>\nBanquet<\/p>\n<p><strong>Vendredi 27 mars 2015, d\u00e8s 18h00, Collectif Fer de Lance, Lausanne<\/strong><br \/>\nDiscussion-repas autour du rapport Texte-Image<br \/>\nEn pr\u00e9sence de l&rsquo;auteur Serge Heughebaert<\/p>\n<p><strong>Mercredi 08 avril 2015, d\u00e8s 18h00, Foyer de la Grange de Dorigny<\/strong><br \/>\nBanquet: pr\u00e9sentation des projets<\/p>\n<p><strong>24 \u2013 27 avril&nbsp;2015, Th\u00e9\u00e2tre de Dorigny<\/strong><br \/>\n<a href=\"https:\/\/www.asso-unil.ch\/caverne\/fecule\/\">Les Ma\u00eetres de la Caverne pr\u00e9sentent\u2026<\/a><br \/>\nAu F\u00e9cule<\/p>\n<p><strong>Jeudi, 07 mai 2015,&nbsp;\u00e9v\u00e9nement au Tunnel (Fribourg)<\/strong><br \/>\n<a href=\"https:\/\/www.asso-unil.ch\/caverne\/2015\/04\/07-mai-2015-les-maitres-de-la-caverne-au-cafe-le-tunnel-fribourg\/\">Le Marteau \u00e9clair\u00e9<\/a><\/p>\n<p><strong>Vendredi, 08 mai 2015, 19h30, Zelig<\/strong><br \/>\n<a href=\"https:\/\/www.asso-unil.ch\/caverne\/2015\/05\/le-journal-intime-de-don-juan-a-zelig-vendredi-08-mai-2015\/\">Le journal intime de Don Juan <\/a><\/p>\n<p><strong>Mercredi 27 mai 2015, d\u00e8s 18h00, Foyer de la Grange de Dorigny<\/strong><br \/>\nBanquet<\/p>\n<p>&nbsp;<\/p>\n","protected":false},"excerpt":{"rendered":"<p>Mercredi 17 septembre 2014, 18h00, Foyer de la Grange de Dorigny Banquet de la rentr\u00e9e 2014 Du 15-16 octobre, Th\u00e9\u00e2tre La Grange de Dorigny Les Ma\u00eetres de la Caverne pr\u00e9sentent&#8230;&nbsp;au [&hellip;]<\/p>\n","protected":false},"author":1001005,"featured_media":0,"parent":3632,"menu_order":0,"comment_status":"closed","ping_status":"closed","template":"","meta":{"_seopress_robots_primary_cat":"","_seopress_titles_title":"","_seopress_titles_desc":"","_seopress_robots_index":"","footnotes":""},"class_list":["post-3916","page","type-page","status-publish"],"_links":{"self":[{"href":"https:\/\/www.asso-unil.ch\/caverne\/wp-json\/wp\/v2\/pages\/3916","targetHints":{"allow":["GET"]}}],"collection":[{"href":"https:\/\/www.asso-unil.ch\/caverne\/wp-json\/wp\/v2\/pages"}],"about":[{"href":"https:\/\/www.asso-unil.ch\/caverne\/wp-json\/wp\/v2\/types\/page"}],"author":[{"embeddable":true,"href":"https:\/\/www.asso-unil.ch\/caverne\/wp-json\/wp\/v2\/users\/1001005"}],"replies":[{"embeddable":true,"href":"https:\/\/www.asso-unil.ch\/caverne\/wp-json\/wp\/v2\/comments?post=3916"}],"version-history":[{"count":0,"href":"https:\/\/www.asso-unil.ch\/caverne\/wp-json\/wp\/v2\/pages\/3916\/revisions"}],"up":[{"embeddable":true,"href":"https:\/\/www.asso-unil.ch\/caverne\/wp-json\/wp\/v2\/pages\/3632"}],"wp:attachment":[{"href":"https:\/\/www.asso-unil.ch\/caverne\/wp-json\/wp\/v2\/media?parent=3916"}],"curies":[{"name":"wp","href":"https:\/\/api.w.org\/{rel}","templated":true}]}}