{"id":3888,"date":"2015-05-25T21:44:16","date_gmt":"2015-05-25T19:44:16","guid":{"rendered":"http:\/\/www.asso-unil.ch\/caverne\/?page_id=3888"},"modified":"2015-05-25T22:12:39","modified_gmt":"2015-05-25T20:12:39","slug":"banquet-27-mai-2015","status":"publish","type":"page","link":"https:\/\/www.asso-unil.ch\/caverne\/banquets\/dates-des-banquets-2014-2015\/banquet-27-mai-2015\/","title":{"rendered":"Banquet 27 mai 2015"},"content":{"rendered":"<h1><\/h1>\n<h2>Notre prochain Banquet aura lieu le 27 mai au Foyer du th\u00e9\u00e2tre la Grange de Dorigny d\u00e8s 18h30<\/h2>\n<p><strong>[Programme provisoire]\u00a0<\/strong><\/p>\n<div>18h30-19h00\u00a0 St\u00e9phanie, <i><a href=\"https:\/\/www.asso-unil.ch\/caverne\/theme_et_projet\/projets-2014-2015\/a-propos-stephanie-g\/\">A-propos<\/a><\/i> (son)<br \/>\n19h00- 19h30 Aude, <i><a href=\"https:\/\/www.asso-unil.ch\/caverne\/theme_et_projet\/projets-2014-2015\/aux-confins-de-la-photographie-aude-l\/\">Aux confins de la photographie<\/a><\/i> (photographie)<\/div>\n<div><em>*** petite pause ***<\/em><br \/>\n19h45-20h15 Nino, <a href=\"https:\/\/www.asso-unil.ch\/caverne\/theme_et_projet\/projets-2014-2015\/les-travailleurs-anonymes-nino-f\/\"><i>Les travailleurs anonymes<\/i> <\/a>(vid\u00e9o)<br \/>\n20h15-20h45 Greg, <a href=\"https:\/\/www.asso-unil.ch\/caverne\/theme_et_projet\/projets-2014-2015\/atelier-creation-rollistique-gregory-t\/\"><i>Atelier de cr\u00e9ation r\u00f4llistique<br \/>\n<\/i><\/a><em>*** petite pause ***<\/em><\/div>\n<div>21h00-21h30 Tristan et Sasha, <a href=\"https:\/\/www.asso-unil.ch\/caverne\/theme_et_projet\/projets-2014-2015\/a-la-recherche-de-linvariant-tristan-s-et-sasha-h\/\"><i>A la recherche de l&rsquo;invariant<\/i> <\/a>(photographie)<\/div>\n<div>21h30-22h00 Alessio, <i><a href=\"https:\/\/www.asso-unil.ch\/caverne\/theme_et_projet\/projets-2014-2015\/voix-dans-lobscurite-alessio-v-f\/\">Voix dans l&rsquo;obscurit\u00e9<\/a><\/i> (nouvelle)<\/div>\n","protected":false},"excerpt":{"rendered":"<p>Notre prochain Banquet aura lieu le 27 mai au Foyer du th\u00e9\u00e2tre la Grange de Dorigny d\u00e8s 18h30 [Programme provisoire]\u00a0 18h30-19h00\u00a0 St\u00e9phanie, A-propos (son) 19h00- 19h30 Aude, Aux confins de [&hellip;]<\/p>\n","protected":false},"author":1001005,"featured_media":0,"parent":3507,"menu_order":0,"comment_status":"closed","ping_status":"open","template":"","meta":{"_seopress_robots_primary_cat":"","_seopress_titles_title":"","_seopress_titles_desc":"","_seopress_robots_index":"","footnotes":""},"class_list":["post-3888","page","type-page","status-publish"],"_links":{"self":[{"href":"https:\/\/www.asso-unil.ch\/caverne\/wp-json\/wp\/v2\/pages\/3888","targetHints":{"allow":["GET"]}}],"collection":[{"href":"https:\/\/www.asso-unil.ch\/caverne\/wp-json\/wp\/v2\/pages"}],"about":[{"href":"https:\/\/www.asso-unil.ch\/caverne\/wp-json\/wp\/v2\/types\/page"}],"author":[{"embeddable":true,"href":"https:\/\/www.asso-unil.ch\/caverne\/wp-json\/wp\/v2\/users\/1001005"}],"replies":[{"embeddable":true,"href":"https:\/\/www.asso-unil.ch\/caverne\/wp-json\/wp\/v2\/comments?post=3888"}],"version-history":[{"count":0,"href":"https:\/\/www.asso-unil.ch\/caverne\/wp-json\/wp\/v2\/pages\/3888\/revisions"}],"up":[{"embeddable":true,"href":"https:\/\/www.asso-unil.ch\/caverne\/wp-json\/wp\/v2\/pages\/3507"}],"wp:attachment":[{"href":"https:\/\/www.asso-unil.ch\/caverne\/wp-json\/wp\/v2\/media?parent=3888"}],"curies":[{"name":"wp","href":"https:\/\/api.w.org\/{rel}","templated":true}]}}