{"id":3875,"date":"2015-05-23T16:13:59","date_gmt":"2015-05-23T14:13:59","guid":{"rendered":"http:\/\/www.asso-unil.ch\/caverne\/?page_id=3875"},"modified":"2015-05-23T16:20:17","modified_gmt":"2015-05-23T14:20:17","slug":"aux-confins-de-la-photographie-aude-l","status":"publish","type":"page","link":"https:\/\/www.asso-unil.ch\/caverne\/projets\/projets-2014-2015\/aux-confins-de-la-photographie-aude-l\/","title":{"rendered":"Aux confins de la photographie &#8211; Aude L."},"content":{"rendered":"<p style=\"text-align: justify\"><span style=\"color: black;font-family: Calibri,Arial,Helvetica,sans-serif;font-size: medium\"><span dir=\"ltr\">Si l&rsquo;invention de la photographie a permis le d\u00e9veloppement d&rsquo;une nouvelle mani\u00e8re\u00a0de produire et de penser l&rsquo;image, elle a \u00e9galement\u00a0engendr\u00e9 de\u00a0vifs d\u00e9bats\u00a0dans le milieu artistique. Charles Baudelaire, un des plus grands po\u00e8tes du 19\u00e8me si\u00e8cle, disait, d&rsquo;ailleurs, en parlant de la photographie, qu&rsquo;elle n&rsquo;\u00e9tait qu&rsquo;une industrie dans lequel se r\u00e9fugient <span style=\"font-family: Times New Roman,serif\"><span lang=\"fr\">\u00ab<\/span><\/span>les peintres manqu\u00e9s, trop mal dou\u00e9s ou trop paresseux pour achever leurs \u00e9tudes<span style=\"font-family: Times New Roman,serif\"><span lang=\"fr\">\u00bb<\/span><\/span> (Charles Baudelaire, <i>Curiosit\u00e9s esth\u00e9tiques ; L&rsquo;art romantique : et autres \u0153uvres critiques ; <\/i><i>IX. Salon de 1859. Lettres \u00e0 M. le Directeur de la Revue Fran\u00e7ais).<\/i> Consid\u00e9r\u00e9e tr\u00e8s vite\u00a0comme un simple proc\u00e9d\u00e9 m\u00e9canique qui\u00a0fixe sur papier le r\u00e9el,\u00a0elle fut sans cesse\u00a0rabaiss\u00e9e au rang de technologie pour touristes. Pourtant, malgr\u00e9 toutes ces critiques,\u00a0elle est\u00a0parvenue aujourd&rsquo;hui \u00e0 s&rsquo;affirmer en tant que v\u00e9ritable art. Le projet d&rsquo;Aude &#8211; Aux confins de la photographie &#8211;\u00a0\u00a0se veut donc \u00eatre une tentative pour comprendre cette \u00e9volution et s&rsquo;agencera, par ce fait,\u00a0selon une double structure:\u00a0d&rsquo;abord, un temps th\u00e9orique qui consistera \u00e0 appr\u00e9hender, par le biais de textes de Kandinsky, Foucault et Barthes, les raisons qui permettent de placer\u00a0la photographie dans les arts lib\u00e9raux, puis un temps plut\u00f4t pratique\u00a0o\u00f9 elle essayera de d\u00e9passer les pr\u00e9jug\u00e9s qui entourent la notion de photographie en menant cette derni\u00e8re jusqu&rsquo;\u00e0 ses limites, c&rsquo;est-\u00e0-dire vers l&rsquo;abstraction. Si l&rsquo;articulation entre th\u00e9orie-pratique semble\u00a0intuitivement\u00a0difficile, elle sera, n\u00e9anmoins, facilit\u00e9e par\u00a0la cr\u00e9ation d&rsquo;un support commun, \u00e0 savoir l&rsquo;\u00e9laboration d&rsquo;un livre d&rsquo;artiste comprenant extraits de textes philosophiques, r\u00e9flexions personnelles et plusieurs\u00a0s\u00e9ries de photographies.<\/span><\/span><\/p>\n<p style=\"text-align: justify\">photographie<\/p>\n","protected":false},"excerpt":{"rendered":"<p>Si l&rsquo;invention de la photographie a permis le d\u00e9veloppement d&rsquo;une nouvelle mani\u00e8re\u00a0de produire et de penser l&rsquo;image, elle a \u00e9galement\u00a0engendr\u00e9 de\u00a0vifs d\u00e9bats\u00a0dans le milieu artistique. Charles Baudelaire, un des plus [&hellip;]<\/p>\n","protected":false},"author":1001005,"featured_media":0,"parent":3721,"menu_order":0,"comment_status":"closed","ping_status":"closed","template":"","meta":{"_seopress_robots_primary_cat":"","_seopress_titles_title":"","_seopress_titles_desc":"","_seopress_robots_index":"","footnotes":""},"class_list":["post-3875","page","type-page","status-publish"],"_links":{"self":[{"href":"https:\/\/www.asso-unil.ch\/caverne\/wp-json\/wp\/v2\/pages\/3875","targetHints":{"allow":["GET"]}}],"collection":[{"href":"https:\/\/www.asso-unil.ch\/caverne\/wp-json\/wp\/v2\/pages"}],"about":[{"href":"https:\/\/www.asso-unil.ch\/caverne\/wp-json\/wp\/v2\/types\/page"}],"author":[{"embeddable":true,"href":"https:\/\/www.asso-unil.ch\/caverne\/wp-json\/wp\/v2\/users\/1001005"}],"replies":[{"embeddable":true,"href":"https:\/\/www.asso-unil.ch\/caverne\/wp-json\/wp\/v2\/comments?post=3875"}],"version-history":[{"count":0,"href":"https:\/\/www.asso-unil.ch\/caverne\/wp-json\/wp\/v2\/pages\/3875\/revisions"}],"up":[{"embeddable":true,"href":"https:\/\/www.asso-unil.ch\/caverne\/wp-json\/wp\/v2\/pages\/3721"}],"wp:attachment":[{"href":"https:\/\/www.asso-unil.ch\/caverne\/wp-json\/wp\/v2\/media?parent=3875"}],"curies":[{"name":"wp","href":"https:\/\/api.w.org\/{rel}","templated":true}]}}