{"id":3871,"date":"2015-05-23T16:10:12","date_gmt":"2015-05-23T14:10:12","guid":{"rendered":"http:\/\/www.asso-unil.ch\/caverne\/?page_id=3871"},"modified":"2015-05-26T12:30:41","modified_gmt":"2015-05-26T10:30:41","slug":"a-la-recherche-de-linvariant-tristan-s-et-sasha-h","status":"publish","type":"page","link":"https:\/\/www.asso-unil.ch\/caverne\/projets\/projets-2014-2015\/a-la-recherche-de-linvariant-tristan-s-et-sasha-h\/","title":{"rendered":"A la recherche de l&rsquo;invariant -Tristan S. et Sasha H."},"content":{"rendered":"<p style=\"text-align: justify\">Tristan et Sasha nous proposent un travail dont la th\u00e9matique se fonde sur la figure chr\u00e9tienne de Saint S\u00e9bastien.<br \/>\n\u00ab\u00a0<em>Pygmalion, M\u00e9duse ou Narcisse<\/em>\u00a0\u00bb une s\u00e9rie \u00e0 d\u00e9couvrir, ainsi qu&rsquo;une photo intitul\u00e9e \u00ab\u00a0<em>Vagina Dentata<\/em>\u00ab\u00a0<\/p>\n<p style=\"text-align: justify\">Photographie iconologique<\/p>\n","protected":false},"excerpt":{"rendered":"<p>Tristan et Sasha nous proposent un travail dont la th\u00e9matique se fonde sur la figure chr\u00e9tienne de Saint S\u00e9bastien. \u00ab\u00a0Pygmalion, M\u00e9duse ou Narcisse\u00a0\u00bb une s\u00e9rie \u00e0 d\u00e9couvrir, ainsi qu&rsquo;une photo [&hellip;]<\/p>\n","protected":false},"author":1001005,"featured_media":0,"parent":3721,"menu_order":0,"comment_status":"closed","ping_status":"closed","template":"","meta":{"_seopress_robots_primary_cat":"","_seopress_titles_title":"","_seopress_titles_desc":"","_seopress_robots_index":"","footnotes":""},"class_list":["post-3871","page","type-page","status-publish"],"_links":{"self":[{"href":"https:\/\/www.asso-unil.ch\/caverne\/wp-json\/wp\/v2\/pages\/3871","targetHints":{"allow":["GET"]}}],"collection":[{"href":"https:\/\/www.asso-unil.ch\/caverne\/wp-json\/wp\/v2\/pages"}],"about":[{"href":"https:\/\/www.asso-unil.ch\/caverne\/wp-json\/wp\/v2\/types\/page"}],"author":[{"embeddable":true,"href":"https:\/\/www.asso-unil.ch\/caverne\/wp-json\/wp\/v2\/users\/1001005"}],"replies":[{"embeddable":true,"href":"https:\/\/www.asso-unil.ch\/caverne\/wp-json\/wp\/v2\/comments?post=3871"}],"version-history":[{"count":0,"href":"https:\/\/www.asso-unil.ch\/caverne\/wp-json\/wp\/v2\/pages\/3871\/revisions"}],"up":[{"embeddable":true,"href":"https:\/\/www.asso-unil.ch\/caverne\/wp-json\/wp\/v2\/pages\/3721"}],"wp:attachment":[{"href":"https:\/\/www.asso-unil.ch\/caverne\/wp-json\/wp\/v2\/media?parent=3871"}],"curies":[{"name":"wp","href":"https:\/\/api.w.org\/{rel}","templated":true}]}}