{"id":3869,"date":"2015-05-23T16:06:47","date_gmt":"2015-05-23T14:06:47","guid":{"rendered":"http:\/\/www.asso-unil.ch\/caverne\/?page_id=3869"},"modified":"2015-05-26T12:24:24","modified_gmt":"2015-05-26T10:24:24","slug":"a-propos-stephanie-g","status":"publish","type":"page","link":"https:\/\/www.asso-unil.ch\/caverne\/projets\/projets-2014-2015\/a-propos-stephanie-g\/","title":{"rendered":"A-propos &#8211; St\u00e9phanie G."},"content":{"rendered":"<p style=\"text-align: justify\">Proposition d&rsquo;un propos que l&rsquo;on esp\u00e8re \u00e0-propos.<\/p>\n<p>Bande sonore<br \/>\nDur\u00e9e : 3&rsquo;48\u00a0\u00bb<\/p>\n","protected":false},"excerpt":{"rendered":"<p>Proposition d&rsquo;un propos que l&rsquo;on esp\u00e8re \u00e0-propos. Bande sonore Dur\u00e9e : 3&rsquo;48\u00a0\u00bb<\/p>\n","protected":false},"author":1001005,"featured_media":0,"parent":3721,"menu_order":0,"comment_status":"closed","ping_status":"closed","template":"","meta":{"_seopress_robots_primary_cat":"","_seopress_titles_title":"","_seopress_titles_desc":"","_seopress_robots_index":"","footnotes":""},"class_list":["post-3869","page","type-page","status-publish"],"_links":{"self":[{"href":"https:\/\/www.asso-unil.ch\/caverne\/wp-json\/wp\/v2\/pages\/3869","targetHints":{"allow":["GET"]}}],"collection":[{"href":"https:\/\/www.asso-unil.ch\/caverne\/wp-json\/wp\/v2\/pages"}],"about":[{"href":"https:\/\/www.asso-unil.ch\/caverne\/wp-json\/wp\/v2\/types\/page"}],"author":[{"embeddable":true,"href":"https:\/\/www.asso-unil.ch\/caverne\/wp-json\/wp\/v2\/users\/1001005"}],"replies":[{"embeddable":true,"href":"https:\/\/www.asso-unil.ch\/caverne\/wp-json\/wp\/v2\/comments?post=3869"}],"version-history":[{"count":0,"href":"https:\/\/www.asso-unil.ch\/caverne\/wp-json\/wp\/v2\/pages\/3869\/revisions"}],"up":[{"embeddable":true,"href":"https:\/\/www.asso-unil.ch\/caverne\/wp-json\/wp\/v2\/pages\/3721"}],"wp:attachment":[{"href":"https:\/\/www.asso-unil.ch\/caverne\/wp-json\/wp\/v2\/media?parent=3869"}],"curies":[{"name":"wp","href":"https:\/\/api.w.org\/{rel}","templated":true}]}}