{"id":3721,"date":"2015-03-30T17:50:18","date_gmt":"2015-03-30T15:50:18","guid":{"rendered":"http:\/\/www.asso-unil.ch\/caverne\/?page_id=3721"},"modified":"2018-01-23T14:24:25","modified_gmt":"2018-01-23T13:24:25","slug":"projets-2014-2015","status":"publish","type":"page","link":"https:\/\/www.asso-unil.ch\/caverne\/projets\/projets-2014-2015\/","title":{"rendered":"Projets 2014-2015"},"content":{"rendered":"<h6>Projets Pr\u00e9sent\u00e9s au F\u00e9cule 2015<\/h6>\n<p>JEUX<\/p>\n<ul>\n<li><a title=\"Apr\u00e8s-midi Jeux\" href=\"https:\/\/www.asso-unil.ch\/caverne\/theme_et_projet\/projets-2014-2015\/apres-midi-jeux\/\">L&rsquo;Assembl\u00e9e, Antoine Conforti<\/a><\/li>\n<li><a title=\"Apr\u00e8s-midi Jeux\" href=\"https:\/\/www.asso-unil.ch\/caverne\/theme_et_projet\/projets-2014-2015\/apres-midi-jeux\/\">Vagabondage imaginaire, Gr\u00e9gory Thonney<\/a><\/li>\n<\/ul>\n<p>MISE EN SCENE<\/p>\n<ul>\n<li><a title=\"S\u2019entrelacer \u2013 Julien Antoine Bovier\" href=\"https:\/\/www.asso-unil.ch\/caverne\/theme_et_projet\/projets-2014-2015\/sentrelacer-julien-antoine-bovier\/\">S&rsquo;entrelacer, Julien Antoine Bovier<\/a><\/li>\n<li><a title=\"Les f\u00e2cheux \u2013 Projet de Julien Bovier\" href=\"https:\/\/www.asso-unil.ch\/caverne\/theme_et_projet\/projets-2014-2015\/les-facheux-projet-de-julien-bovier\/\">Les f\u00e2cheux, Julien Antoine Bovier<\/a><\/li>\n<li><a title=\"Le journal intime de Don Juan \u2013 Isabelle Favez\" href=\"https:\/\/www.asso-unil.ch\/caverne\/theme_et_projet\/projets-2014-2015\/le-journal-intime-de-don-juan-isabelle-favez\/\">Le journal intime de Don Juan, Isabelle Favez<\/a><\/li>\n<\/ul>\n<p>MUSIQUE<\/p>\n<ul>\n<li><a title=\"Synergie Monadique du Lundi \u2013 Simon Monseu et J\u00e9r\u00e9mie Steiger\" href=\"https:\/\/www.asso-unil.ch\/caverne\/theme_et_projet\/projets-2014-2015\/synergie-monadique-du-lundi-simon-monseu-et-jeremie-steiger\/\">Synergie monadique du lundi, Simon Monseu et J\u00e9r\u00e9mie Steiger<\/a><\/li>\n<\/ul>\n<p>VIDEO<\/p>\n<ul>\n<li><a title=\"Portrait de la Jeune Fille en Danseuse \u2013 Nino Fournier\" href=\"https:\/\/www.asso-unil.ch\/caverne\/theme_et_projet\/projets-2014-2015\/portrait-de-la-jeune-fille-en-danseuse-nino-fournier\/\">La jeune fille en danseuse, Nino Fournier<\/a><\/li>\n<\/ul>\n<h6>Tous les projets sur le th\u00e8me Libert\u00e9 et Contraintes<\/h6>\n\n<!-- Page-list plugin v.5.9 wordpress.org\/plugins\/page-list\/ -->\n<ul class=\"page-list subpages-page-list \">\n<li class=\"page_item page-item-3871\"><a href=\"https:\/\/www.asso-unil.ch\/caverne\/projets\/projets-2014-2015\/a-la-recherche-de-linvariant-tristan-s-et-sasha-h\/\">A la recherche de l&rsquo;invariant -Tristan S. et Sasha H.<\/a><\/li>\n<li class=\"page_item page-item-3869\"><a href=\"https:\/\/www.asso-unil.ch\/caverne\/projets\/projets-2014-2015\/a-propos-stephanie-g\/\">A-propos &#8211; St\u00e9phanie G.<\/a><\/li>\n<li class=\"page_item page-item-3867\"><a href=\"https:\/\/www.asso-unil.ch\/caverne\/projets\/projets-2014-2015\/atelier-creation-rollistique-gregory-t\/\">Atelier cr\u00e9ation r\u00f4llistique<\/a><\/li>\n<li class=\"page_item page-item-3875\"><a href=\"https:\/\/www.asso-unil.ch\/caverne\/projets\/projets-2014-2015\/aux-confins-de-la-photographie-aude-l\/\">Aux confins de la photographie &#8211; Aude L.<\/a><\/li>\n<li class=\"page_item page-item-3571\"><a href=\"https:\/\/www.asso-unil.ch\/caverne\/projets\/projets-2014-2015\/le-journal-intime-de-don-juan-isabelle-favez\/\">Le journal intime de Don Juan &#8211; Isabelle Favez<\/a><\/li>\n<li class=\"page_item page-item-3556\"><a href=\"https:\/\/www.asso-unil.ch\/caverne\/projets\/projets-2014-2015\/les-facheux-projet-de-julien-bovier\/\">Les f\u00e2cheux &#8211; Projet de Julien Bovier<\/a><\/li>\n<li class=\"page_item page-item-3873\"><a href=\"https:\/\/www.asso-unil.ch\/caverne\/projets\/projets-2014-2015\/les-travailleurs-anonymes-nino-f\/\">Les travailleurs anonymes &#8211; Nino F.<\/a><\/li>\n<li class=\"page_item page-item-3564\"><a href=\"https:\/\/www.asso-unil.ch\/caverne\/projets\/projets-2014-2015\/portrait-de-la-jeune-fille-en-danseuse-nino-fournier\/\">Portrait de la Jeune Fille en Danseuse &#8211; Nino Fournier<\/a><\/li>\n<li class=\"page_item page-item-3560\"><a href=\"https:\/\/www.asso-unil.ch\/caverne\/projets\/projets-2014-2015\/sentrelacer-julien-antoine-bovier\/\">S&rsquo;entrelacer &#8211; Julien Antoine Bovier<\/a><\/li>\n<li class=\"page_item page-item-3575\"><a href=\"https:\/\/www.asso-unil.ch\/caverne\/projets\/projets-2014-2015\/synergie-monadique-du-lundi-simon-monseu-et-jeremie-steiger\/\">Synergie Monadique du Lundi &#8211; Simon Monseu et J\u00e9r\u00e9mie Steiger<\/a><\/li>\n<li class=\"page_item page-item-3878\"><a href=\"https:\/\/www.asso-unil.ch\/caverne\/projets\/projets-2014-2015\/voix-dans-lobscurite-alessio-v-f\/\">Voix dans l&rsquo;obscurit\u00e9 &#8211; Alessio V.,F.<\/a><\/li>\n\n<\/ul>\n<p>&nbsp;<\/p>\n","protected":false},"excerpt":{"rendered":"<p>Projets Pr\u00e9sent\u00e9s au F\u00e9cule 2015 JEUX L&rsquo;Assembl\u00e9e, Antoine Conforti Vagabondage imaginaire, Gr\u00e9gory Thonney MISE EN SCENE S&rsquo;entrelacer, Julien Antoine Bovier Les f\u00e2cheux, Julien Antoine Bovier Le journal intime de Don [&hellip;]<\/p>\n","protected":false},"author":1001005,"featured_media":0,"parent":4667,"menu_order":0,"comment_status":"closed","ping_status":"closed","template":"","meta":{"_seopress_robots_primary_cat":"","_seopress_titles_title":"","_seopress_titles_desc":"","_seopress_robots_index":"","footnotes":""},"class_list":["post-3721","page","type-page","status-publish"],"_links":{"self":[{"href":"https:\/\/www.asso-unil.ch\/caverne\/wp-json\/wp\/v2\/pages\/3721","targetHints":{"allow":["GET"]}}],"collection":[{"href":"https:\/\/www.asso-unil.ch\/caverne\/wp-json\/wp\/v2\/pages"}],"about":[{"href":"https:\/\/www.asso-unil.ch\/caverne\/wp-json\/wp\/v2\/types\/page"}],"author":[{"embeddable":true,"href":"https:\/\/www.asso-unil.ch\/caverne\/wp-json\/wp\/v2\/users\/1001005"}],"replies":[{"embeddable":true,"href":"https:\/\/www.asso-unil.ch\/caverne\/wp-json\/wp\/v2\/comments?post=3721"}],"version-history":[{"count":0,"href":"https:\/\/www.asso-unil.ch\/caverne\/wp-json\/wp\/v2\/pages\/3721\/revisions"}],"up":[{"embeddable":true,"href":"https:\/\/www.asso-unil.ch\/caverne\/wp-json\/wp\/v2\/pages\/4667"}],"wp:attachment":[{"href":"https:\/\/www.asso-unil.ch\/caverne\/wp-json\/wp\/v2\/media?parent=3721"}],"curies":[{"name":"wp","href":"https:\/\/api.w.org\/{rel}","templated":true}]}}