{"id":3632,"date":"2015-03-29T16:00:24","date_gmt":"2015-03-29T14:00:24","guid":{"rendered":"http:\/\/www.asso-unil.ch\/caverne\/?page_id=3632"},"modified":"2020-11-19T11:07:53","modified_gmt":"2020-11-19T10:07:53","slug":"programme-et-evenements","status":"publish","type":"page","link":"https:\/\/www.asso-unil.ch\/caverne\/banquets\/programme-et-evenements\/","title":{"rendered":"Programme et \u00e9v\u00e9nements"},"content":{"rendered":"<p>Tout au long de l&rsquo;ann\u00e9e, Les Ma\u00eetres de la Caverne organisent divers \u00e9v\u00e9nements (banquets, ateliers, rencontres, discussions, expositions&#8230;) dans le but d&rsquo;encourager les projets dans leur conception et leur r\u00e9ception. Vous trouverez ci-dessous le programme de l&rsquo;ann\u00e9e en cours et des liens renvoyant aux programmes des ann\u00e9es pr\u00e9c\u00e9dentes.<\/p>\n<p>Notez que le programme vit, change et se modifie au gr\u00e9 des envies, des rencontres et des besoins suscit\u00e9s par les divers projets.<\/p>\n<h6>Programme 2017-2018<\/h6>\n<p>Banquet :<\/p>\n<p>Le jeudi 3 d\u00e9cembre 2020 &#8211; en ligne!&nbsp;<\/p>\n<h6>Programme et \u00e9v\u00e9nements des ann\u00e9es pr\u00e9c\u00e9dentes<\/h6>\n<p><a href=\"https:\/\/www.asso-unil.ch\/caverne\/programme-et-evenements\/programme-2016-2017\/\">Programme 2016-2017<\/a> : Jouer le savoir<\/p>\n<p><a href=\"https:\/\/www.asso-unil.ch\/caverne\/programme-et-evenements\/programme-2015-2016\/\">Programme 2015-2016<\/a> : Le troisi\u00e8me \u00e9l\u00e9ment<\/p>\n<p><a href=\"https:\/\/www.asso-unil.ch\/caverne\/programme-et-evenements\/programme-2014-2015\/\">Programme 2014-2015<\/a> : Libert\u00e9 et Contraintes<\/p>\n<p><a title=\"Programme 2013-2014\" href=\"https:\/\/www.asso-unil.ch\/caverne\/programme-et-evenements\/programme\/\">Programme 2013-2014<\/a> : Col\u00e8re et D\u00e9sir<\/p>\n<p><a title=\"Programme 2012-2013\" href=\"https:\/\/www.asso-unil.ch\/caverne\/programme-et-evenements\/programme-2012-2013\/\">Programme 2012-2013<\/a> : Opsis<\/p>\n<p><a title=\"Programme 2011-2012\" href=\"https:\/\/www.asso-unil.ch\/caverne\/programme-et-evenements\/programme-2011-2012\/\">Programme 2011-2012<\/a> : Le Savant et la Soci\u00e9t\u00e9<\/p>\n","protected":false},"excerpt":{"rendered":"<p>Tout au long de l&rsquo;ann\u00e9e, Les Ma\u00eetres de la Caverne organisent divers \u00e9v\u00e9nements (banquets, ateliers, rencontres, discussions, expositions&#8230;) dans le but d&rsquo;encourager les projets dans leur conception et leur r\u00e9ception. [&hellip;]<\/p>\n","protected":false},"author":1001005,"featured_media":0,"parent":3214,"menu_order":0,"comment_status":"closed","ping_status":"closed","template":"","meta":{"_seopress_robots_primary_cat":"","_seopress_titles_title":"","_seopress_titles_desc":"","_seopress_robots_index":"","footnotes":""},"class_list":["post-3632","page","type-page","status-publish"],"_links":{"self":[{"href":"https:\/\/www.asso-unil.ch\/caverne\/wp-json\/wp\/v2\/pages\/3632","targetHints":{"allow":["GET"]}}],"collection":[{"href":"https:\/\/www.asso-unil.ch\/caverne\/wp-json\/wp\/v2\/pages"}],"about":[{"href":"https:\/\/www.asso-unil.ch\/caverne\/wp-json\/wp\/v2\/types\/page"}],"author":[{"embeddable":true,"href":"https:\/\/www.asso-unil.ch\/caverne\/wp-json\/wp\/v2\/users\/1001005"}],"replies":[{"embeddable":true,"href":"https:\/\/www.asso-unil.ch\/caverne\/wp-json\/wp\/v2\/comments?post=3632"}],"version-history":[{"count":0,"href":"https:\/\/www.asso-unil.ch\/caverne\/wp-json\/wp\/v2\/pages\/3632\/revisions"}],"up":[{"embeddable":true,"href":"https:\/\/www.asso-unil.ch\/caverne\/wp-json\/wp\/v2\/pages\/3214"}],"wp:attachment":[{"href":"https:\/\/www.asso-unil.ch\/caverne\/wp-json\/wp\/v2\/media?parent=3632"}],"curies":[{"name":"wp","href":"https:\/\/api.w.org\/{rel}","templated":true}]}}