{"id":3617,"date":"2015-03-23T09:45:37","date_gmt":"2015-03-23T08:45:37","guid":{"rendered":"http:\/\/www.asso-unil.ch\/caverne\/?page_id=3617"},"modified":"2015-03-23T09:45:37","modified_gmt":"2015-03-23T08:45:37","slug":"banquet-25-mars-2015","status":"publish","type":"page","link":"https:\/\/www.asso-unil.ch\/caverne\/banquets\/dates-des-banquets-2014-2015\/banquet-25-mars-2015\/","title":{"rendered":"Banquet 25 mars 2015"},"content":{"rendered":"<p>A partir de 18h30, au foyer de la Grange de Dorigny<\/p>\n<p>Au programme:<\/p>\n<p><em>D\u00e9rive<\/em>, lecture d&rsquo;Oskar<\/p>\n<p><em>Les F\u00e2cheux,<\/em> com\u00e9die de Moli\u00e8re, avec une mise en sc\u00e8ne originale de Julien<\/p>\n<p><em>Synergie Monadique du Lundi \u2013 rap, slam, po\u00e9sie no\u00e9tique, impro<\/em>, <em>danse<\/em> par Simon, J\u00e9r\u00e9mie et Claire.<\/p>\n","protected":false},"excerpt":{"rendered":"<p>A partir de 18h30, au foyer de la Grange de Dorigny Au programme: D\u00e9rive, lecture d&rsquo;Oskar Les F\u00e2cheux, com\u00e9die de Moli\u00e8re, avec une mise en sc\u00e8ne originale de Julien Synergie [&hellip;]<\/p>\n","protected":false},"author":1001005,"featured_media":0,"parent":3507,"menu_order":0,"comment_status":"open","ping_status":"open","template":"","meta":{"_seopress_robots_primary_cat":"","_seopress_titles_title":"","_seopress_titles_desc":"","_seopress_robots_index":"","footnotes":""},"class_list":["post-3617","page","type-page","status-publish"],"_links":{"self":[{"href":"https:\/\/www.asso-unil.ch\/caverne\/wp-json\/wp\/v2\/pages\/3617","targetHints":{"allow":["GET"]}}],"collection":[{"href":"https:\/\/www.asso-unil.ch\/caverne\/wp-json\/wp\/v2\/pages"}],"about":[{"href":"https:\/\/www.asso-unil.ch\/caverne\/wp-json\/wp\/v2\/types\/page"}],"author":[{"embeddable":true,"href":"https:\/\/www.asso-unil.ch\/caverne\/wp-json\/wp\/v2\/users\/1001005"}],"replies":[{"embeddable":true,"href":"https:\/\/www.asso-unil.ch\/caverne\/wp-json\/wp\/v2\/comments?post=3617"}],"version-history":[{"count":0,"href":"https:\/\/www.asso-unil.ch\/caverne\/wp-json\/wp\/v2\/pages\/3617\/revisions"}],"up":[{"embeddable":true,"href":"https:\/\/www.asso-unil.ch\/caverne\/wp-json\/wp\/v2\/pages\/3507"}],"wp:attachment":[{"href":"https:\/\/www.asso-unil.ch\/caverne\/wp-json\/wp\/v2\/media?parent=3617"}],"curies":[{"name":"wp","href":"https:\/\/api.w.org\/{rel}","templated":true}]}}