{"id":3610,"date":"2015-03-17T10:41:58","date_gmt":"2015-03-17T09:41:58","guid":{"rendered":"http:\/\/www.asso-unil.ch\/caverne\/?page_id=3610"},"modified":"2015-03-17T10:43:34","modified_gmt":"2015-03-17T09:43:34","slug":"banquet-18-fevrier-2015","status":"publish","type":"page","link":"https:\/\/www.asso-unil.ch\/caverne\/banquets\/dates-des-banquets-2014-2015\/banquet-18-fevrier-2015\/","title":{"rendered":"Banquet 18 f\u00e9vrier 2015"},"content":{"rendered":"<p style=\"text-align: justify\">Nous d\u00e9buterons ce premier banquet du semestre (SP15), par accueillir les \u00e9tudiants du S\u00e9minaire du mercredi (philosophie de la cr\u00e9ation artistique). Nous pourrons ainsi pr\u00e9senter les Ma\u00eetres de la Caverne et leurs activit\u00e9s, mais aussi faire la connaissance des nouveaux \u00e9tudiant-e-s et de leurs envies d&rsquo;expressions pour le futur. (18h-19h) Le reste de la soir\u00e9e sera consacr\u00e9 \u00e0 la pr\u00e9sentation de divers projets, au programme :<\/p>\n<p style=\"text-align: justify\">19h-20h00: \u00ab\u00a0Bienvenue \u00e0 Frieda\u00a0\u00bb, cr\u00e9ation et mise en sc\u00e8ne d&rsquo;Hector Kuenzi<\/p>\n<p>\u00ab\u00a0Com\u00e9die de science-fiction se d\u00e9roulant en l&rsquo;an 3048, trois ans apr\u00e8s la troisi\u00e8me Guerre Mondiale. Max et Engel, des\u00a0jeunes intellectuels de banlieue se rebellent contre leur soci\u00e9t\u00e9 dictatoriale Kontragnia. Expuls\u00e9s de celle-ci, ils se retrouveront sur Nomanslandia o\u00f9 ils d\u00e9couvriront alors ce qu&rsquo;ils recherchaient depuis toujours\u00a0\u00bb.<\/p>\n<p><span style=\"color: black;font-family: Calibri,Arial,Helvetica,sans-serif;font-size: medium\"><span dir=\"ltr\">20h00-21h00 Repas canadien <\/span><\/span><\/p>\n<p><span style=\"color: black;font-family: Calibri,Arial,Helvetica,sans-serif;font-size: medium\"><span dir=\"ltr\">21h00-21h30: Po\u00e9sie No\u00e9tique par Simon Monseu<\/span><\/span><\/p>\n<p><span style=\"color: black;font-family: Calibri,Arial,Helvetica,sans-serif;font-size: medium\"><span dir=\"ltr\">21h30-22h00 Jeux de R\u00f4le par Gr\u00e9gory Thonney<br \/>\n<\/span><\/span><\/p>\n","protected":false},"excerpt":{"rendered":"<p>Nous d\u00e9buterons ce premier banquet du semestre (SP15), par accueillir les \u00e9tudiants du S\u00e9minaire du mercredi (philosophie de la cr\u00e9ation artistique). Nous pourrons ainsi pr\u00e9senter les Ma\u00eetres de la Caverne [&hellip;]<\/p>\n","protected":false},"author":1001005,"featured_media":0,"parent":3507,"menu_order":0,"comment_status":"open","ping_status":"open","template":"","meta":{"_seopress_robots_primary_cat":"","_seopress_titles_title":"","_seopress_titles_desc":"","_seopress_robots_index":"","footnotes":""},"class_list":["post-3610","page","type-page","status-publish"],"_links":{"self":[{"href":"https:\/\/www.asso-unil.ch\/caverne\/wp-json\/wp\/v2\/pages\/3610","targetHints":{"allow":["GET"]}}],"collection":[{"href":"https:\/\/www.asso-unil.ch\/caverne\/wp-json\/wp\/v2\/pages"}],"about":[{"href":"https:\/\/www.asso-unil.ch\/caverne\/wp-json\/wp\/v2\/types\/page"}],"author":[{"embeddable":true,"href":"https:\/\/www.asso-unil.ch\/caverne\/wp-json\/wp\/v2\/users\/1001005"}],"replies":[{"embeddable":true,"href":"https:\/\/www.asso-unil.ch\/caverne\/wp-json\/wp\/v2\/comments?post=3610"}],"version-history":[{"count":0,"href":"https:\/\/www.asso-unil.ch\/caverne\/wp-json\/wp\/v2\/pages\/3610\/revisions"}],"up":[{"embeddable":true,"href":"https:\/\/www.asso-unil.ch\/caverne\/wp-json\/wp\/v2\/pages\/3507"}],"wp:attachment":[{"href":"https:\/\/www.asso-unil.ch\/caverne\/wp-json\/wp\/v2\/media?parent=3610"}],"curies":[{"name":"wp","href":"https:\/\/api.w.org\/{rel}","templated":true}]}}