{"id":3575,"date":"2015-03-03T21:14:10","date_gmt":"2015-03-03T20:14:10","guid":{"rendered":"http:\/\/www.asso-unil.ch\/caverne\/?page_id=3575"},"modified":"2015-03-30T19:18:09","modified_gmt":"2015-03-30T17:18:09","slug":"synergie-monadique-du-lundi-simon-monseu-et-jeremie-steiger","status":"publish","type":"page","link":"https:\/\/www.asso-unil.ch\/caverne\/projets\/projets-2014-2015\/synergie-monadique-du-lundi-simon-monseu-et-jeremie-steiger\/","title":{"rendered":"Synergie Monadique du Lundi &#8211; Simon Monseu et J\u00e9r\u00e9mie Steiger"},"content":{"rendered":"<p style=\"text-align: justify\">rap, slam, po\u00e9sie no\u00e9tique, impro<br \/>\nSimon Monseu (voix) &amp; J\u00e9r\u00e9mie Steiger (saxophone)<\/p>\n<p style=\"text-align: justify\">La pens\u00e9e dense entre son et sens<br \/>\nPour ces \u00e9tudiants en philosophie, il n\u2019y a pas de fronti\u00e8re nette entre la th\u00e9orie et la pratique, entre l\u2019intelligible et le sensible, le sens est le son. Simon Arthaud Monseu explore et parfois explose ses pens\u00e9es via des lectures, du slam et du rap, mais aussi \u00e0 travers ce qu\u2019il appelle la \u00ab\u00a0po\u00e9sie no\u00e9tique\u00a0\u00bb, un genre en construction qui cherche de nouveaux modes de (d\u00e9)voilement des savoirs. Le saxophoniste et bruitiste J\u00e9r\u00e9mie Steiger, quant \u00e0 lui, apparie l\u2019univers du discours scand\u00e9 \u00e0 celui, sien, de la m\u00e9lodie d\u00e9jouant les harmonies conventionnelles. De leur dialogue incongru et autistique r\u00e9sulte un drame polyphonique qui d\u00e9ploie r\u00e9ciproquement diff\u00e9rents registres de l\u2019existence.<\/p>\n","protected":false},"excerpt":{"rendered":"<p>rap, slam, po\u00e9sie no\u00e9tique, impro Simon Monseu (voix) &amp; J\u00e9r\u00e9mie Steiger (saxophone) La pens\u00e9e dense entre son et sens Pour ces \u00e9tudiants en philosophie, il n\u2019y a pas de fronti\u00e8re [&hellip;]<\/p>\n","protected":false},"author":1001005,"featured_media":0,"parent":3721,"menu_order":0,"comment_status":"open","ping_status":"closed","template":"","meta":{"_seopress_robots_primary_cat":"","_seopress_titles_title":"","_seopress_titles_desc":"","_seopress_robots_index":"","footnotes":""},"class_list":["post-3575","page","type-page","status-publish"],"_links":{"self":[{"href":"https:\/\/www.asso-unil.ch\/caverne\/wp-json\/wp\/v2\/pages\/3575","targetHints":{"allow":["GET"]}}],"collection":[{"href":"https:\/\/www.asso-unil.ch\/caverne\/wp-json\/wp\/v2\/pages"}],"about":[{"href":"https:\/\/www.asso-unil.ch\/caverne\/wp-json\/wp\/v2\/types\/page"}],"author":[{"embeddable":true,"href":"https:\/\/www.asso-unil.ch\/caverne\/wp-json\/wp\/v2\/users\/1001005"}],"replies":[{"embeddable":true,"href":"https:\/\/www.asso-unil.ch\/caverne\/wp-json\/wp\/v2\/comments?post=3575"}],"version-history":[{"count":0,"href":"https:\/\/www.asso-unil.ch\/caverne\/wp-json\/wp\/v2\/pages\/3575\/revisions"}],"up":[{"embeddable":true,"href":"https:\/\/www.asso-unil.ch\/caverne\/wp-json\/wp\/v2\/pages\/3721"}],"wp:attachment":[{"href":"https:\/\/www.asso-unil.ch\/caverne\/wp-json\/wp\/v2\/media?parent=3575"}],"curies":[{"name":"wp","href":"https:\/\/api.w.org\/{rel}","templated":true}]}}