{"id":3564,"date":"2015-03-03T21:05:56","date_gmt":"2015-03-03T20:05:56","guid":{"rendered":"http:\/\/www.asso-unil.ch\/caverne\/?page_id=3564"},"modified":"2015-03-30T18:01:10","modified_gmt":"2015-03-30T16:01:10","slug":"portrait-de-la-jeune-fille-en-danseuse-nino-fournier","status":"publish","type":"page","link":"https:\/\/www.asso-unil.ch\/caverne\/projets\/projets-2014-2015\/portrait-de-la-jeune-fille-en-danseuse-nino-fournier\/","title":{"rendered":"Portrait de la Jeune Fille en Danseuse &#8211; Nino Fournier"},"content":{"rendered":"<p style=\"text-align: justify\">Projection<br \/>\nDur\u00e9e 27 minutes<\/p>\n<p>R\u00e9alisation\u00a0: Nino Fournier<br \/>\nMusique\u00a0: Christian Giger<\/p>\n<p>Pour certains, c\u2019\u00e9tait un regard qui fit perdre l\u2019aim\u00e9e, c\u2019\u00e9tait un Orph\u00e9e h\u00e2tif de regarder. Ici, c\u2019est une belle qui de part sa ritournelle poussa Hippias \u00e0 l\u2019\u00e9cart de sa femme, le temps d\u2019une \u00ab\u00a0danse intime\u00a0\u00bb. Dans ce\u00a0found footage\u00a0de Nino Fournier \u2013 l\u00e0 o\u00f9 les bribes de film, les bouts de bobines et autres morceaux improbables disent ensemble ce que seuls ils ne pouvaient pas \u2013 la contrainte se voit abjur\u00e9e par le d\u00e9sir, la main qui se tend et qui se tourne avance en \u00e9quilibriste, sans savoir si l\u2019acte \u00e0 venir sera le sien ou celui du d\u00e9sir. Dans sa fa\u00e7on de ne jamais finir, la danseuse nous am\u00e8ne \u00e0 ce qu\u2019elle sait de mieux, un espace d\u2019intranquillit\u00e9\u00a0! Au fil des images et des fragments de textes, un espace est pr\u00e9sent pour que vous le sillonniez\u2026<br \/>\nAttention\u00a0! d\u00e9conseill\u00e9 aux personnes pr\u00e9dispos\u00e9es \u00e0 l\u2019\u00e9pilepsie.<\/p>\n","protected":false},"excerpt":{"rendered":"<p>Projection Dur\u00e9e 27 minutes R\u00e9alisation\u00a0: Nino Fournier Musique\u00a0: Christian Giger Pour certains, c\u2019\u00e9tait un regard qui fit perdre l\u2019aim\u00e9e, c\u2019\u00e9tait un Orph\u00e9e h\u00e2tif de regarder. Ici, c\u2019est une belle qui [&hellip;]<\/p>\n","protected":false},"author":1001005,"featured_media":0,"parent":3721,"menu_order":0,"comment_status":"open","ping_status":"closed","template":"","meta":{"_seopress_robots_primary_cat":"","_seopress_titles_title":"","_seopress_titles_desc":"","_seopress_robots_index":"","footnotes":""},"class_list":["post-3564","page","type-page","status-publish"],"_links":{"self":[{"href":"https:\/\/www.asso-unil.ch\/caverne\/wp-json\/wp\/v2\/pages\/3564","targetHints":{"allow":["GET"]}}],"collection":[{"href":"https:\/\/www.asso-unil.ch\/caverne\/wp-json\/wp\/v2\/pages"}],"about":[{"href":"https:\/\/www.asso-unil.ch\/caverne\/wp-json\/wp\/v2\/types\/page"}],"author":[{"embeddable":true,"href":"https:\/\/www.asso-unil.ch\/caverne\/wp-json\/wp\/v2\/users\/1001005"}],"replies":[{"embeddable":true,"href":"https:\/\/www.asso-unil.ch\/caverne\/wp-json\/wp\/v2\/comments?post=3564"}],"version-history":[{"count":0,"href":"https:\/\/www.asso-unil.ch\/caverne\/wp-json\/wp\/v2\/pages\/3564\/revisions"}],"up":[{"embeddable":true,"href":"https:\/\/www.asso-unil.ch\/caverne\/wp-json\/wp\/v2\/pages\/3721"}],"wp:attachment":[{"href":"https:\/\/www.asso-unil.ch\/caverne\/wp-json\/wp\/v2\/media?parent=3564"}],"curies":[{"name":"wp","href":"https:\/\/api.w.org\/{rel}","templated":true}]}}