{"id":3560,"date":"2015-03-03T21:03:31","date_gmt":"2015-03-03T20:03:31","guid":{"rendered":"http:\/\/www.asso-unil.ch\/caverne\/?page_id=3560"},"modified":"2015-03-30T18:02:47","modified_gmt":"2015-03-30T16:02:47","slug":"sentrelacer-julien-antoine-bovier","status":"publish","type":"page","link":"https:\/\/www.asso-unil.ch\/caverne\/projets\/projets-2014-2015\/sentrelacer-julien-antoine-bovier\/","title":{"rendered":"S&rsquo;entrelacer &#8211; Julien Antoine Bovier"},"content":{"rendered":"<p>Cr\u00e9ation autour de textes po\u00e9tiques<br \/>\n60 minutes<\/p>\n<p style=\"text-align: justify\">Com\u00e9diens : Julien Antoine Bovier &amp; \u2026<br \/>\nMise en sc\u00e8ne : Julien Antoine Bovier avec l&rsquo;aide de Charlotte Hebeisen<\/p>\n<p>De l\u2019observation de cellules \u00e0 celle des effets de la m\u00e9ditation, il est constant de penser l\u2019\u00e9change ainsi que le renouvellement sous le signe de la respiration. Mais dans la forte pr\u00e9sence de ce mot et des divers sens qui lui sont attribu\u00e9s, on oublie que la nettet\u00e9 feutre de la voix est un manifeste du corps qui, sans essouffler, fait perdre le souffle.<br \/>\nOffertes \u00e0 la respiration et d\u00e9nu\u00e9es de m\u00e9canique, deux voix s\u2019entrem\u00ealent au milieu de textes de Rimbaud, Val\u00e9ry, Gustave Roud, Artaud et bien d\u2019autres pour ne plus \u00eatre fig\u00e9es. Il est alors possible de sortir de la repr\u00e9sentation pour rendre aussit\u00f4t pr\u00e9sent ces \u00eatres qu\u2019on a laiss\u00e9 trop vite s\u2019effacer \u00e0 la fin d\u2019une page. Au sein de ces \u00e9chos de vie que la litt\u00e9rature nous a laiss\u00e9, nous pouvons retrouver ce qu\u2019un texte nous offre le plus, une fragilit\u00e9 vers laquelle le monde nous \u00e9conduit toujours et qui pourtant donne la fraicheur de nos vies et de nos rapports. Alors, les mots ne nous appartiennent plus, ils voguent entre les gorges et les corps,<br \/>\ndeviennent des gestes que nous \u00e9changeons : ils sont l\u2019\u00e9merveillement et la perte.<\/p>\n","protected":false},"excerpt":{"rendered":"<p>Cr\u00e9ation autour de textes po\u00e9tiques 60 minutes Com\u00e9diens : Julien Antoine Bovier &amp; \u2026 Mise en sc\u00e8ne : Julien Antoine Bovier avec l&rsquo;aide de Charlotte Hebeisen De l\u2019observation de cellules [&hellip;]<\/p>\n","protected":false},"author":1001005,"featured_media":0,"parent":3721,"menu_order":0,"comment_status":"open","ping_status":"closed","template":"","meta":{"_seopress_robots_primary_cat":"","_seopress_titles_title":"","_seopress_titles_desc":"","_seopress_robots_index":"","footnotes":""},"class_list":["post-3560","page","type-page","status-publish"],"_links":{"self":[{"href":"https:\/\/www.asso-unil.ch\/caverne\/wp-json\/wp\/v2\/pages\/3560","targetHints":{"allow":["GET"]}}],"collection":[{"href":"https:\/\/www.asso-unil.ch\/caverne\/wp-json\/wp\/v2\/pages"}],"about":[{"href":"https:\/\/www.asso-unil.ch\/caverne\/wp-json\/wp\/v2\/types\/page"}],"author":[{"embeddable":true,"href":"https:\/\/www.asso-unil.ch\/caverne\/wp-json\/wp\/v2\/users\/1001005"}],"replies":[{"embeddable":true,"href":"https:\/\/www.asso-unil.ch\/caverne\/wp-json\/wp\/v2\/comments?post=3560"}],"version-history":[{"count":0,"href":"https:\/\/www.asso-unil.ch\/caverne\/wp-json\/wp\/v2\/pages\/3560\/revisions"}],"up":[{"embeddable":true,"href":"https:\/\/www.asso-unil.ch\/caverne\/wp-json\/wp\/v2\/pages\/3721"}],"wp:attachment":[{"href":"https:\/\/www.asso-unil.ch\/caverne\/wp-json\/wp\/v2\/media?parent=3560"}],"curies":[{"name":"wp","href":"https:\/\/api.w.org\/{rel}","templated":true}]}}