{"id":3556,"date":"2015-03-03T21:00:26","date_gmt":"2015-03-03T20:00:26","guid":{"rendered":"http:\/\/www.asso-unil.ch\/caverne\/?page_id=3556"},"modified":"2015-09-08T20:31:44","modified_gmt":"2015-09-08T18:31:44","slug":"les-facheux-projet-de-julien-bovier","status":"publish","type":"page","link":"https:\/\/www.asso-unil.ch\/caverne\/projets\/projets-2014-2015\/les-facheux-projet-de-julien-bovier\/","title":{"rendered":"Les f\u00e2cheux &#8211; Projet de Julien Bovier"},"content":{"rendered":"<p style=\"text-align: justify\">Mise en sc\u00e8ne des <em>F\u00e2cheux<\/em> de Moli\u00e8re par Julien Antoine Bovier<\/p>\n<p style=\"text-align: justify\">On a beau aller et venir vers nos envies, il nous arrive toujours un retard, une rencontre ou encore un avenant qui nous en emp\u00eache. C\u2019est en tout cas ce qui arrive \u00e0 Eraste, une ribambelle de f\u00e2cheux de tout horizon qui le poussent \u00e0 bout et le freinent dans son attente amoureuse dont il est d\u00e9j\u00e0 fort tourment\u00e9. Qu\u2019ils soient belliqueux, inquiets, tremblants, impromptus ou encore des \u00ab\u00a0cons\u00a0\u00bb \u00e0 la mani\u00e8re d\u2019Audiard, les f\u00e2cheux de ce monde am\u00e8nent Eraste \u00e0 fuir vers ce qui chez Moli\u00e8re sera, un jour, un misanthrope.\u00a0 Alors, si comme Labiche on pense qu\u2019un \u00e9go\u00efste, c\u2019est \u00ab\u00a0quelqu\u2019un qui ne pense pas \u00e0 moi\u00a0\u00bb, on avouera qu\u2019un bout de F\u00e2cheux r\u00e9side en chacun de nous.<\/p>\n<p style=\"text-align: justify\">Avec: Delphine Klockner, Carole Lesigne, Margot Prod&rsquo;hom, Fabien Rochat, Yves Scheuner, Nicolas Huguenot, Elisa Besen\u00e7on, Caroline Batto\u00efa, Antoine Conforti et Michael Groneberg.<br \/>\nDur\u00e9e: 50 minutes<br \/>\nVendredi 24 avril, 18h30, F\u00e9cule, Grange Dorigny (Lausanne)<\/p>\n","protected":false},"excerpt":{"rendered":"<p>Mise en sc\u00e8ne des F\u00e2cheux de Moli\u00e8re par Julien Antoine Bovier On a beau aller et venir vers nos envies, il nous arrive toujours un retard, une rencontre ou encore [&hellip;]<\/p>\n","protected":false},"author":1001005,"featured_media":0,"parent":3721,"menu_order":0,"comment_status":"open","ping_status":"closed","template":"","meta":{"_seopress_robots_primary_cat":"","_seopress_titles_title":"","_seopress_titles_desc":"","_seopress_robots_index":"","footnotes":""},"class_list":["post-3556","page","type-page","status-publish"],"_links":{"self":[{"href":"https:\/\/www.asso-unil.ch\/caverne\/wp-json\/wp\/v2\/pages\/3556","targetHints":{"allow":["GET"]}}],"collection":[{"href":"https:\/\/www.asso-unil.ch\/caverne\/wp-json\/wp\/v2\/pages"}],"about":[{"href":"https:\/\/www.asso-unil.ch\/caverne\/wp-json\/wp\/v2\/types\/page"}],"author":[{"embeddable":true,"href":"https:\/\/www.asso-unil.ch\/caverne\/wp-json\/wp\/v2\/users\/1001005"}],"replies":[{"embeddable":true,"href":"https:\/\/www.asso-unil.ch\/caverne\/wp-json\/wp\/v2\/comments?post=3556"}],"version-history":[{"count":0,"href":"https:\/\/www.asso-unil.ch\/caverne\/wp-json\/wp\/v2\/pages\/3556\/revisions"}],"up":[{"embeddable":true,"href":"https:\/\/www.asso-unil.ch\/caverne\/wp-json\/wp\/v2\/pages\/3721"}],"wp:attachment":[{"href":"https:\/\/www.asso-unil.ch\/caverne\/wp-json\/wp\/v2\/media?parent=3556"}],"curies":[{"name":"wp","href":"https:\/\/api.w.org\/{rel}","templated":true}]}}