{"id":3550,"date":"2015-03-03T20:46:26","date_gmt":"2015-03-03T19:46:26","guid":{"rendered":"http:\/\/www.asso-unil.ch\/caverne\/?page_id=3550"},"modified":"2016-01-06T18:39:57","modified_gmt":"2016-01-06T17:39:57","slug":"programme-et-projets-fecules-2015","status":"publish","type":"page","link":"https:\/\/www.asso-unil.ch\/caverne\/fecule\/programme-et-projets-fecules-2015\/","title":{"rendered":"Programme et projets F\u00e9cules 2015"},"content":{"rendered":"<div class=\"entry-content cf\">Chaque ann\u00e9e, la saison professionnelle du Th\u00e9\u00e2tre de la Grange de Dorigny se termine par le festival des cultures universitaires:<strong> <a href=\"https:\/\/wp.unil.ch\/fecule\/\"><span style=\"font-size: large\">F\u00e9cule<\/span> <\/a><\/strong>mis en place par les Affaires culturelles de l&rsquo;UniL et plusieurs associations universitaires.<br \/>\nLes Ma\u00eetres de la Caverne sont heureux de participer, une nouvelle fois, \u00e0 ce festival et vous d\u00e9voilent les projets qui seront mis \u00e0 l&rsquo;honneur le 24-25 et 27 avril 2015:<\/div>\n<div class=\"entry-content cf\"><\/div>\n<h2 class=\"entry-content cf\" style=\"text-align: center\"><span style=\"color: #000000\"><strong>Les Ma\u00eetres de la Caverne pr\u00e9sent au F\u00e9cule 2015 :<\/strong><\/span><\/h2>\n<div class=\"entry-content cf\" style=\"text-align: center\"><span style=\"text-decoration: underline\"><strong>Vendredi 24 avril 2015<\/strong><\/span><br \/>\n<strong>17h30<\/strong> <em>Mise \u00e0 nu et mise en bouche<\/em><br \/>\nAccueil par Les Ma\u00eetres de la Caverne<\/div>\n<div class=\"entry-content cf\" style=\"text-align: center\"><strong>18h30<\/strong> :<a title=\"Les f\u00e2cheux \u2013 Projet de Julien Bovier\" href=\"https:\/\/www.asso-unil.ch\/caverne\/theme_et_projet\/projets-2014-2015\/les-facheux-projet-de-julien-bovier\/\"> <em>Les F\u00e2cheux<\/em><\/a><br \/>\nUn texte de Moli\u00e8re mis en sc\u00e8ne par Julien Antoine Bovier<br \/>\nAvec Yves Scheuner, Caroline Batto\u00efa, Antoine Conforti, Nicolas Huguenot, Delphine Klockner, Carole Lesigne, Margot Prod&rsquo;hom, Fabien Rochat Elisa Besen\u00e7on et Michael Groneberg<\/div>\n<div class=\"entry-content cf\" style=\"text-align: center\"><\/div>\n<div class=\"entry-content cf\" style=\"text-align: center\"><span style=\"text-decoration: underline\"><strong>Samedi 25 avril 2015<\/strong><\/span><br \/>\n<strong>15h00<\/strong> : <em><a title=\"Apr\u00e8s-midi Jeux\" href=\"https:\/\/www.asso-unil.ch\/caverne\/theme_et_projet\/projets-2014-2015\/apres-midi-jeux\/\">Apr\u00e8s-midi jeux<\/a><br \/>\n<\/em><em>L&rsquo;Assembl\u00e9e, <\/em>Antoine conforti<br \/>\n<em>Vagabondage imaginaire, <\/em>Gr\u00e9gory Thonney<\/div>\n<div class=\"entry-content cf\" style=\"text-align: center\"><\/div>\n<p style=\"text-align: center\"><strong>17h30<\/strong> : <a href=\"https:\/\/www.asso-unil.ch\/caverne\/theme_et_projet\/projets-2014-2015\/portrait-de-la-jeune-fille-en-danseuse-nino-fournier\/\"><em>Portrait d&rsquo;une jeune fille en danseuse<\/em><\/a><br \/>\nR\u00e9alisation vid\u00e9o \u00ab\u00a0found footage\u00a0\u00bb\u00a0 de Nino Frounier, musique de Christian Giger<\/p>\n<div class=\"entry-content cf\" style=\"text-align: center\"><strong>19h00:<\/strong> <a title=\"Le journal intime de Don Juan \u2013 Isabelle Favez\" href=\"https:\/\/www.asso-unil.ch\/caverne\/theme_et_projet\/projets-2014-2015\/le-journal-intime-de-don-juan-isabelle-favez\/\"><em>Le journal intime de Don Juan<\/em><\/a><br \/>\nMise en sc\u00e8ne d&rsquo;Isabelle Favez-Barbone d&rsquo;un texte d&rsquo;Andr\u00e9 G\u00e9rard<br \/>\nAvec: Xavier Balli, Michael Groneberg et Gr\u00e9gory Thonney<br \/>\nTechnique : Viviane Muster<\/div>\n<div class=\"entry-content cf\" style=\"text-align: center\"><strong><br \/>\n20h30<\/strong>: <em><a title=\"S\u2019entrelacer \u2013 Julien Antoine Bovier\" href=\"https:\/\/www.asso-unil.ch\/caverne\/theme_et_projet\/projets-2014-2015\/sentrelacer-julien-antoine-bovier\/\">S&rsquo;entrelacer<\/a><br \/>\n<\/em>Mise en sc\u00e8ne du souffle, de la voix et du geste par et avec Julien Antoine Bovier et une invit\u00e9e<\/div>\n<div class=\"entry-content cf\" style=\"text-align: center\"><\/div>\n<div class=\"entry-content cf\" style=\"text-align: center\"><span style=\"text-decoration: underline\"><strong>Lundi 27 avril 2015<\/strong><\/span><\/div>\n<div class=\"entry-content cf\" style=\"text-align: center\"><strong>18h00 :<\/strong> <em><a title=\"Synergie Monadique du Lundi \u2013 Simon Monseu et J\u00e9r\u00e9mie Steiger\" href=\"https:\/\/www.asso-unil.ch\/caverne\/theme_et_projet\/projets-2014-2015\/synergie-monadique-du-lundi-simon-monseu-et-jeremie-steiger\/\">Synergie monadique du lundi<\/a><br \/>\n<\/em>Slam, danse, po\u00e9sie no\u00e9tique, un projet de Simon Monseu et J\u00e9r\u00e9mie Steiger<\/div>\n<div class=\"entry-content cf\" style=\"text-align: center\"><\/div>\n<div class=\"entry-content cf\" style=\"text-align: left\"><span style=\"text-decoration: underline\"><strong>R\u00e9servations<\/strong><\/span><\/div>\n<div class=\"entry-content cf\" style=\"text-align: left\">Pour r\u00e9server vos places,<a href=\"https:\/\/wp.unil.ch\/fecule\/reservations\/\"> c&rsquo;est ici, sur le site du F\u00e9cule<\/a>. Il suffira, ensuite, de retirer vos billets le soir m\u00eame au Th\u00e9\u00e2tre de la Grange de Dorigny, une fois la confirmation automatique re\u00e7ue.<br \/>\nSi vous d\u00e9sirez r\u00e9server pour plusieurs \u00e9v\u00e9nements, il faut, pour chaque \u00e9v\u00e9nement, r\u00e9p\u00e9ter l&rsquo;op\u00e9ration.<\/div>\n","protected":false},"excerpt":{"rendered":"<p>Chaque ann\u00e9e, la saison professionnelle du Th\u00e9\u00e2tre de la Grange de Dorigny se termine par le festival des cultures universitaires: F\u00e9cule mis en place par les Affaires culturelles de l&rsquo;UniL [&hellip;]<\/p>\n","protected":false},"author":1001005,"featured_media":0,"parent":3541,"menu_order":0,"comment_status":"open","ping_status":"closed","template":"","meta":{"_seopress_robots_primary_cat":"","_seopress_titles_title":"","_seopress_titles_desc":"","_seopress_robots_index":"","footnotes":""},"class_list":["post-3550","page","type-page","status-publish"],"_links":{"self":[{"href":"https:\/\/www.asso-unil.ch\/caverne\/wp-json\/wp\/v2\/pages\/3550","targetHints":{"allow":["GET"]}}],"collection":[{"href":"https:\/\/www.asso-unil.ch\/caverne\/wp-json\/wp\/v2\/pages"}],"about":[{"href":"https:\/\/www.asso-unil.ch\/caverne\/wp-json\/wp\/v2\/types\/page"}],"author":[{"embeddable":true,"href":"https:\/\/www.asso-unil.ch\/caverne\/wp-json\/wp\/v2\/users\/1001005"}],"replies":[{"embeddable":true,"href":"https:\/\/www.asso-unil.ch\/caverne\/wp-json\/wp\/v2\/comments?post=3550"}],"version-history":[{"count":0,"href":"https:\/\/www.asso-unil.ch\/caverne\/wp-json\/wp\/v2\/pages\/3550\/revisions"}],"up":[{"embeddable":true,"href":"https:\/\/www.asso-unil.ch\/caverne\/wp-json\/wp\/v2\/pages\/3541"}],"wp:attachment":[{"href":"https:\/\/www.asso-unil.ch\/caverne\/wp-json\/wp\/v2\/media?parent=3550"}],"curies":[{"name":"wp","href":"https:\/\/api.w.org\/{rel}","templated":true}]}}